{"id":13217,"date":"2026-01-23T12:49:52","date_gmt":"2026-01-23T17:49:52","guid":{"rendered":"https:\/\/incp.org.co\/ContArte\/empowerwp-pro\/"},"modified":"2026-05-04T10:07:20","modified_gmt":"2026-05-04T15:07:20","slug":"empowerwp-pro","status":"publish","type":"page","link":"https:\/\/incp.org.co\/ContArte\/","title":{"rendered":"Front Page"},"content":{"rendered":"<div data-label=\"Destacados\" data-id=\"latest_news--1\" data-export-id=\"blog-section-card\" data-category=\"latest_news\" class=\"blog-section content-section content-section-spacing\" id=\"destacados\"  style=\"background-color: rgb(245, 250, 253);\"><div class=\"gridContainer\" > <div class=\"row\" ><div data-type=\"column\" class=\"section-title-col\" > <h2 class=\"\" >Destacados<\/h2> <\/div> <\/div> <div class=\"row\" > <div data-type=\"row\" data-dynamic-columns=\"handled\" data-content-shortcode=\"mesmerize_latest_news item_class=&quot;card no-padding&quot;\" >\t\t<div class=\"row center-sm content-left-sm\">\n\t\t\t\t\t<div id=\"post-14829\" class=\"col-sm-6 col-md-4 space-bottom space-bottom-xs\">\n\t\t\t\t<div class=\"post-content card no-padding\">\n\t\t\t\t\t<div class=\"post-thumbnail\">\n   <a href=\"https:\/\/incp.org.co\/ContArte\/sin-categoria\/2026\/05\/que-son-las-big-tech\/\" class=\"post-list-item-thumb \">\n      <img loading=\"lazy\" decoding=\"async\" width=\"800\" height=\"445\" src=\"https:\/\/incp.org.co\/ContArte\/wp-content\/uploads\/2026\/05\/Principal_800x445-1.jpg\" class=\"attachment-post-thumbnail size-post-thumbnail wp-post-image\" alt=\"\" srcset=\"https:\/\/incp.org.co\/ContArte\/wp-content\/uploads\/2026\/05\/Principal_800x445-1.jpg 800w, https:\/\/incp.org.co\/ContArte\/wp-content\/uploads\/2026\/05\/Principal_800x445-1-300x167.jpg 300w, https:\/\/incp.org.co\/ContArte\/wp-content\/uploads\/2026\/05\/Principal_800x445-1-768x427.jpg 768w\" sizes=\"auto, (max-width: 800px) 100vw, 800px\" \/>   <\/a>\n<\/div>\n\t\t\t\t\t<div class=\"col-padding col-padding-xs\">\n\t\t\t\t\t\t<h3 class=\"post-title space-bottom-small\">\n\t\t\t\t\t\t\t<a href=\"https:\/\/incp.org.co\/ContArte\/sin-categoria\/2026\/05\/que-son-las-big-tech\/\" rel=\"bookmark\">\n\t\t\t\t\t\t\t\t\u00bfQu\u00e9 son las Big Tech?\t\t\t\t\t\t\t<\/a>\n\t\t\t\t\t\t<\/h3>\n\t\t\t\t\t\t<p>Las Big Tech est\u00e1n detr\u00e1s de muchas herramientas digitales que usan las empresas para gestionar informaci\u00f3n, automatizar procesos y tomar decisiones. Por eso, entender su impacto tambi\u00e9n es clave para los contadores p\u00fablicos.<\/p>\n\t\t\t\t\t\t<a class=\"read-more link\" href=\"https:\/\/incp.org.co\/ContArte\/sin-categoria\/2026\/05\/que-son-las-big-tech\/\">\n\t\t\t\t\t\t\tRead more\t\t\t\t\t\t<\/a>\n\t\t\t\t\t<\/div>\n\t\t\t\t<\/div>\n\t\t\t<\/div>\n\t\t\t\t\t\t<div id=\"post-14801\" class=\"col-sm-6 col-md-4 space-bottom space-bottom-xs\">\n\t\t\t\t<div class=\"post-content card no-padding\">\n\t\t\t\t\t<div class=\"post-thumbnail\">\n   <a href=\"https:\/\/incp.org.co\/ContArte\/sin-categoria\/2026\/05\/la-reforma-laboral-de-2025-amplio-las-licencias-remuneradas-para-los-trabajadores-en-colombia\/\" class=\"post-list-item-thumb \">\n      <img loading=\"lazy\" decoding=\"async\" width=\"800\" height=\"445\" src=\"https:\/\/incp.org.co\/ContArte\/wp-content\/uploads\/2026\/05\/Principal_800x445.jpg\" class=\"attachment-post-thumbnail size-post-thumbnail wp-post-image\" alt=\"\" srcset=\"https:\/\/incp.org.co\/ContArte\/wp-content\/uploads\/2026\/05\/Principal_800x445.jpg 800w, https:\/\/incp.org.co\/ContArte\/wp-content\/uploads\/2026\/05\/Principal_800x445-300x167.jpg 300w, https:\/\/incp.org.co\/ContArte\/wp-content\/uploads\/2026\/05\/Principal_800x445-768x427.jpg 768w\" sizes=\"auto, (max-width: 800px) 100vw, 800px\" \/>   <\/a>\n<\/div>\n\t\t\t\t\t<div class=\"col-padding col-padding-xs\">\n\t\t\t\t\t\t<h3 class=\"post-title space-bottom-small\">\n\t\t\t\t\t\t\t<a href=\"https:\/\/incp.org.co\/ContArte\/sin-categoria\/2026\/05\/la-reforma-laboral-de-2025-amplio-las-licencias-remuneradas-para-los-trabajadores-en-colombia\/\" rel=\"bookmark\">\n\t\t\t\t\t\t\t\tLa reforma laboral de 2025 ampli\u00f3 las licencias remuneradas para los trabajadores en Colombia\t\t\t\t\t\t\t<\/a>\n\t\t\t\t\t\t<\/h3>\n\t\t\t\t\t\t<p>\u00bfLe ha tocado reponer tiempo en el trabajo para asistir a una cita m\u00e9dica?<br \/>\nCon la reforma laboral de 2025, los trabajadores cuentan con licencias remuneradas para atender citas m\u00e9dicas, obligaciones escolares y citaciones judiciales, administrativas o legales.<br \/>\nConozca cu\u00e1ndo son procedentes estos permisos y las condiciones que deben cumplirse.<\/p>\n\t\t\t\t\t\t<a class=\"read-more link\" href=\"https:\/\/incp.org.co\/ContArte\/sin-categoria\/2026\/05\/la-reforma-laboral-de-2025-amplio-las-licencias-remuneradas-para-los-trabajadores-en-colombia\/\">\n\t\t\t\t\t\t\tRead more\t\t\t\t\t\t<\/a>\n\t\t\t\t\t<\/div>\n\t\t\t\t<\/div>\n\t\t\t<\/div>\n\t\t\t\t\t\t<div id=\"post-14632\" class=\"col-sm-6 col-md-4 space-bottom space-bottom-xs\">\n\t\t\t\t<div class=\"post-content card no-padding\">\n\t\t\t\t\t<div class=\"post-thumbnail\">\n   <a href=\"https:\/\/incp.org.co\/ContArte\/contenidos\/tecnologia-e-innovacion\/2026\/04\/america-latina-podria-cerrar-sus-brechas-historicas-de-productividad-y-competitividad-con-ia\/\" class=\"post-list-item-thumb \">\n      <img loading=\"lazy\" decoding=\"async\" width=\"800\" height=\"445\" src=\"https:\/\/incp.org.co\/ContArte\/wp-content\/uploads\/2026\/04\/Contenido-principal-2-Recuperado.png\" class=\"attachment-post-thumbnail size-post-thumbnail wp-post-image\" alt=\"\" srcset=\"https:\/\/incp.org.co\/ContArte\/wp-content\/uploads\/2026\/04\/Contenido-principal-2-Recuperado.png 800w, https:\/\/incp.org.co\/ContArte\/wp-content\/uploads\/2026\/04\/Contenido-principal-2-Recuperado-300x167.png 300w, https:\/\/incp.org.co\/ContArte\/wp-content\/uploads\/2026\/04\/Contenido-principal-2-Recuperado-768x427.png 768w\" sizes=\"auto, (max-width: 800px) 100vw, 800px\" \/>   <\/a>\n<\/div>\n\t\t\t\t\t<div class=\"col-padding col-padding-xs\">\n\t\t\t\t\t\t<h3 class=\"post-title space-bottom-small\">\n\t\t\t\t\t\t\t<a href=\"https:\/\/incp.org.co\/ContArte\/contenidos\/tecnologia-e-innovacion\/2026\/04\/america-latina-podria-cerrar-sus-brechas-historicas-de-productividad-y-competitividad-con-ia\/\" rel=\"bookmark\">\n\t\t\t\t\t\t\t\tAm\u00e9rica Latina podr\u00eda cerrar sus brechas hist\u00f3ricas de productividad y competitividad con IA\t\t\t\t\t\t\t<\/a>\n\t\t\t\t\t\t<\/h3>\n\t\t\t\t\t\t<p>Ante el estancamiento hist\u00f3rico de la productividad y el avance del envejecimiento poblacional, la inteligencia artificial surge como una oportunidad decisiva para que Am\u00e9rica Latina transforme su modelo econ\u00f3mico, cierre brechas de competitividad y genere mayor valor a partir del conocimiento, los datos y la eficiencia.<\/p>\n\t\t\t\t\t\t<a class=\"read-more link\" href=\"https:\/\/incp.org.co\/ContArte\/contenidos\/tecnologia-e-innovacion\/2026\/04\/america-latina-podria-cerrar-sus-brechas-historicas-de-productividad-y-competitividad-con-ia\/\">\n\t\t\t\t\t\t\tRead more\t\t\t\t\t\t<\/a>\n\t\t\t\t\t<\/div>\n\t\t\t\t<\/div>\n\t\t\t<\/div>\n\t\t\t\t<\/div>\n\t<\/div><\/div> <div class=\"row\" ><div class=\"text-center\" > <a class=\"button color1\" data-attr-shortcode=\"href:mesmerize_blog_link\" href=\"https:\/\/incp.org.co\/ContArte\/blog\/\"  data-icon=\"\">Ver todos los contenidos<\/a><\/div> <\/div><\/div><\/div><div  data-label=\"Publicaciones exclusivas del INCP\" data-id=\"features--2\" data-export-id=\"features-16\" data-category=\"features\" class=\"features-16 content-section content-section-spacing content-relative\" id=\"publicaciones-exclusivas-del-incp\" style=\"background-color: rgb(245, 250, 253);\"><div  class=\"gridContainer\"><div  data-section-title-area=\"true\" class=\"row text-center\">   <div  class=\"section-title-col\" data-type=\"column\">       <h2  class=\"\">Publicaciones exclusivas del INCP<\/h2>          <\/div><\/div>  <div  class=\"row spaced-cols\" data-type=\"row\"> <div  class=\"col-xs-12 col-sm-6 col-md-4 space-bottom\"> <img  decoding=\"async\" class=\"face\" src=\"https:\/\/incp.org.co\/ContArte\/wp-content\/uploads\/2026\/04\/c73f9231-098b-40c5-b000-df09e9b888a8.png\" title=\"c73f9231-098b-40c5-b000-df09e9b888a8\" alt=\"\"> <div  data-type=\"column\" class=\"col-padding-small col-padding-small-xs description-container\">  <p  class=\"\">Revista El Contador P\u00fablico<\/p> <a  class=\"read-more\" href=\"https:\/\/incp.org.co\/revista-el-contador-publico\" target=\"_self\" data-cp-link=\"1\">Leer m\u00e1s<\/a><\/div> <\/div> <div  class=\"col-xs-12 col-sm-6 col-md-4 space-bottom\"> <img  decoding=\"async\" class=\"face\" src=\"https:\/\/incp.org.co\/ContArte\/wp-content\/uploads\/2026\/04\/Mesa-de-trabajo-1@2x-100-1.jpg\" title=\"Mesa-de-trabajo-1@2x-100-1\" alt=\"\"> <div  data-type=\"column\" class=\"col-padding-small col-padding-small-xs description-container\">  <p  class=\"\">Bolet\u00edn<\/p> <a  class=\"read-more\" href=\"https:\/\/incp.org.co\/publicaciones\/boletin-virtual\/historial-de-boletines\/2026\/04\/boletin-no-230\" target=\"_self\" data-cp-link=\"1\">Leer m\u00e1s<\/a><\/div> <\/div> <div  class=\"col-xs-12 col-sm-6 col-md-4 space-bottom\"> <img  decoding=\"async\" class=\"face\" src=\"https:\/\/incp.org.co\/ContArte\/wp-content\/uploads\/2026\/02\/6.jpg\" title=\"6\" alt=\"\"> <div  data-type=\"column\" class=\"col-padding-small col-padding-small-xs description-container\">  <p  class=\"\">Agenda Tributaria INCP<\/p> <a  class=\"read-more\" href=\"https:\/\/incp.org.co\/agendatributariaincp\" target=\"_self\" data-cp-link=\"1\">Leer m\u00e1s<\/a><\/div> <\/div><\/div> <\/div><\/div><div  data-label=\"Footer\" data-id=\"features--1\" data-export-id=\"features-6\" data-category=\"features\" class=\"features-6 content-section-spacing\" id=\"footer\" style=\"background-color: rgb(255, 255, 255);\"><div  class=\"\">  <div  data-type=\"row\" class=\"row space-bottom\"> <div  class=\"col-xs-12 col-sm-4 col-padding-small-xs col-md-12 \"> <div  class=\"row\"> <div  class=\"col-xs-fit\"> <p  class=\"oval color2\">1<\/p><\/div> <div  class=\"col-xs left-text\" data-type=\"column\"> <\/div> <\/div><\/div>   <\/div> <div  class=\"row\"> <div  data-type=\"column\" class=\"col-xs-12 text-center\"><div  data-editable=\"true\" data-name=\"ope-widgets-area\" data-content-shortcode=\"mesmerize_display_widgets_area id=&quot;mesmerize_users_custom_widgets_areas_0&quot; \" class=\"\"><div data-name=\"mesmerize-widgets-area\"><div id=\"block-7\" class=\"widget widget_block\"><div class=\"container\">\n    <div class=\"widget-container\">\n        <div class=\"widget\">\n            <div class=\"three-columns\">\n                <!-- Columna 1: Informaci\u00f3n -->\n                <div class=\"column\">\n                    <p class=\"subsite-text\">Este es un subsitio del Instituto Nacional de Contadores P\u00fablicos<\/p>\n                    <div class=\"contact-info\">\n                        <h4>Cont\u00e1ctanos<\/h4>\n                        <p>Cra 7 156-68 Ofc. 1703<\/p>\n                        <p>(601) 755 1919<\/p>\n                        <p>incpcol@incp.org.co<\/p>\n                        <p><a href=\"https:\/\/www.incp.org.co\" target=\"_blank\">https:\/\/www.incp.org.co<\/a><\/p>\n                    <\/div>\n                <\/div>\n                \n                <!-- Columna 2: Logo -->\n                <div class=\"column\">\n                    <div class=\"rights-info\">\n                        <a href=\"https:\/\/incp.org.co\/\">\n                            <img decoding=\"async\" src=\"https:\/\/incp.org.co\/ContArte\/wp-content\/uploads\/2026\/02\/cropped-Contarte-INCP-TOP.png\" alt=\"INCP Logo\"\/>\n                        <\/a>\n                    <\/div>\n                <\/div>\n                \n                <!-- Columna 3: Redes Sociales -->\n                <div class=\"column\">\n                    <h3 class=\"social-title\">S\u00edguenos en nuestras redes<\/h3>\n                    <div class=\"social-icons\">\n                        <!-- Facebook -->\n                        <a href=\"https:\/\/www.facebook.com\/incpcol\/\" target=\"_blank\" class=\"social-icon facebook\">\n                            <img decoding=\"async\" src=\"https:\/\/incp.org.co\/ContArte\/wp-content\/uploads\/2026\/02\/Facebook-removebg-preview.png\" alt=\"Facebook\">\n                            <span class=\"tooltip\">Facebook<\/span>\n                        <\/a>\n                        \n                        <!-- Twitter\/X -->\n                        <a href=\"https:\/\/x.com\/incpcol\" target=\"_blank\" class=\"social-icon twitter\">\n                            <img decoding=\"async\" src=\"https:\/\/incp.org.co\/ContArte\/wp-content\/uploads\/2026\/02\/Twitter.png\" alt=\"Twitter\/X\">\n                            <span class=\"tooltip\">Twitter\/X<\/span>\n                        <\/a>\n                        \n                        <!-- Instagram -->\n                        <a href=\"https:\/\/www.instagram.com\/incpcol\/\" target=\"_blank\" class=\"social-icon instagram\">\n                            <img decoding=\"async\" src=\"https:\/\/incp.org.co\/ContArte\/wp-content\/uploads\/2026\/02\/Instagram-removebg-preview.png\" alt=\"Instagram\">\n                            <span class=\"tooltip\">Instagram<\/span>\n                        <\/a>\n                        \n                        <!-- LinkedIn -->\n                        <a href=\"https:\/\/www.linkedin.com\/company\/instituto-nacional-de-contadores-p%C3%BAblicos\/\" target=\"_blank\" class=\"social-icon linkedin\">\n                            <img decoding=\"async\" src=\"https:\/\/incp.org.co\/ContArte\/wp-content\/uploads\/2026\/02\/Linkedin.png\" alt=\"LinkedIn\">\n                            <span class=\"tooltip\">LinkedIn<\/span>\n                        <\/a>\n                        \n                        <!-- YouTube -->\n                        <a href=\"https:\/\/www.youtube.com\/@incpcol\" target=\"_blank\" class=\"social-icon youtube\">\n                            <img decoding=\"async\" src=\"https:\/\/incp.org.co\/ContArte\/wp-content\/uploads\/2026\/02\/Youtube-removebg-preview.png\" alt=\"YouTube\">\n                            <span class=\"tooltip\">YouTube<\/span>\n                        <\/a>\n                    <\/div>\n                <\/div>\n            <\/div>\n        <\/div>\n    <\/div>\n<\/div>\n\n<style>\n    .container {\n        width: 100%;\n        max-width: 1300px;\n        margin: 0 auto;\n        padding: 20px;\n        box-sizing: border-box;\n    }\n    \n    .widget-container {\n        display: flex;\n        justify-content: center;\n    }\n    \n    .widget {\n        background-color: white;\n        border-radius: 20px;\n        box-shadow: 0 15px 30px rgba(0, 0, 0, 0.1);\n        padding: 30px;\n        width: 100%;\n        border: 1px solid #e0e0e0;\n        box-sizing: border-box;\n    }\n    \n    .three-columns {\n        display: flex;\n        gap: 40px;\n        align-items: flex-start;\n    }\n    \n    .column {\n        flex: 1;\n        display: flex;\n        flex-direction: column;\n    }\n    \n    .subsite-text {\n        color: #2c3e50;\n        font-size: 16px;\n        margin-bottom: 25px;\n        font-weight: 600;\n        line-height: 1.4;\n    }\n    \n    .contact-info h4 {\n        color: #2c3e50;\n        font-size: 16px;\n        margin-bottom: 15px;\n        font-weight: 600;\n    }\n    \n    .contact-info p {\n        color: #555;\n        margin-bottom: 8px;\n        font-size: 14px;\n        line-height: 1.4;\n    }\n    \n    .contact-info a {\n        color: #1877f2;\n        text-decoration: none;\n        word-break: break-all;\n    }\n    \n    .contact-info a:hover {\n        text-decoration: underline;\n    }\n    \n    .rights-info {\n        text-align: center;\n        display: flex;\n        justify-content: center;\n        align-items: center;\n        height: 100%;\n    }\n    \n    .rights-info a {\n        display: inline-block;\n    }\n    \n    .rights-info img {\n        max-width: 100%;\n        height: auto;\n        max-height: 150px;\n        width: auto;\n    }\n    \n    .social-title {\n        color: #2c3e50;\n        font-size: 16px;\n        margin-bottom: 20px;\n        font-weight: 600;\n        text-align: center;\n    }\n    \n    .social-icons {\n        display: flex;\n        flex-wrap: wrap;\n        gap: 12px;\n        justify-content: center;\n    }\n    \n    .social-icon {\n        width: 48px;\n        height: 48px;\n        border-radius: 50%;\n        display: flex;\n        align-items: center;\n        justify-content: center;\n        position: relative;\n        overflow: hidden;\n        transition: all 0.3s ease;\n        box-shadow: 0 3px 10px rgba(0, 0, 0, 0.1);\n    }\n    \n    .social-icon img {\n        width: 24px;\n        height: 24px;\n        object-fit: contain;\n        transition: transform 0.3s ease;\n        z-index: 2;\n        position: relative;\n        \/* Quit\u00e9 el filtro que convert\u00eda los logos a blanco *\/\n    }\n    \n    .social-icon .tooltip {\n        position: absolute;\n        bottom: -40px;\n        background-color: rgba(0, 0, 0, 0.8);\n        color: white;\n        padding: 5px 10px;\n        border-radius: 5px;\n        font-size: 11px;\n        opacity: 0;\n        transition: all 0.3s ease;\n        white-space: nowrap;\n        z-index: 3;\n    }\n    \n    .social-icon:hover .tooltip {\n        opacity: 1;\n        bottom: -35px;\n    }\n    \n    .social-icon:hover img {\n        transform: scale(1.1);\n    }\n    \n    .facebook {\n        background: linear-gradient(45deg, #1877f2, #0d5cb6);\n    }\n    \n    .instagram {\n        background: linear-gradient(45deg, #e4405f, #c13584);\n    }\n    \n    .youtube {\n        background: linear-gradient(45deg, #ff0000, #cc0000);\n    }\n    \n    \n    .twitter {\n        background: linear-gradient(45deg, #1da1f2, #0d8bd9);\n    }\n    \n    .social-icon:hover {\n        transform: translateY(-4px);\n        box-shadow: 0 8px 16px rgba(0, 0, 0, 0.15);\n    }\n    \n    \/* Media Queries para Responsive *\/\n    \n    \/* Tablet - 2 columnas *\/\n    @media (max-width: 1024px) {\n        .container {\n            padding: 15px;\n        }\n        \n        .widget {\n            padding: 25px;\n        }\n        \n        .three-columns {\n            flex-wrap: wrap;\n            gap: 30px;\n        }\n        \n        .column {\n            flex: 1 1 calc(50% - 30px);\n            min-width: 300px;\n        }\n        \n        .rights-info img {\n            max-height: 120px;\n        }\n    }\n    \n    \/* M\u00f3vil grande - 1 columna *\/\n    @media (max-width: 768px) {\n        .three-columns {\n            flex-direction: column;\n            gap: 30px;\n        }\n        \n        .column {\n            flex: 1 1 100%;\n            width: 100%;\n            min-width: 100%;\n        }\n        \n        .subsite-text {\n            font-size: 15px;\n            text-align: center;\n            margin-bottom: 20px;\n        }\n        \n        .contact-info h4 {\n            text-align: center;\n            font-size: 15px;\n        }\n        \n        .contact-info p {\n            text-align: center;\n            font-size: 13px;\n        }\n        \n        .rights-info img {\n            max-height: 100px;\n        }\n        \n        .social-title {\n            font-size: 15px;\n        }\n        \n        .social-icon {\n            width: 44px;\n            height: 44px;\n        }\n        \n        .social-icon img {\n            width: 22px;\n            height: 22px;\n        }\n        \n        .social-icons {\n            gap: 10px;\n        }\n    }\n    \n    \/* M\u00f3vil peque\u00f1o *\/\n    @media (max-width: 480px) {\n        .widget {\n            padding: 20px;\n            border-radius: 15px;\n        }\n        \n        .three-columns {\n            gap: 25px;\n        }\n        \n        .subsite-text {\n            font-size: 14px;\n            margin-bottom: 15px;\n        }\n        \n        .contact-info h4 {\n            font-size: 14px;\n            margin-bottom: 12px;\n        }\n        \n        .contact-info p {\n            font-size: 12px;\n            margin-bottom: 6px;\n        }\n        \n        .rights-info img {\n            max-height: 80px;\n        }\n        \n        .social-title {\n            font-size: 14px;\n            margin-bottom: 15px;\n        }\n        \n        .social-icon {\n            width: 40px;\n            height: 40px;\n        }\n        \n        .social-icon img {\n            width: 20px;\n            height: 20px;\n        }\n        \n        .social-icons {\n            gap: 8px;\n        }\n    }\n<\/style><\/div><\/div><\/div> <\/div> <\/div><\/div> <\/div>","protected":false},"excerpt":{"rendered":"<p>Destacados Ver todos los contenidos Publicaciones exclusivas del INCP Revista El Contador P\u00fablico Leer m\u00e1s Bolet\u00edn Leer m\u00e1s Agenda Tributaria INCP Leer m\u00e1s 1<\/p>\n","protected":false},"author":1,"featured_media":0,"parent":0,"menu_order":0,"comment_status":"closed","ping_status":"closed","template":"page-templates\/homepage.php","meta":{"footnotes":""},"class_list":["post-13217","page","type-page","status-publish","hentry"],"_links":{"self":[{"href":"https:\/\/incp.org.co\/ContArte\/wp-json\/wp\/v2\/pages\/13217","targetHints":{"allow":["GET"]}}],"collection":[{"href":"https:\/\/incp.org.co\/ContArte\/wp-json\/wp\/v2\/pages"}],"about":[{"href":"https:\/\/incp.org.co\/ContArte\/wp-json\/wp\/v2\/types\/page"}],"author":[{"embeddable":true,"href":"https:\/\/incp.org.co\/ContArte\/wp-json\/wp\/v2\/users\/1"}],"replies":[{"embeddable":true,"href":"https:\/\/incp.org.co\/ContArte\/wp-json\/wp\/v2\/comments?post=13217"}],"version-history":[{"count":49,"href":"https:\/\/incp.org.co\/ContArte\/wp-json\/wp\/v2\/pages\/13217\/revisions"}],"predecessor-version":[{"id":14709,"href":"https:\/\/incp.org.co\/ContArte\/wp-json\/wp\/v2\/pages\/13217\/revisions\/14709"}],"wp:attachment":[{"href":"https:\/\/incp.org.co\/ContArte\/wp-json\/wp\/v2\/media?parent=13217"}],"curies":[{"name":"wp","href":"https:\/\/api.w.org\/{rel}","templated":true}]}}