{"id":1117,"date":"2023-09-07T11:37:00","date_gmt":"2023-09-07T16:37:00","guid":{"rendered":"https:\/\/incp.org.co\/encuentro-financiero-contable\/?page_id=1117"},"modified":"2023-10-19T11:37:51","modified_gmt":"2023-10-19T16:37:51","slug":"cuando-se-realizara-el-iv-efi","status":"publish","type":"page","link":"https:\/\/incp.org.co\/encuentro-financiero-contable\/cuando-se-realizara-el-iv-efi\/","title":{"rendered":"\u00bfDe qu\u00e9 trata el IV Encuentro Financiero Internacional?"},"content":{"rendered":"\t\t<div data-elementor-type=\"wp-page\" data-elementor-id=\"1117\" class=\"elementor elementor-1117\">\n\t\t\t\t\t\t<div class=\"elementor-section elementor-top-section elementor-element elementor-element-240e7a4 elementor-section-full_width elementor-section-stretched elementor-section-height-default elementor-section-height-default elementor-invisible\" data-id=\"240e7a4\" data-element_type=\"section\" data-e-type=\"section\" data-settings=\"{&quot;stretch_section&quot;:&quot;section-stretched&quot;,&quot;animation&quot;:&quot;bounceInUp&quot;}\">\n\t\t\t\t\t\t<div class=\"elementor-container elementor-column-gap-default\">\n\t\t\t\t\t<div class=\"elementor-column elementor-col-50 elementor-top-column elementor-element elementor-element-0ad512c\" data-id=\"0ad512c\" data-element_type=\"column\" data-e-type=\"column\">\n\t\t\t<div class=\"elementor-widget-wrap elementor-element-populated\">\n\t\t\t\t\t\t\t<\/div>\n\t\t<\/div>\n\t\t\t\t<div class=\"elementor-column elementor-col-50 elementor-top-column elementor-element elementor-element-49ec340\" data-id=\"49ec340\" data-element_type=\"column\" data-e-type=\"column\">\n\t\t\t<div class=\"elementor-widget-wrap elementor-element-populated\">\n\t\t\t\t\t\t<div class=\"elementor-element elementor-element-163e7d0 elementor-widget elementor-widget-heading\" data-id=\"163e7d0\" data-element_type=\"widget\" data-e-type=\"widget\" data-widget_type=\"heading.default\">\n\t\t\t\t<div class=\"elementor-widget-container\">\n\t\t\t\t\t<h2 class=\"elementor-heading-title elementor-size-default\"><span style=\"font-size: 0.8em\">\u00bfDe qu\u00e9 trata el IV Encuentro Financiero Internacional?<\/span><\/h2>\t\t\t\t<\/div>\n\t\t\t\t<\/div>\n\t\t\t\t<div class=\"elementor-element elementor-element-13022d5 elementor-widget elementor-widget-text-editor\" data-id=\"13022d5\" data-element_type=\"widget\" data-e-type=\"widget\" data-widget_type=\"text-editor.default\">\n\t\t\t\t<div class=\"elementor-widget-container\">\n\t\t\t\t\t\t\t\t\t<p>El EFI es un escenario profesional organizado por el Instituto Nacional de Contadores P\u00fablicos de Colombia \u2013 INCP, que re\u00fane a especialistas contables, econ\u00f3micos y financieros, con el objetivo de abordar tem\u00e1ticas coyunturales entorno a la econom\u00eda regional LATAM que generen valor para las empresas de diversos sectores econ\u00f3micos.<\/p>\n<div>\u00a0<\/div>\n<div>\n<div>En esta oportunidad, se contar\u00e1 con destacados conferencistas nacionales e internacionales que nos compartir\u00e1n informaci\u00f3n sobre la normatividad financiera y contable para las entidades no lucrativas, el tratamiento de los criptoactivos y la NIIF 17.<\/div>\n<div>\u00a0<\/div>\n<div>Para el 2023, su cuarta versi\u00f3n se realizar\u00e1 el 26 y 27 de octubre con sesiones abiertas y cerradas para toda la audiencia.<\/div>\n<\/div>\n<div>\u00a0<\/div>\t\t\t\t\t\t\t\t<\/div>\n\t\t\t\t<\/div>\n\t\t\t\t\t<\/div>\n\t\t<\/div>\n\t\t\t\t\t<\/div>\n\t\t<\/div>\n\t\t\t\t<\/div>\n\t\t","protected":false},"excerpt":{"rendered":"<p>\u00bfDe qu\u00e9 trata el IV Encuentro Financiero Internacional? El EFI es un escenario profesional organizado por el Instituto Nacional de Contadores P\u00fablicos de Colombia \u2013 INCP, que re\u00fane a especialistas contables, econ\u00f3micos y financieros, con el objetivo de abordar tem\u00e1ticas coyunturales entorno a la econom\u00eda regional LATAM que generen valor para las empresas de diversos &hellip; <\/p>\n","protected":false},"author":1049,"featured_media":1871,"parent":0,"menu_order":0,"comment_status":"closed","ping_status":"closed","template":"","meta":{"footnotes":""},"class_list":["post-1117","page","type-page","status-publish","has-post-thumbnail","hentry","latest_post"],"_links":{"self":[{"href":"https:\/\/incp.org.co\/encuentro-financiero-contable\/wp-json\/wp\/v2\/pages\/1117","targetHints":{"allow":["GET"]}}],"collection":[{"href":"https:\/\/incp.org.co\/encuentro-financiero-contable\/wp-json\/wp\/v2\/pages"}],"about":[{"href":"https:\/\/incp.org.co\/encuentro-financiero-contable\/wp-json\/wp\/v2\/types\/page"}],"author":[{"embeddable":true,"href":"https:\/\/incp.org.co\/encuentro-financiero-contable\/wp-json\/wp\/v2\/users\/1049"}],"replies":[{"embeddable":true,"href":"https:\/\/incp.org.co\/encuentro-financiero-contable\/wp-json\/wp\/v2\/comments?post=1117"}],"version-history":[{"count":96,"href":"https:\/\/incp.org.co\/encuentro-financiero-contable\/wp-json\/wp\/v2\/pages\/1117\/revisions"}],"predecessor-version":[{"id":1884,"href":"https:\/\/incp.org.co\/encuentro-financiero-contable\/wp-json\/wp\/v2\/pages\/1117\/revisions\/1884"}],"wp:featuredmedia":[{"embeddable":true,"href":"https:\/\/incp.org.co\/encuentro-financiero-contable\/wp-json\/wp\/v2\/media\/1871"}],"wp:attachment":[{"href":"https:\/\/incp.org.co\/encuentro-financiero-contable\/wp-json\/wp\/v2\/media?parent=1117"}],"curies":[{"name":"wp","href":"https:\/\/api.w.org\/{rel}","templated":true}]}}