{"id":943,"date":"2022-09-20T14:43:43","date_gmt":"2022-09-20T19:43:43","guid":{"rendered":"https:\/\/incp.org.co\/encuentro-financiero-contable\/?page_id=943"},"modified":"2023-09-04T14:37:32","modified_gmt":"2023-09-04T19:37:32","slug":"videos-2022","status":"publish","type":"page","link":"https:\/\/incp.org.co\/encuentro-financiero-contable\/videos-2022\/","title":{"rendered":"Videos 2022"},"content":{"rendered":"\n<h4 class=\"wp-block-heading\">Apertura institucional<\/h4>\n\n\n\n[ytp]https:\/\/youtu.be\/sfCY4wHWzqo[\/ytp]\n\n\n\n<hr>\n\n\n\n<h4 class=\"wp-block-heading\">Informaci\u00f3n Financiera Internacional para Organizaciones sin \u00c1nimo de Lucro Proyecto IFR4NPO<\/h4>\n\n\n\n<div class=\"wp-block-file\"><a href=\"https:\/\/incp.org.co\/encuentro-financiero-contable\/wp-content\/uploads\/2022\/09\/About-IFR4NPO-Sep-22-es.pdf\">About-IFR4NPO-Sep-22-es<\/a><a href=\"https:\/\/incp.org.co\/encuentro-financiero-contable\/wp-content\/uploads\/2022\/09\/About-IFR4NPO-Sep-22-es.pdf\" class=\"wp-block-file__button\" download>Descargar<\/a><\/div>\n\n\n\n<div class=\"wp-block-file\"><a href=\"https:\/\/incp.org.co\/encuentro-financiero-contable\/wp-content\/uploads\/2022\/09\/Presentacion-ESAL-BB-DSP.pdf\">Presentacion-ESAL-BB-DSP<\/a><a href=\"https:\/\/incp.org.co\/encuentro-financiero-contable\/wp-content\/uploads\/2022\/09\/Presentacion-ESAL-BB-DSP.pdf\" class=\"wp-block-file__button\" download>Descargar<\/a><\/div>\n\n\n\n[ytp]https:\/\/youtu.be\/FkHQ5atlarM[\/ytp]\n\n\n\n<hr>\n\n\n\n<h4 class=\"wp-block-heading\">Perspectivas econ\u00f3micas en el contexto internacional y local<\/h4>\n\n\n\n[ytp]https:\/\/youtu.be\/UzHgaqXfxOg[\/ytp]\n\n\n\n<hr>\n\n\n\n<h4 class=\"wp-block-heading\">Panorama actual de los reportes integrados<\/h4>\n\n\n\n<div class=\"wp-block-file\"><a href=\"https:\/\/incp.org.co\/encuentro-financiero-contable\/wp-content\/uploads\/2022\/09\/220915_IFRS_ISSB_ReporteIntegrado.pdf\">220915_IFRS_ISSB_ReporteIntegrado<\/a><a href=\"https:\/\/incp.org.co\/encuentro-financiero-contable\/wp-content\/uploads\/2022\/09\/220915_IFRS_ISSB_ReporteIntegrado.pdf\" class=\"wp-block-file__button\" download>Descargar<\/a><\/div>\n\n\n\n[ytp]https:\/\/youtu.be\/82idjFcNCTA[\/ytp]\n\n\n\n<hr>\n\n\n\n<h4 class=\"wp-block-heading\">Uso de la ISAE 3000 Revisada en compromisos de aseguramiento de sostenibilidad<\/h4>\n\n\n\n<div class=\"wp-block-file\"><a href=\"https:\/\/incp.org.co\/encuentro-financiero-contable\/wp-content\/uploads\/2022\/09\/ISAE3000.pdf\">ISAE3000<\/a><a href=\"https:\/\/incp.org.co\/encuentro-financiero-contable\/wp-content\/uploads\/2022\/09\/ISAE3000.pdf\" class=\"wp-block-file__button\" download>Descargar<\/a><\/div>\n\n\n\n[ytp]https:\/\/youtu.be\/6tnB_NuJ4rE[\/ytp]\n\n\n\n<div class=\"wp-block-buttons is-layout-flex wp-block-buttons-is-layout-flex\">\n<div class=\"wp-block-button\"><a class=\"wp-block-button__link\" href=\"https:\/\/www.youtube.com\/watch?v=x4dcwGoaFJg\" target=\"_blank\" rel=\"noreferrer noopener\">Link video IAASB<\/a><\/div>\n<\/div>\n\n\n\n<hr>\n\n\n\n<h4 class=\"wp-block-heading\">Gesti\u00f3n antifraude c\u00f3mo evitar el fraude y su impacto negativo en los rubros econ\u00f3micos y reputacio<\/h4>\n\n\n\n[ytp]https:\/\/youtu.be\/NCn_bT0TgKA[\/ytp]\n","protected":false},"excerpt":{"rendered":"<p>Apertura institucional [ytp]https:\/\/youtu.be\/sfCY4wHWzqo[\/ytp] Informaci\u00f3n Financiera Internacional para Organizaciones sin \u00c1nimo de Lucro Proyecto IFR4NPO [ytp]https:\/\/youtu.be\/FkHQ5atlarM[\/ytp] Perspectivas econ\u00f3micas en el contexto internacional y local [ytp]https:\/\/youtu.be\/UzHgaqXfxOg[\/ytp] Panorama actual de los reportes integrados [ytp]https:\/\/youtu.be\/82idjFcNCTA[\/ytp] Uso de la ISAE 3000 Revisada en compromisos de aseguramiento de sostenibilidad [ytp]https:\/\/youtu.be\/6tnB_NuJ4rE[\/ytp] Gesti\u00f3n antifraude c\u00f3mo evitar el fraude y su impacto negativo en &hellip; <\/p>\n","protected":false},"author":56,"featured_media":0,"parent":0,"menu_order":0,"comment_status":"closed","ping_status":"closed","template":"","meta":{"footnotes":""},"class_list":["post-943","page","type-page","status-publish","hentry","latest_post"],"_links":{"self":[{"href":"https:\/\/incp.org.co\/encuentro-financiero-contable\/wp-json\/wp\/v2\/pages\/943","targetHints":{"allow":["GET"]}}],"collection":[{"href":"https:\/\/incp.org.co\/encuentro-financiero-contable\/wp-json\/wp\/v2\/pages"}],"about":[{"href":"https:\/\/incp.org.co\/encuentro-financiero-contable\/wp-json\/wp\/v2\/types\/page"}],"author":[{"embeddable":true,"href":"https:\/\/incp.org.co\/encuentro-financiero-contable\/wp-json\/wp\/v2\/users\/56"}],"replies":[{"embeddable":true,"href":"https:\/\/incp.org.co\/encuentro-financiero-contable\/wp-json\/wp\/v2\/comments?post=943"}],"version-history":[{"count":17,"href":"https:\/\/incp.org.co\/encuentro-financiero-contable\/wp-json\/wp\/v2\/pages\/943\/revisions"}],"predecessor-version":[{"id":972,"href":"https:\/\/incp.org.co\/encuentro-financiero-contable\/wp-json\/wp\/v2\/pages\/943\/revisions\/972"}],"wp:attachment":[{"href":"https:\/\/incp.org.co\/encuentro-financiero-contable\/wp-json\/wp\/v2\/media?parent=943"}],"curies":[{"name":"wp","href":"https:\/\/api.w.org\/{rel}","templated":true}]}}