{"id":2850,"date":"2023-03-26T20:23:33","date_gmt":"2023-03-27T01:23:33","guid":{"rendered":"https:\/\/incp.org.co\/revista-el-contador-publico\/mesmerize\/"},"modified":"2026-04-21T10:47:16","modified_gmt":"2026-04-21T15:47:16","slug":"mesmerize","status":"publish","type":"page","link":"https:\/\/incp.org.co\/revista-el-contador-publico\/","title":{"rendered":"Front Page"},"content":{"rendered":"<div  id=\"features-10\" style=\"background-color: #ffffff;\" data-label=\"Features\" data-id=\"features-16-card-bordered\" data-export-id=\"features-16-card-bordered\" data-category=\"features\" class=\"features-16-card-bordered content-section content-section-spacing content-relative\"><div  class=\"gridContainer\"> <div  class=\"row text-center\"><div  class=\"section-title-col\" data-type=\"column\"> <h2  class=\"\">M\u00e1s contenidos de la edici\u00f3n 228<\/h2> <\/div> <\/div> <div  class=\"row spaced-cols content-center-sm center-sm\" data-type=\"row\"> <div  class=\"col-xs-12 col-sm-6 col-md-4\"> <div  class=\"card no-padding bordered y-move\"> <a  data-cp-link=\"1\" href=\"https:\/\/incp.org.co\/revista-el-contador-publico\/sin-categoria\/2026\/03\/nueva-norma-internacional-de-reporte-de-sostenibilidad-para-el-sector-publico-ipsasb-srs-1\" target=\"_blank\" rel=\"noopener\"><img  decoding=\"async\" class=\"face\" src=\"https:\/\/incp.org.co\/revista-el-contador-publico\/wp-content\/uploads\/2026\/03\/cropped-Gemini_Generated_Image_jeum43jeum43jeum-1.png\" title=\"pao-375\" alt=\"\"><\/a> <div  data-type=\"column\" class=\"col-padding-small col-padding-small-xs description-container\"> <h4  class=\"font-500\">Nueva Norma Internacional de Reporte de Sostenibilidad para el Sector P\u00fablico:<br >IPSASB SRS 1\n<\/h4> <\/div> <div  data-type=\"column\" class=\"col-padding-small col-padding-small-xs read-more-container\"><a  class=\"read-more\" href=\"https:\/\/incp.org.co\/revista-el-contador-publico\/sin-categoria\/2026\/03\/nueva-norma-internacional-de-reporte-de-sostenibilidad-para-el-sector-publico-ipsasb-srs-1\" target=\"_blank\" data-cp-link=\"1\" rel=\"noopener\">Leer m\u00e1s<\/a><\/div> <\/div><\/div> <div  class=\"col-xs-12 col-sm-6 col-md-4\"><div  class=\"card no-padding bordered y-move\"> <a  data-cp-link=\"1\" href=\"https:\/\/incp.org.co\/revista-el-contador-publico\/tendencias\/opinion\/2026\/03\/aseguramiento-de-la-informacion-en-colombia-una-prioridad-inaplazable-para-la-confianza-y-la-competitividad-del-pais\" target=\"_blank\" rel=\"noopener\"><img  decoding=\"async\" class=\"face\" src=\"https:\/\/incp.org.co\/revista-el-contador-publico\/wp-content\/uploads\/2026\/03\/cropped-2-2-3.png\" title=\"cibercrimen-375\" alt=\"\"><\/a> <div  data-type=\"column\" class=\"col-padding-small col-padding-small-xs description-container\"> <h4  class=\"font-500\">Aseguramiento de la informaci\u00f3n en Colombia: una prioridad inaplazable para la confianza y la competitividad del pa\u00eds<\/h4> <\/div> <div  data-type=\"column\" class=\"col-padding-small col-padding-small-xs read-more-container\"><a  class=\"read-more\" href=\"https:\/\/incp.org.co\/revista-el-contador-publico\/tendencias\/opinion\/2026\/03\/aseguramiento-de-la-informacion-en-colombia-una-prioridad-inaplazable-para-la-confianza-y-la-competitividad-del-pais\" target=\"_blank\" data-cp-link=\"1\" rel=\"noopener\" style=\"position: relative; top: 0px; left: 0px;\">Leer m\u00e1s<\/a><\/div> <\/div><\/div> <div  class=\"col-xs-12 col-sm-6 col-md-4\"><div  class=\"card no-padding bordered y-move\"> <a  data-cp-link=\"1\" href=\"https:\/\/incp.org.co\/revista-el-contador-publico\/sin-categoria\/2026\/03\/estrategias-para-atender-con-exito-una-visita-de-fiscalizacion-de-la-dian\" target=\"_blank\" rel=\"noopener\"><img  decoding=\"async\" class=\"face\" src=\"https:\/\/incp.org.co\/revista-el-contador-publico\/wp-content\/uploads\/2026\/03\/cropped-Gemini_Generated_Image_ira10uira10uira1.png\" title=\"gu\u00eda-220-375\" alt=\"\"><\/a> <div  data-type=\"column\" class=\"col-padding-small col-padding-small-xs description-container\"> <h4  class=\"font-500\">Estrategias para atender con \u00e9xito una visita de fiscalizaci\u00f3n de la DIAN<\/h4> <\/div> <div  data-type=\"column\" class=\"col-padding-small col-padding-small-xs read-more-container\"><a  class=\"read-more\" href=\"https:\/\/incp.org.co\/revista-el-contador-publico\/sin-categoria\/2026\/03\/estrategias-para-atender-con-exito-una-visita-de-fiscalizacion-de-la-dian\" target=\"_blank\" data-cp-link=\"1\" rel=\"noopener\">Leer m\u00e1s<\/a><\/div> <\/div><\/div> <\/div><\/div> <\/div><div  data-label=\"Portfolio\" data-id=\"portfolio--1\" data-export-id=\"portfolio-3\" data-category=\"portfolio\" class=\"portfolio-3 content-section content-section-spacing\" id=\"portfolio-1\" style=\"background-color: rgb(245, 250, 253);\"><div  class=\"gridContainer\"> <div  class=\"row text-center\"><div  class=\"section-title-col\" data-type=\"column\"> <h2  class=\"\">Ediciones de<span  id=\"_mce_caret\" data-mce-bogus=\"1\" data-mce-type=\"format-caret\"><span  style=\"font-style: italic;\">\ufeff<\/span><\/span> <span  style=\"font-style: italic;\">El Contador P\u00fablico<\/span><\/h2> <\/div> <\/div> <div  class=\"row spaced-cols space-bottom\" data-type=\"row\"> <div  class=\"col-xs-12 col-sm-4 text-center\"> <div  class=\"card no-padding bottom-border-color1 no-shadow\"> <div  data-hover-fx=\"portfolio-3\" class=\"contentswap-effect\"> <div  class=\"initial-image\"> <img  decoding=\"async\" data-size=\"500x333\" src=\"https:\/\/incp.org.co\/revista-el-contador-publico\/wp-content\/uploads\/2026\/03\/Mesa-de-trabajo-2@2x-100-scaled.jpg\"><\/div> <div  class=\"overlay bg-color6\"><\/div> <div  class=\"swap-inner col-xs-12\"> <div  class=\"row full-height-row middle-xs middle-sm\"> <div  class=\"col-xs-12 text-center content-holder\"> <a  class=\"button small color2\" href=\"https:\/\/incp.org.co\/revista-el-contador-publico\/descargar\/2026\/04\/revista-el-contador-publico-no-228\" target=\"_blank\" data-cp-link=\"1\" data-icon=\"\" rel=\"noopener\">Consultar<\/a><\/div> <\/div><\/div> <\/div> <div  class=\"space-bottom space-top col-xs-12\" data-type=\"column\"> <h4  class=\"\">Edici\u00f3n No. 228<\/h4> <\/div> <\/div><\/div><div  class=\"col-xs-12 col-sm-4 text-center\"><div  class=\"card no-padding bottom-border-color1 no-shadow\"> <div  data-hover-fx=\"portfolio-3\" class=\"contentswap-effect\"><div  class=\"initial-image\"> <img  decoding=\"async\" data-size=\"500x333\" src=\"https:\/\/incp.org.co\/revista-el-contador-publico\/wp-content\/uploads\/2025\/12\/Revista-227-V1-completa_page-0001-e1765892070832.jpg\"><\/div> <div  class=\"overlay bg-color6\"><\/div> <div  class=\"swap-inner col-xs-12\"> <div  class=\"row full-height-row middle-xs middle-sm\"> <div  class=\"col-xs-12 text-center content-holder\"> <a  class=\"button small color2\" href=\"https:\/\/incp.org.co\/revista-el-contador-publico\/descargar\/2025\/12\/revista-el-contador-publico-no-227\" target=\"_blank\" data-cp-link=\"1\" data-icon=\"\" rel=\"noopener\">Consultar<\/a><\/div> <\/div><\/div> <\/div> <div  class=\"space-bottom space-top col-xs-12\" data-type=\"column\"> <h4  class=\"\">Edici\u00f3n No. 227<\/h4> <\/div> <\/div><\/div><div  class=\"col-xs-12 col-sm-4 text-center\"><div  class=\"card no-padding bottom-border-color1 no-shadow\"> <div  data-hover-fx=\"portfolio-3\" class=\"contentswap-effect\"><div  class=\"initial-image\"> <img  decoding=\"async\" data-size=\"500x333\" src=\"https:\/\/incp.org.co\/revista-el-contador-publico\/wp-content\/uploads\/2025\/09\/cropped-Portada@2x-100-2.jpg\"><\/div> <div  class=\"overlay bg-color6\"><\/div> <div  class=\"swap-inner col-xs-12\"> <div  class=\"row full-height-row middle-xs middle-sm\"> <div  class=\"col-xs-12 text-center content-holder\"> <a  class=\"button small color2\" href=\"https:\/\/incp.org.co\/revista-el-contador-publico\/descargar\/2025\/09\/revista-el-contador-publico-no-226\" target=\"_blank\" data-cp-link=\"1\" data-icon=\"\" rel=\"noopener\">Consultar<\/a><\/div> <\/div><\/div> <\/div> <div  class=\"space-bottom space-top col-xs-12\" data-type=\"column\"> <h4  class=\"\">Edici\u00f3n No. 226<\/h4> <\/div> <\/div><\/div>   <\/div> <div  class=\"row\"> <div  data-type=\"column\" class=\"col-xs-12 text-center\"> <a  class=\"button y-move color2\" href=\"https:\/\/incp.org.co\/revista-el-contador-publico\/category\/descargar\" target=\"_self\" data-cp-link=\"1\" data-icon=\"\" rel=\"noopener\">Ver todas las ediciones<\/a><\/div> <\/div><\/div> <\/div>","protected":false},"excerpt":{"rendered":"<p>M\u00e1s contenidos de la edici\u00f3n 228 Nueva Norma Internacional de Reporte de Sostenibilidad para el Sector P\u00fablico:IPSASB SRS 1 Leer m\u00e1s Aseguramiento de la informaci\u00f3n en Colombia: una prioridad inaplazable para la confianza y la competitividad del pa\u00eds Leer m\u00e1s Estrategias para atender con \u00e9xito una visita de fiscalizaci\u00f3n de la DIAN Leer m\u00e1s Ediciones&hellip; <br \/> <a class=\"read-more\" href=\"https:\/\/incp.org.co\/revista-el-contador-publico\/\">Leer m\u00e1s<\/a><\/p>\n","protected":false},"author":1148,"featured_media":0,"parent":0,"menu_order":0,"comment_status":"closed","ping_status":"closed","template":"page-templates\/homepage.php","meta":{"footnotes":""},"class_list":["post-2850","page","type-page","status-publish","hentry"],"_links":{"self":[{"href":"https:\/\/incp.org.co\/revista-el-contador-publico\/wp-json\/wp\/v2\/pages\/2850","targetHints":{"allow":["GET"]}}],"collection":[{"href":"https:\/\/incp.org.co\/revista-el-contador-publico\/wp-json\/wp\/v2\/pages"}],"about":[{"href":"https:\/\/incp.org.co\/revista-el-contador-publico\/wp-json\/wp\/v2\/types\/page"}],"author":[{"embeddable":true,"href":"https:\/\/incp.org.co\/revista-el-contador-publico\/wp-json\/wp\/v2\/users\/1148"}],"replies":[{"embeddable":true,"href":"https:\/\/incp.org.co\/revista-el-contador-publico\/wp-json\/wp\/v2\/comments?post=2850"}],"version-history":[{"count":109,"href":"https:\/\/incp.org.co\/revista-el-contador-publico\/wp-json\/wp\/v2\/pages\/2850\/revisions"}],"predecessor-version":[{"id":6651,"href":"https:\/\/incp.org.co\/revista-el-contador-publico\/wp-json\/wp\/v2\/pages\/2850\/revisions\/6651"}],"wp:attachment":[{"href":"https:\/\/incp.org.co\/revista-el-contador-publico\/wp-json\/wp\/v2\/media?parent=2850"}],"curies":[{"name":"wp","href":"https:\/\/api.w.org\/{rel}","templated":true}]}}