{"id":3186,"date":"2023-04-04T12:21:00","date_gmt":"2023-04-04T17:21:00","guid":{"rendered":"https:\/\/incp.org.co\/revista-el-contador-publico\/?page_id=3186"},"modified":"2024-08-26T13:42:35","modified_gmt":"2024-08-26T18:42:35","slug":"descarga-la-edicion-gratuita","status":"publish","type":"page","link":"https:\/\/incp.org.co\/revista-el-contador-publico\/descarga-la-edicion-gratuita\/","title":{"rendered":"Descarga gratis la edici\u00f3n 219 de la revista El Contador P\u00fablico"},"content":{"rendered":"\n<p class=\"has-medium-font-size\"><p class=\"has-medium-font-size\" style=\"text-align:justify\">Al adquirir esta suscripci\u00f3n anual recibir\u00e1s trimestralmente una edici\u00f3n de la revista\u00a0<em>El Contador P\u00fablico<\/em>, es decir, cuatro ediciones al a\u00f1o.<\/p><\/p>\n\n\n\n<p class=\"has-medium-font-size\"><p class=\"has-medium-font-size\" style=\"text-align:justify\">La revista\u00a0<em>El Contador P\u00fablico<\/em>\u00a0es una publicaci\u00f3n peri\u00f3dica realizada por el\u00a0<strong>Instituto Nacional de Contadores P\u00fablicos<\/strong>\u00a0\u2013 INCP desde 1954, registrada bajo el ISSN 2745-1224 (en l\u00ednea) \/ 0122-6762 (impreso), en la cual se publican contenidos relacionados con los ejes centrales de la profesi\u00f3n contable y las tem\u00e1ticas que tienen incidencia en ella, tales como: \u00e9tica, aseguramiento, Normas Internacionales de Informaci\u00f3n Financiera (NIIF), impuestos, regulaci\u00f3n y normatividad, revisor\u00eda fiscal, tecnolog\u00eda, tendencias e innovaci\u00f3n, finanzas, contabilidad, costos, buenas pr\u00e1cticas, sostenibilidad, entre otros.<\/p><\/p>\n\n\n\n<p class=\"has-medium-font-size\"><p class=\"has-medium-font-size\" style=\"text-align:justify\">En la actualidad, esta publicaci\u00f3n es 100 % digital. Una vez te suscribas, podr\u00e1s descargarla en formato PDF y leer sus distintos contenidos con tu usuario y contrase\u00f1a.<\/p><\/p>\n\n\n\n<hr class=\"wp-block-separator has-alpha-channel-opacity\"\/>\n\n\n\n<p class=\"has-text-align-center has-medium-font-size\"><strong>Suscripci\u00f3n anual<\/strong><\/p>\n\n\n\n<div class=\"wp-block-columns is-layout-flex wp-container-core-columns-is-layout-9d6595d7 wp-block-columns-is-layout-flex\">\n<div class=\"wp-block-column is-layout-flow wp-block-column-is-layout-flow\">\n<p class=\"has-text-align-center has-medium-font-size\"><strong>$58.900<\/strong><\/p>\n<\/div>\n<\/div>\n\n\n\n<div style=\"height:11px\" aria-hidden=\"true\" class=\"wp-block-spacer\"><\/div>\n\n\n\n<div class=\"wp-block-columns are-vertically-aligned-center is-layout-flex wp-container-core-columns-is-layout-9d6595d7 wp-block-columns-is-layout-flex\">\n<div class=\"wp-block-column is-vertically-aligned-center is-layout-flow wp-block-column-is-layout-flow\">\n<div class=\"wp-block-buttons is-content-justification-center is-layout-flex wp-container-core-buttons-is-layout-16018d1d wp-block-buttons-is-layout-flex\">\n<div class=\"wp-block-button\"><a class=\"wp-block-button__link has-vivid-green-cyan-background-color has-background has-text-align-center wp-element-button\" href=\"https:\/\/incp.org.co\/tienda-online\/product\/revista-el-contador-publico\/\">Pagar ahora (COP)<\/a><\/div>\n<\/div>\n<\/div>\n<\/div>\n\n\n\n<div style=\"height:40px\" aria-hidden=\"true\" class=\"wp-block-spacer\"><\/div>\n\n\n\n<hr class=\"wp-block-separator has-alpha-channel-opacity\"\/>\n\n\n\n<p class=\"has-text-align-center has-medium-font-size\"><strong>\u00bfDeseas conocer previamente esta publicaci\u00f3n?<\/strong><\/p>\n\n\n\n<p class=\"has-text-align-center has-medium-font-size\">Puedes descargar gratuitamente una de nuestras ediciones anteriores<\/p>\n\n\n\n<div style=\"height:30px\" aria-hidden=\"true\" class=\"wp-block-spacer\"><\/div>\n\n\n<div class=\"wp-block-image\">\n<figure class=\"aligncenter size-full\"><img loading=\"lazy\" decoding=\"async\" width=\"375\" height=\"250\" src=\"https:\/\/incp.org.co\/revista-el-contador-publico\/wp-content\/uploads\/2023\/10\/Revista-ECP.png\" alt=\"\" class=\"wp-image-3668\" srcset=\"https:\/\/incp.org.co\/revista-el-contador-publico\/wp-content\/uploads\/2023\/10\/Revista-ECP.png 375w, https:\/\/incp.org.co\/revista-el-contador-publico\/wp-content\/uploads\/2023\/10\/Revista-ECP-300x200.png 300w\" sizes=\"auto, (max-width: 375px) 100vw, 375px\" \/><\/figure>\n<\/div>\n\n\n<div style=\"height:30px\" aria-hidden=\"true\" class=\"wp-block-spacer\"><\/div>\n\n\n\n<div class='fluentform ff-default fluentform_wrapper_3 ffs_default_wrap'><form data-form_id=\"3\" id=\"fluentform_3\" class=\"frm-fluent-form fluent_form_3 ff-el-form-top ff_form_instance_3_1 ff-form-loading ffs_default\" data-form_instance=\"ff_form_instance_3_1\" method=\"POST\" ><fieldset  style=\"border: none!important;margin: 0!important;padding: 0!important;background-color: transparent!important;box-shadow: none!important;outline: none!important; min-inline-size: 100%;\">\n                    <legend class=\"ff_screen_reader_title\" style=\"display: block; margin: 0!important;padding: 0!important;height: 0!important;text-indent: -999999px;width: 0!important;overflow:hidden;\">Descarga gratuita edici\u00f3n 219 revista El Contador P\u00fablico<\/legend><input type='hidden' name='__fluent_form_embded_post_id' value='3186' \/><input type=\"hidden\" id=\"_fluentform_3_fluentformnonce\" name=\"_fluentform_3_fluentformnonce\" value=\"bd6a02921a\" \/><input type=\"hidden\" name=\"_wp_http_referer\" value=\"\/revista-el-contador-publico\/wp-json\/wp\/v2\/pages\/3186\" \/><div class=\"ff-el-group ff-el-section-break  ff_left\" data-name=\"section_break-3_1\" ><h3 class='ff-el-section-title'><\/h3><div class='ff-section_break_desk'><h3 style=\"text-align: center\"><span style=\"vertical-align: inherit\"><span style=\"vertical-align: inherit\">Revista El Contador P\u00fablico<\/span><\/span><\/h3>\n<h4 style=\"text-align: center\"><span style=\"vertical-align: inherit\"><span style=\"vertical-align: inherit\">Completa este formulario y obt\u00e9n de forma gratuita la edici\u00f3n 219 de la revista El Contador P\u00fablico del Instituto Nacional de Contadores P\u00fablicos \u2013 INCP<\/span><\/span><\/h4>\n<p>&nbsp;<\/p><\/div><hr \/><\/div><div data-type=\"name-element\" data-name=\"names\" class=\" ff-field_container ff-name-field-wrapper nombres\" ><div class='ff-t-container'><div class='ff-t-cell '><div class='ff-el-group'><div class=\"ff-el-input--label ff-el-is-required asterisk-right\"><label for='ff_3_names_first_name_' id='label_ff_3_names_first_name_' >Nombres<\/label><\/div><div class='ff-el-input--content'><input type=\"text\" name=\"names[first_name]\" id=\"ff_3_names_first_name_\" class=\"ff-el-form-control\" aria-invalid=\"false\" aria-required=true><\/div><\/div><\/div><div class='ff-t-cell '><div class='ff-el-group'><div class=\"ff-el-input--label ff-el-is-required asterisk-right\"><label for='ff_3_names_last_name_' id='label_ff_3_names_last_name_' >Apellidos<\/label><\/div><div class='ff-el-input--content'><input type=\"text\" name=\"names[last_name]\" id=\"ff_3_names_last_name_\" class=\"ff-el-form-control\" aria-invalid=\"false\" aria-required=true><\/div><\/div><\/div><\/div><\/div><div class='ff-el-group correo'><div class=\"ff-el-input--label ff-el-is-required asterisk-right\"><label for='ff_3_email' id='label_ff_3_email' aria-label=\"Correo electr\u00f3nico\">Correo electr\u00f3nico<\/label><\/div><div class='ff-el-input--content'><input type=\"email\" name=\"email\" id=\"ff_3_email\" class=\"ff-el-form-control\" data-name=\"email\"  aria-invalid=\"false\" aria-required=true><\/div><\/div><div class='ff-el-group celular'><div class=\"ff-el-input--label ff-el-is-required asterisk-right\"><label for='ff_3_numeric-field' id='label_ff_3_numeric-field' aria-label=\"Celular\">Celular<\/label><\/div><div class='ff-el-input--content'><input type=\"number\" name=\"numeric-field\" id=\"ff_3_numeric-field\" class=\"ff-el-form-control\" data-name=\"numeric-field\" inputmode=\"numeric\" step=\"any\" min=\"3000000000\" aria-valuemin=\"3000000000\"  aria-invalid=\"false\" aria-required=true><\/div><\/div><div class='ff-el-group socio'><div class=\"ff-el-input--label ff-el-is-required asterisk-right\"><label for='ff_3_dropdown' id='label_ff_3_dropdown' aria-label=\"\u00bfEres socio del INCP?\">\u00bfEres socio del INCP?<\/label><\/div><div class='ff-el-input--content'><select name=\"dropdown\" id=\"ff_3_dropdown\" class=\"ff-el-form-control\" data-name=\"dropdown\" data-calc_value=\"0\"  aria-invalid=\"false\" aria-required=\"true\" aria-labelledby=\"label_ff_3_dropdown\"><option value=\"S\u00ed\r\"  >S\u00ed<\/option><option value=\"No\r\"  >No<\/option><option value=\"\r\"  selected><\/option><\/select><\/div><\/div><div class='ff-el-group politica'><div class=\"ff-el-input--label ff-el-is-required asterisk-right\"><label   aria-label=\"Acepto la pol\u00edtica de tratamiento de datos personales del INCP\">Acepto la pol\u00edtica de tratamiento de datos personales del INCP<\/label><\/div><div class='ff-el-input--content'><div class='ff-el-form-check ff-el-form-check-'><label class='ff-el-form-check-label' for='checkbox_1_b73e14c97e67275c551092bea2c7fe9b'><input  type=\"checkbox\" name=\"checkbox_1[]\" data-name=\"checkbox_1\" class=\"ff-el-form-check-input ff-el-form-check-checkbox\" value=\"Si\"  id='checkbox_1_b73e14c97e67275c551092bea2c7fe9b' aria-label='Si' aria-invalid='false' aria-required=true> <span>Si<\/span><\/label><\/div><\/div><\/div><div class='ff-el-group  ff-custom_html' tabindex='-1' data-name=\"custom_html-3_2\" ><p><a href=\"https:\/\/incp.org.co\/wp-content\/uploads\/2024\/06\/POL04-PR-GR-006-V3.pdf\">Clic aqu\u00ed para ver la pol\u00edtica de tratamiento de datos personales del INCP<\/a><\/p><\/div><div class='ff-el-group ff-text-right ff_submit_btn_wrapper'><button type=\"submit\" class=\"ff-btn ff-btn-submit ff-btn-md ff_btn_style\"  aria-label=\"Enviar\">Enviar<\/button><\/div><\/fieldset><\/form><div id='fluentform_3_errors' class='ff-errors-in-stack ff_form_instance_3_1 ff-form-loading_errors ff_form_instance_3_1_errors'><\/div><\/div>            <script type=\"text\/javascript\">\n                window.fluent_form_ff_form_instance_3_1 = {\"id\":\"3\",\"ajaxUrl\":\"https:\\\/\\\/incp.org.co\\\/revista-el-contador-publico\\\/wp-admin\\\/admin-ajax.php\",\"settings\":{\"layout\":{\"labelPlacement\":\"top\",\"helpMessagePlacement\":\"with_label\",\"errorMessagePlacement\":\"inline\",\"cssClassName\":\"\",\"asteriskPlacement\":\"asterisk-right\"},\"restrictions\":{\"denyEmptySubmission\":{\"enabled\":false}}},\"form_instance\":\"ff_form_instance_3_1\",\"form_id_selector\":\"fluentform_3\",\"rules\":{\"names[first_name]\":{\"required\":{\"value\":true,\"message\":\"This field is required\",\"global\":true,\"global_message\":\"This field is required\"}},\"names[middle_name]\":{\"required\":{\"value\":false,\"message\":\"This field is required\",\"global\":true,\"global_message\":\"This field is required\"}},\"names[last_name]\":{\"required\":{\"value\":true,\"message\":\"This field is required\",\"global\":true,\"global_message\":\"This field is required\"}},\"email\":{\"required\":{\"value\":true,\"message\":\"Ingrese una direcci\\u00f3n de correo\",\"global\":false,\"global_message\":\"This field is required\"},\"email\":{\"value\":true,\"message\":\"Ingrese una direcci\\u00f3n de correo valida\",\"global\":false,\"global_message\":\"This field must contain a valid email\"}},\"numeric-field\":{\"required\":{\"value\":true,\"message\":\"This field is required\",\"global_message\":\"This field is required\",\"global\":true},\"numeric\":{\"value\":true,\"message\":\"This field must contain numeric value\",\"global_message\":\"This field must contain numeric value\",\"global\":true},\"min\":{\"value\":\"3000000000\",\"message\":\"Validation fails for minimum value\",\"global_message\":\"Validation fails for minimum value\",\"global\":true},\"max\":{\"value\":\"\",\"message\":\"Validation fails for maximum value\",\"global_message\":\"Validation fails for maximum value\",\"global\":true},\"digits\":{\"value\":\"10\",\"message\":\"Ingrese un n\\u00famero de celular valido\",\"global_message\":\"Validation fails for limited digits\",\"global\":false}},\"dropdown\":{\"required\":{\"value\":true,\"message\":\"Seleccione una opci\\u00f3n\",\"global_message\":\"This field is required\",\"global\":false}},\"checkbox_1\":{\"required\":{\"value\":true,\"message\":\"This field is required\",\"global_message\":\"This field is required\",\"global\":true}}},\"debounce_time\":300};\n                            <\/script>\n            \n","protected":false},"excerpt":{"rendered":"<p>Al adquirir esta suscripci\u00f3n anual recibir\u00e1s trimestralmente una edici\u00f3n de la revista\u00a0El Contador P\u00fablico, es decir, cuatro ediciones al a\u00f1o. La revista\u00a0El Contador P\u00fablico\u00a0es una publicaci\u00f3n peri\u00f3dica realizada por el\u00a0Instituto Nacional de Contadores P\u00fablicos\u00a0\u2013 INCP desde 1954, registrada bajo el ISSN 2745-1224 (en l\u00ednea) \/ 0122-6762 (impreso), en la cual se publican contenidos relacionados con&hellip; <br \/> <a class=\"read-more\" href=\"https:\/\/incp.org.co\/revista-el-contador-publico\/descarga-la-edicion-gratuita\/\">Leer m\u00e1s<\/a><\/p>\n","protected":false},"author":1148,"featured_media":0,"parent":0,"menu_order":0,"comment_status":"closed","ping_status":"closed","template":"","meta":{"footnotes":""},"class_list":["post-3186","page","type-page","status-publish","hentry"],"_links":{"self":[{"href":"https:\/\/incp.org.co\/revista-el-contador-publico\/wp-json\/wp\/v2\/pages\/3186","targetHints":{"allow":["GET"]}}],"collection":[{"href":"https:\/\/incp.org.co\/revista-el-contador-publico\/wp-json\/wp\/v2\/pages"}],"about":[{"href":"https:\/\/incp.org.co\/revista-el-contador-publico\/wp-json\/wp\/v2\/types\/page"}],"author":[{"embeddable":true,"href":"https:\/\/incp.org.co\/revista-el-contador-publico\/wp-json\/wp\/v2\/users\/1148"}],"replies":[{"embeddable":true,"href":"https:\/\/incp.org.co\/revista-el-contador-publico\/wp-json\/wp\/v2\/comments?post=3186"}],"version-history":[{"count":43,"href":"https:\/\/incp.org.co\/revista-el-contador-publico\/wp-json\/wp\/v2\/pages\/3186\/revisions"}],"predecessor-version":[{"id":4844,"href":"https:\/\/incp.org.co\/revista-el-contador-publico\/wp-json\/wp\/v2\/pages\/3186\/revisions\/4844"}],"wp:attachment":[{"href":"https:\/\/incp.org.co\/revista-el-contador-publico\/wp-json\/wp\/v2\/media?parent=3186"}],"curies":[{"name":"wp","href":"https:\/\/api.w.org\/{rel}","templated":true}]}}