{"id":20708,"date":"2021-01-22T11:20:38","date_gmt":"2021-01-22T16:20:38","guid":{"rendered":"https:\/\/incp.org.co\/tienda-online\/?post_type=product&#038;p=20708"},"modified":"2021-10-13T19:52:18","modified_gmt":"2021-10-14T00:52:18","slug":"membresia-elite-trimestral","status":"publish","type":"product","link":"https:\/\/incp.org.co\/tienda-online\/product\/membresia-elite-trimestral\/","title":{"rendered":"Membres\u00eda \u00c9lite &#8211; Trimestral"},"content":{"rendered":"<p><strong>Requisitos:<\/strong><\/p>\n<ol>\n<li><a href=\"https:\/\/incp.org.co\/wp-content\/uploads\/2019\/05\/formulario-persona-natural-may19.pdf\">Formato de admisi\u00f3n<\/a><\/li>\n<li>Fotocopia de la c\u00e9dula<\/li>\n<li>Fotocopia de la tarjeta profesional<\/li>\n<\/ol>\n<p><strong>Brochure de presentaci\u00f3n y servicios<\/strong><\/p>\n<p><iframe style=\"border: none; width: 1200px; height: 600px;\" src=\"\/\/e.issuu.com\/embed.html?backgroundColor=%23000000&amp;backgroundColorFullscreen=%23000000&amp;d=brochure-gremial-incp&amp;hideIssuuLogo=true&amp;hideShareButton=true&amp;u=incp\" allowfullscreen=\"allowfullscreen\"><\/iframe><\/p>\n<p><strong><a href=\"https:\/\/incp.org.co\/tienda-online\/wp-content\/uploads\/2021\/01\/brochure-gremial-incp.pdf\" target=\"_blank\" rel=\"noopener noreferrer\">Descargar PDF<\/a><\/strong><\/p>\n","protected":false},"excerpt":{"rendered":"<p><strong>69 a\u00f1os de experiencia y trayectoria en la profesi\u00f3n contable, con m\u00e1s de 15.000 profesionales vinculados.<\/strong><strong>\u00a0<\/strong><\/p>\n<p>Somos el <strong>gremio profesional m\u00e1s representativo de tu profesi\u00f3n contable<\/strong> y el <strong>\u00fanico<\/strong> organismo patrocinador ante la Federaci\u00f3n Internacional de Contadores (IFAC) y Fundaci\u00f3n IFRS, lo que te permite <strong>recibir de primera mano<\/strong> todas las novedades en est\u00e1ndares internacionales.<\/p>\n<p>Recibe material acad\u00e9mico orientado a un <strong>contador integral<\/strong> y adquiere las herramientas profesionales para el desarrollo contin\u00fao de tu profesi\u00f3n en el d\u00eda a d\u00eda.\u00a0\u00a0 Lo m\u00e1s importante de esta membres\u00eda es que puedes participar activamente en las asambleas INCP y contribuir con tu voz y voto a fortalecer nuestro gremio profesional.<\/p>\n<hr \/>\n<p style=\"text-align: center;\"><span style=\"color: #00aeef;\"><strong>INCP comprometido con la reactivaci\u00f3n econ\u00f3mica<br \/>\nB<\/strong><\/span><span style=\"color: #00aeef;\"><strong>ajamos las tarifas para el 2021<\/strong><\/span><\/p>\n<p style=\"text-align: center;\"><strong>Renovaci\u00f3n trimestral 2021: $ 145.000<\/strong><\/p>\n<hr \/>\n<p><strong>Contacta con un asesor para ampliar informaci\u00f3n<\/strong><\/p>\n<p style=\"text-align: center;\"><span style=\"color: #00aeef;\"><strong>Yeimi Castro: 320 434 1991\u00a0 \u00a0&#8211;\u00a0 \u00a0Arlys Contreras: 310 854 1480<\/strong><\/span><\/p>\n<p>[contact-form-7 id=\u00bb1006&#8243; title=\u00bbContacto\u00bb]<\/p>\n","protected":false},"featured_media":1021,"comment_status":"closed","ping_status":"closed","template":"","meta":[],"product_brand":[],"product_cat":[16],"product_tag":[],"class_list":{"0":"post-20708","1":"product","2":"type-product","3":"status-publish","4":"has-post-thumbnail","6":"product_cat-uncategorized","8":"first","9":"instock","10":"purchasable","11":"product-type-simple"},"yoast_head":"<!-- This site is optimized with the Yoast SEO plugin v27.4 - https:\/\/yoast.com\/product\/yoast-seo-wordpress\/ -->\n<title>Membres\u00eda \u00c9lite - Trimestral - Tienda Online<\/title>\n<meta name=\"robots\" content=\"index, follow, max-snippet:-1, max-image-preview:large, max-video-preview:-1\" \/>\n<link rel=\"canonical\" href=\"https:\/\/incp.org.co\/tienda-online\/product\/membresia-elite-trimestral\/\" \/>\n<meta property=\"og:locale\" content=\"es_ES\" \/>\n<meta property=\"og:type\" content=\"article\" \/>\n<meta property=\"og:title\" content=\"Membres\u00eda \u00c9lite - Trimestral - Tienda Online\" \/>\n<meta property=\"og:description\" content=\"69 a\u00f1os de experiencia y trayectoria en la profesi\u00f3n contable, con m\u00e1s de 15.000 profesionales vinculados.\u00a0  Somos el gremio profesional m\u00e1s representativo de tu profesi\u00f3n contable y el \u00fanico organismo patrocinador ante la Federaci\u00f3n Internacional de Contadores (IFAC) y Fundaci\u00f3n IFRS, lo que te permite recibir de primera mano todas las novedades en est\u00e1ndares internacionales.  Recibe material acad\u00e9mico orientado a un contador integral y adquiere las herramientas profesionales para el desarrollo contin\u00fao de tu profesi\u00f3n en el d\u00eda a d\u00eda.\u00a0\u00a0 Lo m\u00e1s importante de esta membres\u00eda es que puedes participar activamente en las asambleas INCP y contribuir con tu voz y voto a fortalecer nuestro gremio profesional.   INCP comprometido con la reactivaci\u00f3n econ\u00f3mica Bajamos las tarifas para el 2021 Renovaci\u00f3n trimestral 2021: $ 145.000     Contacta con un asesor para ampliar informaci\u00f3n Yeimi Castro: 320 434 1991\u00a0 \u00a0-\u00a0 \u00a0Arlys Contreras: 310 854 1480 [contact-form-7 id=&quot;1006&quot; title=&quot;Contacto&quot;]\" \/>\n<meta property=\"og:url\" content=\"https:\/\/incp.org.co\/tienda-online\/product\/membresia-elite-trimestral\/\" \/>\n<meta property=\"og:site_name\" content=\"Tienda Online\" \/>\n<meta property=\"article:modified_time\" content=\"2021-10-14T00:52:18+00:00\" \/>\n<meta property=\"og:image\" content=\"https:\/\/incp.org.co\/tienda-online\/wp-content\/uploads\/2020\/11\/socio-elite-445a.jpg\" \/>\n\t<meta property=\"og:image:width\" content=\"445\" \/>\n\t<meta property=\"og:image:height\" content=\"445\" \/>\n\t<meta property=\"og:image:type\" content=\"image\/jpeg\" \/>\n<meta name=\"twitter:card\" content=\"summary_large_image\" \/>\n<script type=\"application\/ld+json\" class=\"yoast-schema-graph\">{\"@context\":\"https:\\\/\\\/schema.org\",\"@graph\":[{\"@type\":\"WebPage\",\"@id\":\"https:\\\/\\\/incp.org.co\\\/tienda-online\\\/product\\\/membresia-elite-trimestral\\\/\",\"url\":\"https:\\\/\\\/incp.org.co\\\/tienda-online\\\/product\\\/membresia-elite-trimestral\\\/\",\"name\":\"Membres\u00eda \u00c9lite - Trimestral - Tienda Online\",\"isPartOf\":{\"@id\":\"https:\\\/\\\/incp.org.co\\\/tienda-online\\\/#website\"},\"primaryImageOfPage\":{\"@id\":\"https:\\\/\\\/incp.org.co\\\/tienda-online\\\/product\\\/membresia-elite-trimestral\\\/#primaryimage\"},\"image\":{\"@id\":\"https:\\\/\\\/incp.org.co\\\/tienda-online\\\/product\\\/membresia-elite-trimestral\\\/#primaryimage\"},\"thumbnailUrl\":\"https:\\\/\\\/incp.org.co\\\/tienda-online\\\/wp-content\\\/uploads\\\/2020\\\/11\\\/socio-elite-445a.jpg\",\"datePublished\":\"2021-01-22T16:20:38+00:00\",\"dateModified\":\"2021-10-14T00:52:18+00:00\",\"breadcrumb\":{\"@id\":\"https:\\\/\\\/incp.org.co\\\/tienda-online\\\/product\\\/membresia-elite-trimestral\\\/#breadcrumb\"},\"inLanguage\":\"es\",\"potentialAction\":[{\"@type\":\"ReadAction\",\"target\":[\"https:\\\/\\\/incp.org.co\\\/tienda-online\\\/product\\\/membresia-elite-trimestral\\\/\"]}]},{\"@type\":\"ImageObject\",\"inLanguage\":\"es\",\"@id\":\"https:\\\/\\\/incp.org.co\\\/tienda-online\\\/product\\\/membresia-elite-trimestral\\\/#primaryimage\",\"url\":\"https:\\\/\\\/incp.org.co\\\/tienda-online\\\/wp-content\\\/uploads\\\/2020\\\/11\\\/socio-elite-445a.jpg\",\"contentUrl\":\"https:\\\/\\\/incp.org.co\\\/tienda-online\\\/wp-content\\\/uploads\\\/2020\\\/11\\\/socio-elite-445a.jpg\",\"width\":445,\"height\":445},{\"@type\":\"BreadcrumbList\",\"@id\":\"https:\\\/\\\/incp.org.co\\\/tienda-online\\\/product\\\/membresia-elite-trimestral\\\/#breadcrumb\",\"itemListElement\":[{\"@type\":\"ListItem\",\"position\":1,\"name\":\"Portada\",\"item\":\"https:\\\/\\\/incp.org.co\\\/tienda-online\\\/\"},{\"@type\":\"ListItem\",\"position\":2,\"name\":\"shop\",\"item\":\"https:\\\/\\\/incp.org.co\\\/tienda-online\\\/shop-2-2\\\/\"},{\"@type\":\"ListItem\",\"position\":3,\"name\":\"Membres\u00eda \u00c9lite &#8211; Trimestral\"}]},{\"@type\":\"WebSite\",\"@id\":\"https:\\\/\\\/incp.org.co\\\/tienda-online\\\/#website\",\"url\":\"https:\\\/\\\/incp.org.co\\\/tienda-online\\\/\",\"name\":\"Tienda Online\",\"description\":\"\",\"publisher\":{\"@id\":\"https:\\\/\\\/incp.org.co\\\/tienda-online\\\/#organization\"},\"potentialAction\":[{\"@type\":\"SearchAction\",\"target\":{\"@type\":\"EntryPoint\",\"urlTemplate\":\"https:\\\/\\\/incp.org.co\\\/tienda-online\\\/?s={search_term_string}\"},\"query-input\":{\"@type\":\"PropertyValueSpecification\",\"valueRequired\":true,\"valueName\":\"search_term_string\"}}],\"inLanguage\":\"es\"},{\"@type\":\"Organization\",\"@id\":\"https:\\\/\\\/incp.org.co\\\/tienda-online\\\/#organization\",\"name\":\"Tienda INCP\",\"url\":\"https:\\\/\\\/incp.org.co\\\/tienda-online\\\/\",\"logo\":{\"@type\":\"ImageObject\",\"inLanguage\":\"es\",\"@id\":\"https:\\\/\\\/incp.org.co\\\/tienda-online\\\/#\\\/schema\\\/logo\\\/image\\\/\",\"url\":\"https:\\\/\\\/incp.org.co\\\/tienda-online\\\/wp-content\\\/uploads\\\/2020\\\/08\\\/Sin-t\u00edtulo-1-02-e1597256515126.png\",\"contentUrl\":\"https:\\\/\\\/incp.org.co\\\/tienda-online\\\/wp-content\\\/uploads\\\/2020\\\/08\\\/Sin-t\u00edtulo-1-02-e1597256515126.png\",\"width\":220,\"height\":170,\"caption\":\"Tienda INCP\"},\"image\":{\"@id\":\"https:\\\/\\\/incp.org.co\\\/tienda-online\\\/#\\\/schema\\\/logo\\\/image\\\/\"}}]}<\/script>\n<!-- \/ Yoast SEO plugin. -->","yoast_head_json":{"title":"Membres\u00eda \u00c9lite - Trimestral - Tienda Online","robots":{"index":"index","follow":"follow","max-snippet":"max-snippet:-1","max-image-preview":"max-image-preview:large","max-video-preview":"max-video-preview:-1"},"canonical":"https:\/\/incp.org.co\/tienda-online\/product\/membresia-elite-trimestral\/","og_locale":"es_ES","og_type":"article","og_title":"Membres\u00eda \u00c9lite - Trimestral - Tienda Online","og_description":"69 a\u00f1os de experiencia y trayectoria en la profesi\u00f3n contable, con m\u00e1s de 15.000 profesionales vinculados.\u00a0  Somos el gremio profesional m\u00e1s representativo de tu profesi\u00f3n contable y el \u00fanico organismo patrocinador ante la Federaci\u00f3n Internacional de Contadores (IFAC) y Fundaci\u00f3n IFRS, lo que te permite recibir de primera mano todas las novedades en est\u00e1ndares internacionales.  Recibe material acad\u00e9mico orientado a un contador integral y adquiere las herramientas profesionales para el desarrollo contin\u00fao de tu profesi\u00f3n en el d\u00eda a d\u00eda.\u00a0\u00a0 Lo m\u00e1s importante de esta membres\u00eda es que puedes participar activamente en las asambleas INCP y contribuir con tu voz y voto a fortalecer nuestro gremio profesional.   INCP comprometido con la reactivaci\u00f3n econ\u00f3mica Bajamos las tarifas para el 2021 Renovaci\u00f3n trimestral 2021: $ 145.000     Contacta con un asesor para ampliar informaci\u00f3n Yeimi Castro: 320 434 1991\u00a0 \u00a0-\u00a0 \u00a0Arlys Contreras: 310 854 1480 [contact-form-7 id=\"1006\" title=\"Contacto\"]","og_url":"https:\/\/incp.org.co\/tienda-online\/product\/membresia-elite-trimestral\/","og_site_name":"Tienda Online","article_modified_time":"2021-10-14T00:52:18+00:00","og_image":[{"width":445,"height":445,"url":"https:\/\/incp.org.co\/tienda-online\/wp-content\/uploads\/2020\/11\/socio-elite-445a.jpg","type":"image\/jpeg"}],"twitter_card":"summary_large_image","schema":{"@context":"https:\/\/schema.org","@graph":[{"@type":"WebPage","@id":"https:\/\/incp.org.co\/tienda-online\/product\/membresia-elite-trimestral\/","url":"https:\/\/incp.org.co\/tienda-online\/product\/membresia-elite-trimestral\/","name":"Membres\u00eda \u00c9lite - Trimestral - Tienda Online","isPartOf":{"@id":"https:\/\/incp.org.co\/tienda-online\/#website"},"primaryImageOfPage":{"@id":"https:\/\/incp.org.co\/tienda-online\/product\/membresia-elite-trimestral\/#primaryimage"},"image":{"@id":"https:\/\/incp.org.co\/tienda-online\/product\/membresia-elite-trimestral\/#primaryimage"},"thumbnailUrl":"https:\/\/incp.org.co\/tienda-online\/wp-content\/uploads\/2020\/11\/socio-elite-445a.jpg","datePublished":"2021-01-22T16:20:38+00:00","dateModified":"2021-10-14T00:52:18+00:00","breadcrumb":{"@id":"https:\/\/incp.org.co\/tienda-online\/product\/membresia-elite-trimestral\/#breadcrumb"},"inLanguage":"es","potentialAction":[{"@type":"ReadAction","target":["https:\/\/incp.org.co\/tienda-online\/product\/membresia-elite-trimestral\/"]}]},{"@type":"ImageObject","inLanguage":"es","@id":"https:\/\/incp.org.co\/tienda-online\/product\/membresia-elite-trimestral\/#primaryimage","url":"https:\/\/incp.org.co\/tienda-online\/wp-content\/uploads\/2020\/11\/socio-elite-445a.jpg","contentUrl":"https:\/\/incp.org.co\/tienda-online\/wp-content\/uploads\/2020\/11\/socio-elite-445a.jpg","width":445,"height":445},{"@type":"BreadcrumbList","@id":"https:\/\/incp.org.co\/tienda-online\/product\/membresia-elite-trimestral\/#breadcrumb","itemListElement":[{"@type":"ListItem","position":1,"name":"Portada","item":"https:\/\/incp.org.co\/tienda-online\/"},{"@type":"ListItem","position":2,"name":"shop","item":"https:\/\/incp.org.co\/tienda-online\/shop-2-2\/"},{"@type":"ListItem","position":3,"name":"Membres\u00eda \u00c9lite &#8211; Trimestral"}]},{"@type":"WebSite","@id":"https:\/\/incp.org.co\/tienda-online\/#website","url":"https:\/\/incp.org.co\/tienda-online\/","name":"Tienda Online","description":"","publisher":{"@id":"https:\/\/incp.org.co\/tienda-online\/#organization"},"potentialAction":[{"@type":"SearchAction","target":{"@type":"EntryPoint","urlTemplate":"https:\/\/incp.org.co\/tienda-online\/?s={search_term_string}"},"query-input":{"@type":"PropertyValueSpecification","valueRequired":true,"valueName":"search_term_string"}}],"inLanguage":"es"},{"@type":"Organization","@id":"https:\/\/incp.org.co\/tienda-online\/#organization","name":"Tienda INCP","url":"https:\/\/incp.org.co\/tienda-online\/","logo":{"@type":"ImageObject","inLanguage":"es","@id":"https:\/\/incp.org.co\/tienda-online\/#\/schema\/logo\/image\/","url":"https:\/\/incp.org.co\/tienda-online\/wp-content\/uploads\/2020\/08\/Sin-t\u00edtulo-1-02-e1597256515126.png","contentUrl":"https:\/\/incp.org.co\/tienda-online\/wp-content\/uploads\/2020\/08\/Sin-t\u00edtulo-1-02-e1597256515126.png","width":220,"height":170,"caption":"Tienda INCP"},"image":{"@id":"https:\/\/incp.org.co\/tienda-online\/#\/schema\/logo\/image\/"}}]}},"_links":{"self":[{"href":"https:\/\/incp.org.co\/tienda-online\/wp-json\/wp\/v2\/product\/20708","targetHints":{"allow":["GET"]}}],"collection":[{"href":"https:\/\/incp.org.co\/tienda-online\/wp-json\/wp\/v2\/product"}],"about":[{"href":"https:\/\/incp.org.co\/tienda-online\/wp-json\/wp\/v2\/types\/product"}],"replies":[{"embeddable":true,"href":"https:\/\/incp.org.co\/tienda-online\/wp-json\/wp\/v2\/comments?post=20708"}],"wp:featuredmedia":[{"embeddable":true,"href":"https:\/\/incp.org.co\/tienda-online\/wp-json\/wp\/v2\/media\/1021"}],"wp:attachment":[{"href":"https:\/\/incp.org.co\/tienda-online\/wp-json\/wp\/v2\/media?parent=20708"}],"wp:term":[{"taxonomy":"product_brand","embeddable":true,"href":"https:\/\/incp.org.co\/tienda-online\/wp-json\/wp\/v2\/product_brand?post=20708"},{"taxonomy":"product_cat","embeddable":true,"href":"https:\/\/incp.org.co\/tienda-online\/wp-json\/wp\/v2\/product_cat?post=20708"},{"taxonomy":"product_tag","embeddable":true,"href":"https:\/\/incp.org.co\/tienda-online\/wp-json\/wp\/v2\/product_tag?post=20708"}],"curies":[{"name":"wp","href":"https:\/\/api.w.org\/{rel}","templated":true}]}}