{"id":22678,"date":"2021-09-17T11:58:25","date_gmt":"2021-09-17T16:58:25","guid":{"rendered":"https:\/\/incp.org.co\/tienda-online\/?post_type=product&#038;p=22678"},"modified":"2025-01-08T14:52:35","modified_gmt":"2025-01-08T19:52:35","slug":"membresia-plus","status":"publish","type":"product","link":"https:\/\/incp.org.co\/tienda-online\/product\/membresia-plus\/","title":{"rendered":"Membres\u00eda Plus &#8211; Sorteo"},"content":{"rendered":"<p><strong>Requisitos:<\/strong><\/p>\n<ol>\n<li><a href=\"https:\/\/incp.org.co\/wp-content\/uploads\/2019\/05\/formulario-persona-natural-may19.pdf\">Formato de admisi\u00f3n<\/a><\/li>\n<li>Fotocopia de la c\u00e9dula<\/li>\n<li>Fotocopia de la tarjeta profesional<\/li>\n<\/ol>\n<p><strong>Brochure de presentaci\u00f3n y servicios<\/strong><\/p>\n<div style=\"position: relative;padding-top: max(60%,326px);height: 0;width: 100%\"><\/div>\n<p><strong><a href=\"https:\/\/incp.org.co\/wp-content\/uploads\/2022\/11\/membresias-2023.pdf\" target=\"_blank\" rel=\"noopener noreferrer\">Descargar PDF<\/a><\/strong><\/p>\n","protected":false},"excerpt":{"rendered":"<p><strong>La uni\u00f3n hace la fuerza<\/strong><strong>\u00a0<\/strong><\/p>\n<p>Somos el <strong>gremio profesional m\u00e1s representativo de tu profesi\u00f3n contable<\/strong> y el <strong>\u00fanico<\/strong> organismo patrocinador ante la Federaci\u00f3n Internacional de Contadores (IFAC) y Fundaci\u00f3n IFRS, lo que te permite <strong>recibir de primera mano<\/strong> todas las novedades en est\u00e1ndares internacionales.<\/p>\n<p>Con la membres\u00eda podr\u00e1s apoyar la defensa de la profesi\u00f3n, participar activamente en nuestros espacios de actualizaci\u00f3n profesional y apostarle a ser un contador 100% competente.<strong>\u00a0<\/strong><\/p>\n<p><strong>Contacta con un asesor para ampliar informaci\u00f3n<\/strong><\/p>\n<p class=\"has-text-align-center has-text-color\" style=\"text-align: center\"><span style=\"color: #00aeef\">Cel:<span style=\"color: #00ccff\"> <a style=\"color: #00ccff\" href=\"https:\/\/wa.link\/1ra8vt\">3204345753<\/a><\/span>&#8211;<span style=\"color: #00ccff\"><a style=\"color: #00ccff\" href=\"https:\/\/wa.link\/jm7xg5\">3108541480<\/a><\/span>-membresia@incp.org.co<\/span><!-- \/wp:paragraph --><\/p>\n<p><span style=\"color: #ffffff\">[contact-form-7 id=\u00bb1006&#8243; title=\u00bbConta<\/span><\/p>\n","protected":false},"featured_media":1022,"comment_status":"closed","ping_status":"closed","template":"","meta":[],"product_brand":[],"product_cat":[63],"product_tag":[],"class_list":{"0":"post-22678","1":"product","2":"type-product","3":"status-publish","4":"has-post-thumbnail","6":"product_cat-regalo","8":"first","9":"instock","10":"product-type-simple"},"yoast_head":"<!-- This site is optimized with the Yoast SEO plugin v27.3 - https:\/\/yoast.com\/product\/yoast-seo-wordpress\/ -->\n<title>Membres\u00eda Plus - Sorteo - Tienda Online<\/title>\n<meta name=\"robots\" content=\"index, follow, max-snippet:-1, max-image-preview:large, max-video-preview:-1\" \/>\n<link rel=\"canonical\" href=\"https:\/\/incp.org.co\/tienda-online\/product\/membresia-plus\/\" \/>\n<meta property=\"og:locale\" content=\"es_ES\" \/>\n<meta property=\"og:type\" content=\"article\" \/>\n<meta property=\"og:title\" content=\"Membres\u00eda Plus - Sorteo - Tienda Online\" \/>\n<meta property=\"og:description\" content=\"La uni\u00f3n hace la fuerza\u00a0  Somos el gremio profesional m\u00e1s representativo de tu profesi\u00f3n contable y el \u00fanico organismo patrocinador ante la Federaci\u00f3n Internacional de Contadores (IFAC) y Fundaci\u00f3n IFRS, lo que te permite recibir de primera mano todas las novedades en est\u00e1ndares internacionales.  Con la membres\u00eda podr\u00e1s apoyar la defensa de la profesi\u00f3n, participar activamente en nuestros espacios de actualizaci\u00f3n profesional y apostarle a ser un contador 100% competente.\u00a0  Contacta con un asesor para ampliar informaci\u00f3n Cel: 3204345753-3108541480-membresia@incp.org.co [contact-form-7 id=&quot;1006&quot; title=&quot;Conta\" \/>\n<meta property=\"og:url\" content=\"https:\/\/incp.org.co\/tienda-online\/product\/membresia-plus\/\" \/>\n<meta property=\"og:site_name\" content=\"Tienda Online\" \/>\n<meta property=\"article:modified_time\" content=\"2025-01-08T19:52:35+00:00\" \/>\n<meta property=\"og:image\" content=\"https:\/\/incp.org.co\/tienda-online\/wp-content\/uploads\/2020\/11\/socio-plus-445A.jpg\" \/>\n\t<meta property=\"og:image:width\" content=\"445\" \/>\n\t<meta property=\"og:image:height\" content=\"445\" \/>\n\t<meta property=\"og:image:type\" content=\"image\/jpeg\" \/>\n<meta name=\"twitter:card\" content=\"summary_large_image\" \/>\n<meta name=\"twitter:label1\" content=\"Tiempo de lectura\" \/>\n\t<meta name=\"twitter:data1\" content=\"1 minuto\" \/>\n<script type=\"application\/ld+json\" class=\"yoast-schema-graph\">{\"@context\":\"https:\\\/\\\/schema.org\",\"@graph\":[{\"@type\":\"WebPage\",\"@id\":\"https:\\\/\\\/incp.org.co\\\/tienda-online\\\/product\\\/membresia-plus\\\/\",\"url\":\"https:\\\/\\\/incp.org.co\\\/tienda-online\\\/product\\\/membresia-plus\\\/\",\"name\":\"Membres\u00eda Plus - Sorteo - Tienda Online\",\"isPartOf\":{\"@id\":\"https:\\\/\\\/incp.org.co\\\/tienda-online\\\/#website\"},\"primaryImageOfPage\":{\"@id\":\"https:\\\/\\\/incp.org.co\\\/tienda-online\\\/product\\\/membresia-plus\\\/#primaryimage\"},\"image\":{\"@id\":\"https:\\\/\\\/incp.org.co\\\/tienda-online\\\/product\\\/membresia-plus\\\/#primaryimage\"},\"thumbnailUrl\":\"https:\\\/\\\/incp.org.co\\\/tienda-online\\\/wp-content\\\/uploads\\\/2020\\\/11\\\/socio-plus-445A.jpg\",\"datePublished\":\"2021-09-17T16:58:25+00:00\",\"dateModified\":\"2025-01-08T19:52:35+00:00\",\"breadcrumb\":{\"@id\":\"https:\\\/\\\/incp.org.co\\\/tienda-online\\\/product\\\/membresia-plus\\\/#breadcrumb\"},\"inLanguage\":\"es\",\"potentialAction\":[{\"@type\":\"ReadAction\",\"target\":[\"https:\\\/\\\/incp.org.co\\\/tienda-online\\\/product\\\/membresia-plus\\\/\"]}]},{\"@type\":\"ImageObject\",\"inLanguage\":\"es\",\"@id\":\"https:\\\/\\\/incp.org.co\\\/tienda-online\\\/product\\\/membresia-plus\\\/#primaryimage\",\"url\":\"https:\\\/\\\/incp.org.co\\\/tienda-online\\\/wp-content\\\/uploads\\\/2020\\\/11\\\/socio-plus-445A.jpg\",\"contentUrl\":\"https:\\\/\\\/incp.org.co\\\/tienda-online\\\/wp-content\\\/uploads\\\/2020\\\/11\\\/socio-plus-445A.jpg\",\"width\":445,\"height\":445},{\"@type\":\"BreadcrumbList\",\"@id\":\"https:\\\/\\\/incp.org.co\\\/tienda-online\\\/product\\\/membresia-plus\\\/#breadcrumb\",\"itemListElement\":[{\"@type\":\"ListItem\",\"position\":1,\"name\":\"Portada\",\"item\":\"https:\\\/\\\/incp.org.co\\\/tienda-online\\\/\"},{\"@type\":\"ListItem\",\"position\":2,\"name\":\"shop\",\"item\":\"https:\\\/\\\/incp.org.co\\\/tienda-online\\\/shop-2-2\\\/\"},{\"@type\":\"ListItem\",\"position\":3,\"name\":\"Membres\u00eda Plus &#8211; Sorteo\"}]},{\"@type\":\"WebSite\",\"@id\":\"https:\\\/\\\/incp.org.co\\\/tienda-online\\\/#website\",\"url\":\"https:\\\/\\\/incp.org.co\\\/tienda-online\\\/\",\"name\":\"Tienda Online\",\"description\":\"\",\"publisher\":{\"@id\":\"https:\\\/\\\/incp.org.co\\\/tienda-online\\\/#organization\"},\"potentialAction\":[{\"@type\":\"SearchAction\",\"target\":{\"@type\":\"EntryPoint\",\"urlTemplate\":\"https:\\\/\\\/incp.org.co\\\/tienda-online\\\/?s={search_term_string}\"},\"query-input\":{\"@type\":\"PropertyValueSpecification\",\"valueRequired\":true,\"valueName\":\"search_term_string\"}}],\"inLanguage\":\"es\"},{\"@type\":\"Organization\",\"@id\":\"https:\\\/\\\/incp.org.co\\\/tienda-online\\\/#organization\",\"name\":\"Tienda INCP\",\"url\":\"https:\\\/\\\/incp.org.co\\\/tienda-online\\\/\",\"logo\":{\"@type\":\"ImageObject\",\"inLanguage\":\"es\",\"@id\":\"https:\\\/\\\/incp.org.co\\\/tienda-online\\\/#\\\/schema\\\/logo\\\/image\\\/\",\"url\":\"https:\\\/\\\/incp.org.co\\\/tienda-online\\\/wp-content\\\/uploads\\\/2020\\\/08\\\/Sin-t\u00edtulo-1-02-e1597256515126.png\",\"contentUrl\":\"https:\\\/\\\/incp.org.co\\\/tienda-online\\\/wp-content\\\/uploads\\\/2020\\\/08\\\/Sin-t\u00edtulo-1-02-e1597256515126.png\",\"width\":220,\"height\":170,\"caption\":\"Tienda INCP\"},\"image\":{\"@id\":\"https:\\\/\\\/incp.org.co\\\/tienda-online\\\/#\\\/schema\\\/logo\\\/image\\\/\"}}]}<\/script>\n<!-- \/ Yoast SEO plugin. -->","yoast_head_json":{"title":"Membres\u00eda Plus - Sorteo - Tienda Online","robots":{"index":"index","follow":"follow","max-snippet":"max-snippet:-1","max-image-preview":"max-image-preview:large","max-video-preview":"max-video-preview:-1"},"canonical":"https:\/\/incp.org.co\/tienda-online\/product\/membresia-plus\/","og_locale":"es_ES","og_type":"article","og_title":"Membres\u00eda Plus - Sorteo - Tienda Online","og_description":"La uni\u00f3n hace la fuerza\u00a0  Somos el gremio profesional m\u00e1s representativo de tu profesi\u00f3n contable y el \u00fanico organismo patrocinador ante la Federaci\u00f3n Internacional de Contadores (IFAC) y Fundaci\u00f3n IFRS, lo que te permite recibir de primera mano todas las novedades en est\u00e1ndares internacionales.  Con la membres\u00eda podr\u00e1s apoyar la defensa de la profesi\u00f3n, participar activamente en nuestros espacios de actualizaci\u00f3n profesional y apostarle a ser un contador 100% competente.\u00a0  Contacta con un asesor para ampliar informaci\u00f3n Cel: 3204345753-3108541480-membresia@incp.org.co [contact-form-7 id=\"1006\" title=\"Conta","og_url":"https:\/\/incp.org.co\/tienda-online\/product\/membresia-plus\/","og_site_name":"Tienda Online","article_modified_time":"2025-01-08T19:52:35+00:00","og_image":[{"width":445,"height":445,"url":"https:\/\/incp.org.co\/tienda-online\/wp-content\/uploads\/2020\/11\/socio-plus-445A.jpg","type":"image\/jpeg"}],"twitter_card":"summary_large_image","twitter_misc":{"Tiempo de lectura":"1 minuto"},"schema":{"@context":"https:\/\/schema.org","@graph":[{"@type":"WebPage","@id":"https:\/\/incp.org.co\/tienda-online\/product\/membresia-plus\/","url":"https:\/\/incp.org.co\/tienda-online\/product\/membresia-plus\/","name":"Membres\u00eda Plus - Sorteo - Tienda Online","isPartOf":{"@id":"https:\/\/incp.org.co\/tienda-online\/#website"},"primaryImageOfPage":{"@id":"https:\/\/incp.org.co\/tienda-online\/product\/membresia-plus\/#primaryimage"},"image":{"@id":"https:\/\/incp.org.co\/tienda-online\/product\/membresia-plus\/#primaryimage"},"thumbnailUrl":"https:\/\/incp.org.co\/tienda-online\/wp-content\/uploads\/2020\/11\/socio-plus-445A.jpg","datePublished":"2021-09-17T16:58:25+00:00","dateModified":"2025-01-08T19:52:35+00:00","breadcrumb":{"@id":"https:\/\/incp.org.co\/tienda-online\/product\/membresia-plus\/#breadcrumb"},"inLanguage":"es","potentialAction":[{"@type":"ReadAction","target":["https:\/\/incp.org.co\/tienda-online\/product\/membresia-plus\/"]}]},{"@type":"ImageObject","inLanguage":"es","@id":"https:\/\/incp.org.co\/tienda-online\/product\/membresia-plus\/#primaryimage","url":"https:\/\/incp.org.co\/tienda-online\/wp-content\/uploads\/2020\/11\/socio-plus-445A.jpg","contentUrl":"https:\/\/incp.org.co\/tienda-online\/wp-content\/uploads\/2020\/11\/socio-plus-445A.jpg","width":445,"height":445},{"@type":"BreadcrumbList","@id":"https:\/\/incp.org.co\/tienda-online\/product\/membresia-plus\/#breadcrumb","itemListElement":[{"@type":"ListItem","position":1,"name":"Portada","item":"https:\/\/incp.org.co\/tienda-online\/"},{"@type":"ListItem","position":2,"name":"shop","item":"https:\/\/incp.org.co\/tienda-online\/shop-2-2\/"},{"@type":"ListItem","position":3,"name":"Membres\u00eda Plus &#8211; Sorteo"}]},{"@type":"WebSite","@id":"https:\/\/incp.org.co\/tienda-online\/#website","url":"https:\/\/incp.org.co\/tienda-online\/","name":"Tienda Online","description":"","publisher":{"@id":"https:\/\/incp.org.co\/tienda-online\/#organization"},"potentialAction":[{"@type":"SearchAction","target":{"@type":"EntryPoint","urlTemplate":"https:\/\/incp.org.co\/tienda-online\/?s={search_term_string}"},"query-input":{"@type":"PropertyValueSpecification","valueRequired":true,"valueName":"search_term_string"}}],"inLanguage":"es"},{"@type":"Organization","@id":"https:\/\/incp.org.co\/tienda-online\/#organization","name":"Tienda INCP","url":"https:\/\/incp.org.co\/tienda-online\/","logo":{"@type":"ImageObject","inLanguage":"es","@id":"https:\/\/incp.org.co\/tienda-online\/#\/schema\/logo\/image\/","url":"https:\/\/incp.org.co\/tienda-online\/wp-content\/uploads\/2020\/08\/Sin-t\u00edtulo-1-02-e1597256515126.png","contentUrl":"https:\/\/incp.org.co\/tienda-online\/wp-content\/uploads\/2020\/08\/Sin-t\u00edtulo-1-02-e1597256515126.png","width":220,"height":170,"caption":"Tienda INCP"},"image":{"@id":"https:\/\/incp.org.co\/tienda-online\/#\/schema\/logo\/image\/"}}]}},"_links":{"self":[{"href":"https:\/\/incp.org.co\/tienda-online\/wp-json\/wp\/v2\/product\/22678","targetHints":{"allow":["GET"]}}],"collection":[{"href":"https:\/\/incp.org.co\/tienda-online\/wp-json\/wp\/v2\/product"}],"about":[{"href":"https:\/\/incp.org.co\/tienda-online\/wp-json\/wp\/v2\/types\/product"}],"replies":[{"embeddable":true,"href":"https:\/\/incp.org.co\/tienda-online\/wp-json\/wp\/v2\/comments?post=22678"}],"wp:featuredmedia":[{"embeddable":true,"href":"https:\/\/incp.org.co\/tienda-online\/wp-json\/wp\/v2\/media\/1022"}],"wp:attachment":[{"href":"https:\/\/incp.org.co\/tienda-online\/wp-json\/wp\/v2\/media?parent=22678"}],"wp:term":[{"taxonomy":"product_brand","embeddable":true,"href":"https:\/\/incp.org.co\/tienda-online\/wp-json\/wp\/v2\/product_brand?post=22678"},{"taxonomy":"product_cat","embeddable":true,"href":"https:\/\/incp.org.co\/tienda-online\/wp-json\/wp\/v2\/product_cat?post=22678"},{"taxonomy":"product_tag","embeddable":true,"href":"https:\/\/incp.org.co\/tienda-online\/wp-json\/wp\/v2\/product_tag?post=22678"}],"curies":[{"name":"wp","href":"https:\/\/api.w.org\/{rel}","templated":true}]}}