{"id":31971,"date":"2024-02-06T14:00:31","date_gmt":"2024-02-06T19:00:31","guid":{"rendered":"https:\/\/incp.org.co\/tienda-online\/?post_type=product&#038;p=31971"},"modified":"2026-02-11T08:20:06","modified_gmt":"2026-02-11T13:20:06","slug":"paquete-de-certificaciones-acca","status":"publish","type":"product","link":"https:\/\/incp.org.co\/tienda-online\/product\/paquete-nia-acca\/","title":{"rendered":"Paquete NIA ACCA"},"content":{"rendered":"<h3 style=\"text-align: center;\"><strong>Paquete NIA ACCA<\/strong><\/h3>\n<hr \/>\n<p><img loading=\"lazy\" decoding=\"async\" class=\"alignnone size-full wp-image-20746\" src=\"https:\/\/incp.org.co\/tienda-online\/wp-content\/uploads\/2020\/11\/temario.png\" alt=\"\" width=\"50\" height=\"50\" \/> \u00a0<strong>Temario<\/strong><\/p>\n<ul>\n<li>\n<h4>NIA<\/h4>\n<ol>\n<li style=\"list-style-type: none;\">\n<ul>\n<li>Certificado ACCA en Auditor\u00eda Internacional (Espa\u00f1ol)<\/li>\n<li>Aprendizaje interactivo a su propio ritmo<\/li>\n<li>El certificado se compone de 14 m\u00f3dulos<\/li>\n<li>Examen en l\u00ednea de una hora que se compone de 30 preguntas de opci\u00f3n m\u00faltiple<\/li>\n<li>Complete el curso y la evaluaci\u00f3n para obtener su certificado y su insignia digital<\/li>\n<\/ul>\n<\/li>\n<\/ol>\n<div><\/div>\n<\/li>\n<\/ul>\n<p><span style=\"color: #f8971d;\"><strong>Para cancelaciones, devoluciones y\/o anulaciones favor tener en cuenta:<\/strong><\/span><\/p>\n<ul>\n<li><strong>Si usted cancela su inscripci\u00f3n antes de 15 d\u00edas, no hay cargo alguno.<\/strong><\/li>\n<li><strong>Si usted cancela su inscripci\u00f3n 5 d\u00edas antes del evento, se le cobrar\u00e1 un 30% de gastos administrativos<\/strong><\/li>\n<li><strong>Si usted cancela su inscripci\u00f3n 3 d\u00edas antes del evento, se le cobrar\u00e1 el 100% del total de la factura.<\/strong><\/li>\n<\/ul>\n","protected":false},"excerpt":{"rendered":"<h6><strong><img loading=\"lazy\" decoding=\"async\" class=\"alignleft\" src=\"https:\/\/incp.org.co\/tienda-online\/wp-content\/uploads\/2020\/11\/inversion.png\" alt=\"\" width=\"50\" height=\"50\" \/><\/strong><strong>Socio: $1&#8217;700.000<\/strong><br \/>\n<strong>No socio: $1&#8217;900.000<\/strong><strong><br \/>\n<\/strong><\/h6>\n<p>&nbsp;<\/p>\n<p><strong>Si eres socio INCP inicia sesi\u00f3n para acceder a las tarifas especiales<\/strong><\/p>\n[wp_login_form label_username=\"Usuario\" label_password=\"Contrase\u00f1a\" label_log_in=\"Ingresar\" remember=\"0\" label_text=\"Prueba\"]\n<p>&nbsp;<\/p>\n<h4 style=\"text-align: center;\"><strong>Para m\u00e1s informaci\u00f3n comun\u00edcate con Yeimi Castro al celular <a href=\"https:\/\/wa.link\/a46kvj\">3204341991<\/a>, o al correo electr\u00f3nico de\u00a0<a href=\"mailto:yeimi.castro@incp.org.co\" target=\"_blank\" rel=\"noreferrer noopener\">yeimi.castro@incp.org.co<\/a><\/strong><\/h4>\n<p>&nbsp;<\/p>\n","protected":false},"featured_media":32772,"comment_status":"closed","ping_status":"closed","template":"","meta":[],"product_brand":[],"product_cat":[44,38],"product_tag":[],"class_list":{"0":"post-31971","1":"product","2":"type-product","3":"status-publish","4":"has-post-thumbnail","6":"product_cat-academicos","7":"product_cat-eventos","9":"first","10":"instock","11":"purchasable","12":"product-type-simple"},"yoast_head":"<!-- This site is optimized with the Yoast SEO plugin v27.3 - https:\/\/yoast.com\/product\/yoast-seo-wordpress\/ -->\n<title>Paquete NIA ACCA - Tienda Online<\/title>\n<meta name=\"robots\" content=\"index, follow, max-snippet:-1, max-image-preview:large, max-video-preview:-1\" \/>\n<link rel=\"canonical\" href=\"https:\/\/incp.org.co\/tienda-online\/product\/paquete-nia-acca\/\" \/>\n<meta property=\"og:locale\" content=\"es_ES\" \/>\n<meta property=\"og:type\" content=\"article\" \/>\n<meta property=\"og:title\" content=\"Paquete NIA ACCA - Tienda Online\" \/>\n<meta property=\"og:description\" content=\"Socio: $1&#039;700.000 No socio: $1&#039;900.000  &nbsp;  Si eres socio INCP inicia sesi\u00f3n para acceder a las tarifas especiales    &nbsp; Para m\u00e1s informaci\u00f3n comun\u00edcate con Yeimi Castro al celular 3204341991, o al correo electr\u00f3nico de\u00a0yeimi.castro@incp.org.co &nbsp;\" \/>\n<meta property=\"og:url\" content=\"https:\/\/incp.org.co\/tienda-online\/product\/paquete-nia-acca\/\" \/>\n<meta property=\"og:site_name\" content=\"Tienda Online\" \/>\n<meta property=\"article:modified_time\" content=\"2026-02-11T13:20:06+00:00\" \/>\n<meta property=\"og:image\" content=\"https:\/\/incp.org.co\/tienda-online\/wp-content\/uploads\/2024\/02\/Mesa-de-trabajo-1-copia@2x-100.jpg\" \/>\n\t<meta property=\"og:image:width\" content=\"1603\" \/>\n\t<meta property=\"og:image:height\" content=\"891\" \/>\n\t<meta property=\"og:image:type\" content=\"image\/jpeg\" \/>\n<meta name=\"twitter:card\" content=\"summary_large_image\" \/>\n<meta name=\"twitter:label1\" content=\"Tiempo de lectura\" \/>\n\t<meta name=\"twitter:data1\" content=\"1 minuto\" \/>\n<script type=\"application\/ld+json\" class=\"yoast-schema-graph\">{\"@context\":\"https:\\\/\\\/schema.org\",\"@graph\":[{\"@type\":\"WebPage\",\"@id\":\"https:\\\/\\\/incp.org.co\\\/tienda-online\\\/product\\\/paquete-nia-acca\\\/\",\"url\":\"https:\\\/\\\/incp.org.co\\\/tienda-online\\\/product\\\/paquete-nia-acca\\\/\",\"name\":\"Paquete NIA ACCA - Tienda Online\",\"isPartOf\":{\"@id\":\"https:\\\/\\\/incp.org.co\\\/tienda-online\\\/#website\"},\"primaryImageOfPage\":{\"@id\":\"https:\\\/\\\/incp.org.co\\\/tienda-online\\\/product\\\/paquete-nia-acca\\\/#primaryimage\"},\"image\":{\"@id\":\"https:\\\/\\\/incp.org.co\\\/tienda-online\\\/product\\\/paquete-nia-acca\\\/#primaryimage\"},\"thumbnailUrl\":\"https:\\\/\\\/incp.org.co\\\/tienda-online\\\/wp-content\\\/uploads\\\/2024\\\/02\\\/Mesa-de-trabajo-1-copia@2x-100.jpg\",\"datePublished\":\"2024-02-06T19:00:31+00:00\",\"dateModified\":\"2026-02-11T13:20:06+00:00\",\"breadcrumb\":{\"@id\":\"https:\\\/\\\/incp.org.co\\\/tienda-online\\\/product\\\/paquete-nia-acca\\\/#breadcrumb\"},\"inLanguage\":\"es\",\"potentialAction\":[{\"@type\":\"ReadAction\",\"target\":[\"https:\\\/\\\/incp.org.co\\\/tienda-online\\\/product\\\/paquete-nia-acca\\\/\"]}]},{\"@type\":\"ImageObject\",\"inLanguage\":\"es\",\"@id\":\"https:\\\/\\\/incp.org.co\\\/tienda-online\\\/product\\\/paquete-nia-acca\\\/#primaryimage\",\"url\":\"https:\\\/\\\/incp.org.co\\\/tienda-online\\\/wp-content\\\/uploads\\\/2024\\\/02\\\/Mesa-de-trabajo-1-copia@2x-100.jpg\",\"contentUrl\":\"https:\\\/\\\/incp.org.co\\\/tienda-online\\\/wp-content\\\/uploads\\\/2024\\\/02\\\/Mesa-de-trabajo-1-copia@2x-100.jpg\",\"width\":1603,\"height\":891},{\"@type\":\"BreadcrumbList\",\"@id\":\"https:\\\/\\\/incp.org.co\\\/tienda-online\\\/product\\\/paquete-nia-acca\\\/#breadcrumb\",\"itemListElement\":[{\"@type\":\"ListItem\",\"position\":1,\"name\":\"Portada\",\"item\":\"https:\\\/\\\/incp.org.co\\\/tienda-online\\\/\"},{\"@type\":\"ListItem\",\"position\":2,\"name\":\"shop\",\"item\":\"https:\\\/\\\/incp.org.co\\\/tienda-online\\\/shop-2-2\\\/\"},{\"@type\":\"ListItem\",\"position\":3,\"name\":\"Paquete NIA ACCA\"}]},{\"@type\":\"WebSite\",\"@id\":\"https:\\\/\\\/incp.org.co\\\/tienda-online\\\/#website\",\"url\":\"https:\\\/\\\/incp.org.co\\\/tienda-online\\\/\",\"name\":\"Tienda Online\",\"description\":\"\",\"publisher\":{\"@id\":\"https:\\\/\\\/incp.org.co\\\/tienda-online\\\/#organization\"},\"potentialAction\":[{\"@type\":\"SearchAction\",\"target\":{\"@type\":\"EntryPoint\",\"urlTemplate\":\"https:\\\/\\\/incp.org.co\\\/tienda-online\\\/?s={search_term_string}\"},\"query-input\":{\"@type\":\"PropertyValueSpecification\",\"valueRequired\":true,\"valueName\":\"search_term_string\"}}],\"inLanguage\":\"es\"},{\"@type\":\"Organization\",\"@id\":\"https:\\\/\\\/incp.org.co\\\/tienda-online\\\/#organization\",\"name\":\"Tienda INCP\",\"url\":\"https:\\\/\\\/incp.org.co\\\/tienda-online\\\/\",\"logo\":{\"@type\":\"ImageObject\",\"inLanguage\":\"es\",\"@id\":\"https:\\\/\\\/incp.org.co\\\/tienda-online\\\/#\\\/schema\\\/logo\\\/image\\\/\",\"url\":\"https:\\\/\\\/incp.org.co\\\/tienda-online\\\/wp-content\\\/uploads\\\/2020\\\/08\\\/Sin-t\u00edtulo-1-02-e1597256515126.png\",\"contentUrl\":\"https:\\\/\\\/incp.org.co\\\/tienda-online\\\/wp-content\\\/uploads\\\/2020\\\/08\\\/Sin-t\u00edtulo-1-02-e1597256515126.png\",\"width\":220,\"height\":170,\"caption\":\"Tienda INCP\"},\"image\":{\"@id\":\"https:\\\/\\\/incp.org.co\\\/tienda-online\\\/#\\\/schema\\\/logo\\\/image\\\/\"}}]}<\/script>\n<!-- \/ Yoast SEO plugin. -->","yoast_head_json":{"title":"Paquete NIA ACCA - Tienda Online","robots":{"index":"index","follow":"follow","max-snippet":"max-snippet:-1","max-image-preview":"max-image-preview:large","max-video-preview":"max-video-preview:-1"},"canonical":"https:\/\/incp.org.co\/tienda-online\/product\/paquete-nia-acca\/","og_locale":"es_ES","og_type":"article","og_title":"Paquete NIA ACCA - Tienda Online","og_description":"Socio: $1'700.000 No socio: $1'900.000  &nbsp;  Si eres socio INCP inicia sesi\u00f3n para acceder a las tarifas especiales    &nbsp; Para m\u00e1s informaci\u00f3n comun\u00edcate con Yeimi Castro al celular 3204341991, o al correo electr\u00f3nico de\u00a0yeimi.castro@incp.org.co &nbsp;","og_url":"https:\/\/incp.org.co\/tienda-online\/product\/paquete-nia-acca\/","og_site_name":"Tienda Online","article_modified_time":"2026-02-11T13:20:06+00:00","og_image":[{"width":1603,"height":891,"url":"https:\/\/incp.org.co\/tienda-online\/wp-content\/uploads\/2024\/02\/Mesa-de-trabajo-1-copia@2x-100.jpg","type":"image\/jpeg"}],"twitter_card":"summary_large_image","twitter_misc":{"Tiempo de lectura":"1 minuto"},"schema":{"@context":"https:\/\/schema.org","@graph":[{"@type":"WebPage","@id":"https:\/\/incp.org.co\/tienda-online\/product\/paquete-nia-acca\/","url":"https:\/\/incp.org.co\/tienda-online\/product\/paquete-nia-acca\/","name":"Paquete NIA ACCA - Tienda Online","isPartOf":{"@id":"https:\/\/incp.org.co\/tienda-online\/#website"},"primaryImageOfPage":{"@id":"https:\/\/incp.org.co\/tienda-online\/product\/paquete-nia-acca\/#primaryimage"},"image":{"@id":"https:\/\/incp.org.co\/tienda-online\/product\/paquete-nia-acca\/#primaryimage"},"thumbnailUrl":"https:\/\/incp.org.co\/tienda-online\/wp-content\/uploads\/2024\/02\/Mesa-de-trabajo-1-copia@2x-100.jpg","datePublished":"2024-02-06T19:00:31+00:00","dateModified":"2026-02-11T13:20:06+00:00","breadcrumb":{"@id":"https:\/\/incp.org.co\/tienda-online\/product\/paquete-nia-acca\/#breadcrumb"},"inLanguage":"es","potentialAction":[{"@type":"ReadAction","target":["https:\/\/incp.org.co\/tienda-online\/product\/paquete-nia-acca\/"]}]},{"@type":"ImageObject","inLanguage":"es","@id":"https:\/\/incp.org.co\/tienda-online\/product\/paquete-nia-acca\/#primaryimage","url":"https:\/\/incp.org.co\/tienda-online\/wp-content\/uploads\/2024\/02\/Mesa-de-trabajo-1-copia@2x-100.jpg","contentUrl":"https:\/\/incp.org.co\/tienda-online\/wp-content\/uploads\/2024\/02\/Mesa-de-trabajo-1-copia@2x-100.jpg","width":1603,"height":891},{"@type":"BreadcrumbList","@id":"https:\/\/incp.org.co\/tienda-online\/product\/paquete-nia-acca\/#breadcrumb","itemListElement":[{"@type":"ListItem","position":1,"name":"Portada","item":"https:\/\/incp.org.co\/tienda-online\/"},{"@type":"ListItem","position":2,"name":"shop","item":"https:\/\/incp.org.co\/tienda-online\/shop-2-2\/"},{"@type":"ListItem","position":3,"name":"Paquete NIA ACCA"}]},{"@type":"WebSite","@id":"https:\/\/incp.org.co\/tienda-online\/#website","url":"https:\/\/incp.org.co\/tienda-online\/","name":"Tienda Online","description":"","publisher":{"@id":"https:\/\/incp.org.co\/tienda-online\/#organization"},"potentialAction":[{"@type":"SearchAction","target":{"@type":"EntryPoint","urlTemplate":"https:\/\/incp.org.co\/tienda-online\/?s={search_term_string}"},"query-input":{"@type":"PropertyValueSpecification","valueRequired":true,"valueName":"search_term_string"}}],"inLanguage":"es"},{"@type":"Organization","@id":"https:\/\/incp.org.co\/tienda-online\/#organization","name":"Tienda INCP","url":"https:\/\/incp.org.co\/tienda-online\/","logo":{"@type":"ImageObject","inLanguage":"es","@id":"https:\/\/incp.org.co\/tienda-online\/#\/schema\/logo\/image\/","url":"https:\/\/incp.org.co\/tienda-online\/wp-content\/uploads\/2020\/08\/Sin-t\u00edtulo-1-02-e1597256515126.png","contentUrl":"https:\/\/incp.org.co\/tienda-online\/wp-content\/uploads\/2020\/08\/Sin-t\u00edtulo-1-02-e1597256515126.png","width":220,"height":170,"caption":"Tienda INCP"},"image":{"@id":"https:\/\/incp.org.co\/tienda-online\/#\/schema\/logo\/image\/"}}]}},"_links":{"self":[{"href":"https:\/\/incp.org.co\/tienda-online\/wp-json\/wp\/v2\/product\/31971","targetHints":{"allow":["GET"]}}],"collection":[{"href":"https:\/\/incp.org.co\/tienda-online\/wp-json\/wp\/v2\/product"}],"about":[{"href":"https:\/\/incp.org.co\/tienda-online\/wp-json\/wp\/v2\/types\/product"}],"replies":[{"embeddable":true,"href":"https:\/\/incp.org.co\/tienda-online\/wp-json\/wp\/v2\/comments?post=31971"}],"wp:featuredmedia":[{"embeddable":true,"href":"https:\/\/incp.org.co\/tienda-online\/wp-json\/wp\/v2\/media\/32772"}],"wp:attachment":[{"href":"https:\/\/incp.org.co\/tienda-online\/wp-json\/wp\/v2\/media?parent=31971"}],"wp:term":[{"taxonomy":"product_brand","embeddable":true,"href":"https:\/\/incp.org.co\/tienda-online\/wp-json\/wp\/v2\/product_brand?post=31971"},{"taxonomy":"product_cat","embeddable":true,"href":"https:\/\/incp.org.co\/tienda-online\/wp-json\/wp\/v2\/product_cat?post=31971"},{"taxonomy":"product_tag","embeddable":true,"href":"https:\/\/incp.org.co\/tienda-online\/wp-json\/wp\/v2\/product_tag?post=31971"}],"curies":[{"name":"wp","href":"https:\/\/api.w.org\/{rel}","templated":true}]}}