{"id":32409,"date":"2024-10-28T14:33:08","date_gmt":"2024-10-28T19:33:08","guid":{"rendered":"https:\/\/incp.org.co\/tienda-online\/?post_type=product&#038;p=32409"},"modified":"2024-11-01T15:37:10","modified_gmt":"2024-11-01T20:37:10","slug":"planeacion-de-cierre-contable-y-fiscal","status":"publish","type":"product","link":"https:\/\/incp.org.co\/tienda-online\/product\/planeacion-de-cierre-contable-y-fiscal\/","title":{"rendered":"Planeaci\u00f3n de cierre contable y fiscal"},"content":{"rendered":"<h3 style=\"text-align: center;\"><strong>Planeaci\u00f3n de Cierre Contable y Fiscal<\/strong><\/h3>\r\n<p><span style=\"color: #f8971d;\"><strong>Conferencista<\/strong><\/span><\/p>\r\n<p><strong>Luis Henry Moya<\/strong>\u00a0<\/p>\r\n<p><span style=\"color: #f8971d;\"><strong>Temario<\/strong><\/span><\/p>\r\n<ul>\r\n<li><strong>Cambios normativos contables y fiscales<\/strong><\/li>\r\n<li><strong>Aspectos de revelaci\u00f3n en sostenibilidad contable<\/strong><\/li>\r\n<li><strong>Aspectos clave en la preparaci\u00f3n de notas<\/strong><\/li>\r\n<li><strong>Claves en el cierre en el deterioro e impuesto diferido<\/strong><\/li>\r\n<\/ul>\r\n<hr \/>\r\n<p><span style=\"color: #f8971d;\"><strong>Para cancelaciones, devoluciones y\/o anulaciones favor tener en cuenta:<\/strong><\/span><\/p>\r\n<ul>\r\n<li><strong>Si usted cancela su inscripci\u00f3n antes de 15 d\u00edas, no hay cargo alguno.<\/strong><\/li>\r\n<li><strong>Si usted cancela su inscripci\u00f3n 5 d\u00edas antes del evento, se le cobrar\u00e1 un 30% de gastos administrativos<\/strong><\/li>\r\n<li><strong>Si usted cancela su inscripci\u00f3n 3 d\u00edas antes del evento, se le cobrar\u00e1 el 100% del total de la factura.<\/strong><\/li>\r\n<\/ul>","protected":false},"excerpt":{"rendered":"<h6><img loading=\"lazy\" decoding=\"async\" class=\"size-full wp-image-32197 alignleft\" src=\"https:\/\/incp.org.co\/tienda-online\/wp-content\/uploads\/2024\/06\/Fecha-Tienda-Online-50x50-1.png\" alt=\"\" width=\"50\" height=\"56\" \/><\/h6>\n<h6><strong> 27 de noviembre de 2024<\/p>\n<p><\/strong><strong><\/p>\n<p><img loading=\"lazy\" decoding=\"async\" class=\"size-full wp-image-32194 alignleft\" src=\"https:\/\/incp.org.co\/tienda-online\/wp-content\/uploads\/2024\/06\/Hora-Tienda-Online-50x50-1.png\" alt=\"\" width=\"50\" height=\"50\" \/><\/strong><\/h6>\n<h6><strong> <br \/>05:00 PM a 9:00 PM<\/p>\n<p><\/strong><\/h6>\n<h6><strong> <img loading=\"lazy\" decoding=\"async\" class=\"size-full wp-image-32196 alignleft\" src=\"https:\/\/incp.org.co\/tienda-online\/wp-content\/uploads\/2024\/06\/Ubicacion-Tienda-Online-50x50-1.png\" alt=\"\" width=\"50\" height=\"49\" \/> <br \/>Evento virtual<\/p>\n<p><\/strong><img loading=\"lazy\" decoding=\"async\" class=\"size-full wp-image-32195 alignleft\" src=\"https:\/\/incp.org.co\/tienda-online\/wp-content\/uploads\/2024\/06\/Inversion-Tienda-Online-50x50-1.png\" alt=\"\" width=\"50\" height=\"50\" \/><strong><br \/>Socio \u00c9lite: $140.000 + IVA <\/strong><strong>Socio Plus: $180.000 + IVA <\/strong><strong>No Socio: $250.000 + IVA<\/strong><\/h6>\n<h6>\u00a0<\/h6>\n<p><strong>Si eres socio INCP inicia sesi\u00f3n para acceder a las tarifas especiales<\/strong> [wp_login_form label_username=\"Usuario\" label_password=\"Contrase\u00f1a\" label_log_in=\"Ingresar\" remember=\"0\" label_text=\"Prueba\"]<\/p>\n<h5 style=\"text-align: center;\"><strong><span style=\"color: #00aeef;\">Para m\u00e1s informaci\u00f3n comun\u00edcate con Linda Rodr\u00edguez al n\u00famero celular <a href=\"https:\/\/wa.link\/mbb1s8\">3103513149<\/a>, o al correo electr\u00f3nico de <a href=\"mailto:fidelizacion@incp.org.co\" target=\"_blank\" rel=\"noreferrer noopener\">fidelizacion@incp.org.co<\/a><\/span><\/strong><\/h5>\n","protected":false},"featured_media":32408,"comment_status":"closed","ping_status":"closed","template":"","meta":[],"product_brand":[],"product_cat":[44],"product_tag":[],"class_list":{"0":"post-32409","1":"product","2":"type-product","3":"status-publish","4":"has-post-thumbnail","6":"product_cat-academicos","8":"first","9":"instock","10":"taxable","11":"shipping-taxable","12":"purchasable","13":"product-type-simple"},"yoast_head":"<!-- This site is optimized with the Yoast SEO plugin v27.3 - https:\/\/yoast.com\/product\/yoast-seo-wordpress\/ -->\n<title>Planeaci\u00f3n de cierre contable y fiscal - Tienda Online<\/title>\n<meta name=\"robots\" content=\"index, follow, max-snippet:-1, max-image-preview:large, max-video-preview:-1\" \/>\n<link rel=\"canonical\" href=\"https:\/\/incp.org.co\/tienda-online\/product\/planeacion-de-cierre-contable-y-fiscal\/\" \/>\n<meta property=\"og:locale\" content=\"es_ES\" \/>\n<meta property=\"og:type\" content=\"article\" \/>\n<meta property=\"og:title\" content=\"Planeaci\u00f3n de cierre contable y fiscal - Tienda Online\" \/>\n<meta property=\"og:description\" content=\"27 de noviembre de 2024  05:00 PM a 9:00 PM  Evento virtualSocio \u00c9lite: $140.000 + IVA Socio Plus: $180.000 + IVA No Socio: $250.000 + IVA \u00a0 Si eres socio INCP inicia sesi\u00f3n para acceder a las tarifas especiales  Para m\u00e1s informaci\u00f3n comun\u00edcate con Linda Rodr\u00edguez al n\u00famero celular 3103513149, o al correo electr\u00f3nico de fidelizacion@incp.org.co\" \/>\n<meta property=\"og:url\" content=\"https:\/\/incp.org.co\/tienda-online\/product\/planeacion-de-cierre-contable-y-fiscal\/\" \/>\n<meta property=\"og:site_name\" content=\"Tienda Online\" \/>\n<meta property=\"article:modified_time\" content=\"2024-11-01T20:37:10+00:00\" \/>\n<meta property=\"og:image\" content=\"https:\/\/incp.org.co\/tienda-online\/wp-content\/uploads\/2024\/10\/Mesa-de-trabajo-2-100.jpg\" \/>\n\t<meta property=\"og:image:width\" content=\"801\" \/>\n\t<meta property=\"og:image:height\" content=\"446\" \/>\n\t<meta property=\"og:image:type\" content=\"image\/jpeg\" \/>\n<meta name=\"twitter:card\" content=\"summary_large_image\" \/>\n<meta name=\"twitter:label1\" content=\"Tiempo de lectura\" \/>\n\t<meta name=\"twitter:data1\" content=\"1 minuto\" \/>\n<script type=\"application\/ld+json\" class=\"yoast-schema-graph\">{\"@context\":\"https:\\\/\\\/schema.org\",\"@graph\":[{\"@type\":\"WebPage\",\"@id\":\"https:\\\/\\\/incp.org.co\\\/tienda-online\\\/product\\\/planeacion-de-cierre-contable-y-fiscal\\\/\",\"url\":\"https:\\\/\\\/incp.org.co\\\/tienda-online\\\/product\\\/planeacion-de-cierre-contable-y-fiscal\\\/\",\"name\":\"Planeaci\u00f3n de cierre contable y fiscal - Tienda Online\",\"isPartOf\":{\"@id\":\"https:\\\/\\\/incp.org.co\\\/tienda-online\\\/#website\"},\"primaryImageOfPage\":{\"@id\":\"https:\\\/\\\/incp.org.co\\\/tienda-online\\\/product\\\/planeacion-de-cierre-contable-y-fiscal\\\/#primaryimage\"},\"image\":{\"@id\":\"https:\\\/\\\/incp.org.co\\\/tienda-online\\\/product\\\/planeacion-de-cierre-contable-y-fiscal\\\/#primaryimage\"},\"thumbnailUrl\":\"https:\\\/\\\/incp.org.co\\\/tienda-online\\\/wp-content\\\/uploads\\\/2024\\\/10\\\/Mesa-de-trabajo-2-100.jpg\",\"datePublished\":\"2024-10-28T19:33:08+00:00\",\"dateModified\":\"2024-11-01T20:37:10+00:00\",\"breadcrumb\":{\"@id\":\"https:\\\/\\\/incp.org.co\\\/tienda-online\\\/product\\\/planeacion-de-cierre-contable-y-fiscal\\\/#breadcrumb\"},\"inLanguage\":\"es\",\"potentialAction\":[{\"@type\":\"ReadAction\",\"target\":[\"https:\\\/\\\/incp.org.co\\\/tienda-online\\\/product\\\/planeacion-de-cierre-contable-y-fiscal\\\/\"]}]},{\"@type\":\"ImageObject\",\"inLanguage\":\"es\",\"@id\":\"https:\\\/\\\/incp.org.co\\\/tienda-online\\\/product\\\/planeacion-de-cierre-contable-y-fiscal\\\/#primaryimage\",\"url\":\"https:\\\/\\\/incp.org.co\\\/tienda-online\\\/wp-content\\\/uploads\\\/2024\\\/10\\\/Mesa-de-trabajo-2-100.jpg\",\"contentUrl\":\"https:\\\/\\\/incp.org.co\\\/tienda-online\\\/wp-content\\\/uploads\\\/2024\\\/10\\\/Mesa-de-trabajo-2-100.jpg\",\"width\":801,\"height\":446},{\"@type\":\"BreadcrumbList\",\"@id\":\"https:\\\/\\\/incp.org.co\\\/tienda-online\\\/product\\\/planeacion-de-cierre-contable-y-fiscal\\\/#breadcrumb\",\"itemListElement\":[{\"@type\":\"ListItem\",\"position\":1,\"name\":\"Portada\",\"item\":\"https:\\\/\\\/incp.org.co\\\/tienda-online\\\/\"},{\"@type\":\"ListItem\",\"position\":2,\"name\":\"shop\",\"item\":\"https:\\\/\\\/incp.org.co\\\/tienda-online\\\/shop-2-2\\\/\"},{\"@type\":\"ListItem\",\"position\":3,\"name\":\"Planeaci\u00f3n de cierre contable y fiscal\"}]},{\"@type\":\"WebSite\",\"@id\":\"https:\\\/\\\/incp.org.co\\\/tienda-online\\\/#website\",\"url\":\"https:\\\/\\\/incp.org.co\\\/tienda-online\\\/\",\"name\":\"Tienda Online\",\"description\":\"\",\"publisher\":{\"@id\":\"https:\\\/\\\/incp.org.co\\\/tienda-online\\\/#organization\"},\"potentialAction\":[{\"@type\":\"SearchAction\",\"target\":{\"@type\":\"EntryPoint\",\"urlTemplate\":\"https:\\\/\\\/incp.org.co\\\/tienda-online\\\/?s={search_term_string}\"},\"query-input\":{\"@type\":\"PropertyValueSpecification\",\"valueRequired\":true,\"valueName\":\"search_term_string\"}}],\"inLanguage\":\"es\"},{\"@type\":\"Organization\",\"@id\":\"https:\\\/\\\/incp.org.co\\\/tienda-online\\\/#organization\",\"name\":\"Tienda INCP\",\"url\":\"https:\\\/\\\/incp.org.co\\\/tienda-online\\\/\",\"logo\":{\"@type\":\"ImageObject\",\"inLanguage\":\"es\",\"@id\":\"https:\\\/\\\/incp.org.co\\\/tienda-online\\\/#\\\/schema\\\/logo\\\/image\\\/\",\"url\":\"https:\\\/\\\/incp.org.co\\\/tienda-online\\\/wp-content\\\/uploads\\\/2020\\\/08\\\/Sin-t\u00edtulo-1-02-e1597256515126.png\",\"contentUrl\":\"https:\\\/\\\/incp.org.co\\\/tienda-online\\\/wp-content\\\/uploads\\\/2020\\\/08\\\/Sin-t\u00edtulo-1-02-e1597256515126.png\",\"width\":220,\"height\":170,\"caption\":\"Tienda INCP\"},\"image\":{\"@id\":\"https:\\\/\\\/incp.org.co\\\/tienda-online\\\/#\\\/schema\\\/logo\\\/image\\\/\"}}]}<\/script>\n<!-- \/ Yoast SEO plugin. -->","yoast_head_json":{"title":"Planeaci\u00f3n de cierre contable y fiscal - Tienda Online","robots":{"index":"index","follow":"follow","max-snippet":"max-snippet:-1","max-image-preview":"max-image-preview:large","max-video-preview":"max-video-preview:-1"},"canonical":"https:\/\/incp.org.co\/tienda-online\/product\/planeacion-de-cierre-contable-y-fiscal\/","og_locale":"es_ES","og_type":"article","og_title":"Planeaci\u00f3n de cierre contable y fiscal - Tienda Online","og_description":"27 de noviembre de 2024  05:00 PM a 9:00 PM  Evento virtualSocio \u00c9lite: $140.000 + IVA Socio Plus: $180.000 + IVA No Socio: $250.000 + IVA \u00a0 Si eres socio INCP inicia sesi\u00f3n para acceder a las tarifas especiales  Para m\u00e1s informaci\u00f3n comun\u00edcate con Linda Rodr\u00edguez al n\u00famero celular 3103513149, o al correo electr\u00f3nico de fidelizacion@incp.org.co","og_url":"https:\/\/incp.org.co\/tienda-online\/product\/planeacion-de-cierre-contable-y-fiscal\/","og_site_name":"Tienda Online","article_modified_time":"2024-11-01T20:37:10+00:00","og_image":[{"width":801,"height":446,"url":"https:\/\/incp.org.co\/tienda-online\/wp-content\/uploads\/2024\/10\/Mesa-de-trabajo-2-100.jpg","type":"image\/jpeg"}],"twitter_card":"summary_large_image","twitter_misc":{"Tiempo de lectura":"1 minuto"},"schema":{"@context":"https:\/\/schema.org","@graph":[{"@type":"WebPage","@id":"https:\/\/incp.org.co\/tienda-online\/product\/planeacion-de-cierre-contable-y-fiscal\/","url":"https:\/\/incp.org.co\/tienda-online\/product\/planeacion-de-cierre-contable-y-fiscal\/","name":"Planeaci\u00f3n de cierre contable y fiscal - Tienda Online","isPartOf":{"@id":"https:\/\/incp.org.co\/tienda-online\/#website"},"primaryImageOfPage":{"@id":"https:\/\/incp.org.co\/tienda-online\/product\/planeacion-de-cierre-contable-y-fiscal\/#primaryimage"},"image":{"@id":"https:\/\/incp.org.co\/tienda-online\/product\/planeacion-de-cierre-contable-y-fiscal\/#primaryimage"},"thumbnailUrl":"https:\/\/incp.org.co\/tienda-online\/wp-content\/uploads\/2024\/10\/Mesa-de-trabajo-2-100.jpg","datePublished":"2024-10-28T19:33:08+00:00","dateModified":"2024-11-01T20:37:10+00:00","breadcrumb":{"@id":"https:\/\/incp.org.co\/tienda-online\/product\/planeacion-de-cierre-contable-y-fiscal\/#breadcrumb"},"inLanguage":"es","potentialAction":[{"@type":"ReadAction","target":["https:\/\/incp.org.co\/tienda-online\/product\/planeacion-de-cierre-contable-y-fiscal\/"]}]},{"@type":"ImageObject","inLanguage":"es","@id":"https:\/\/incp.org.co\/tienda-online\/product\/planeacion-de-cierre-contable-y-fiscal\/#primaryimage","url":"https:\/\/incp.org.co\/tienda-online\/wp-content\/uploads\/2024\/10\/Mesa-de-trabajo-2-100.jpg","contentUrl":"https:\/\/incp.org.co\/tienda-online\/wp-content\/uploads\/2024\/10\/Mesa-de-trabajo-2-100.jpg","width":801,"height":446},{"@type":"BreadcrumbList","@id":"https:\/\/incp.org.co\/tienda-online\/product\/planeacion-de-cierre-contable-y-fiscal\/#breadcrumb","itemListElement":[{"@type":"ListItem","position":1,"name":"Portada","item":"https:\/\/incp.org.co\/tienda-online\/"},{"@type":"ListItem","position":2,"name":"shop","item":"https:\/\/incp.org.co\/tienda-online\/shop-2-2\/"},{"@type":"ListItem","position":3,"name":"Planeaci\u00f3n de cierre contable y fiscal"}]},{"@type":"WebSite","@id":"https:\/\/incp.org.co\/tienda-online\/#website","url":"https:\/\/incp.org.co\/tienda-online\/","name":"Tienda Online","description":"","publisher":{"@id":"https:\/\/incp.org.co\/tienda-online\/#organization"},"potentialAction":[{"@type":"SearchAction","target":{"@type":"EntryPoint","urlTemplate":"https:\/\/incp.org.co\/tienda-online\/?s={search_term_string}"},"query-input":{"@type":"PropertyValueSpecification","valueRequired":true,"valueName":"search_term_string"}}],"inLanguage":"es"},{"@type":"Organization","@id":"https:\/\/incp.org.co\/tienda-online\/#organization","name":"Tienda INCP","url":"https:\/\/incp.org.co\/tienda-online\/","logo":{"@type":"ImageObject","inLanguage":"es","@id":"https:\/\/incp.org.co\/tienda-online\/#\/schema\/logo\/image\/","url":"https:\/\/incp.org.co\/tienda-online\/wp-content\/uploads\/2020\/08\/Sin-t\u00edtulo-1-02-e1597256515126.png","contentUrl":"https:\/\/incp.org.co\/tienda-online\/wp-content\/uploads\/2020\/08\/Sin-t\u00edtulo-1-02-e1597256515126.png","width":220,"height":170,"caption":"Tienda INCP"},"image":{"@id":"https:\/\/incp.org.co\/tienda-online\/#\/schema\/logo\/image\/"}}]}},"_links":{"self":[{"href":"https:\/\/incp.org.co\/tienda-online\/wp-json\/wp\/v2\/product\/32409","targetHints":{"allow":["GET"]}}],"collection":[{"href":"https:\/\/incp.org.co\/tienda-online\/wp-json\/wp\/v2\/product"}],"about":[{"href":"https:\/\/incp.org.co\/tienda-online\/wp-json\/wp\/v2\/types\/product"}],"replies":[{"embeddable":true,"href":"https:\/\/incp.org.co\/tienda-online\/wp-json\/wp\/v2\/comments?post=32409"}],"wp:featuredmedia":[{"embeddable":true,"href":"https:\/\/incp.org.co\/tienda-online\/wp-json\/wp\/v2\/media\/32408"}],"wp:attachment":[{"href":"https:\/\/incp.org.co\/tienda-online\/wp-json\/wp\/v2\/media?parent=32409"}],"wp:term":[{"taxonomy":"product_brand","embeddable":true,"href":"https:\/\/incp.org.co\/tienda-online\/wp-json\/wp\/v2\/product_brand?post=32409"},{"taxonomy":"product_cat","embeddable":true,"href":"https:\/\/incp.org.co\/tienda-online\/wp-json\/wp\/v2\/product_cat?post=32409"},{"taxonomy":"product_tag","embeddable":true,"href":"https:\/\/incp.org.co\/tienda-online\/wp-json\/wp\/v2\/product_tag?post=32409"}],"curies":[{"name":"wp","href":"https:\/\/api.w.org\/{rel}","templated":true}]}}