{"id":32808,"date":"2026-03-16T07:32:30","date_gmt":"2026-03-16T12:32:30","guid":{"rendered":"https:\/\/incp.org.co\/tienda-online\/?post_type=product&#038;p=32808"},"modified":"2026-03-16T07:32:30","modified_gmt":"2026-03-16T12:32:30","slug":"aspectos-a-tener-en-cuenta-al-usar-los-servicios-de-un-experto-externo-en-la-auditoria","status":"publish","type":"product","link":"https:\/\/incp.org.co\/tienda-online\/product\/aspectos-a-tener-en-cuenta-al-usar-los-servicios-de-un-experto-externo-en-la-auditoria\/","title":{"rendered":"Aspectos a tener en cuenta al usar los servicios de un experto externo en la auditor\u00eda."},"content":{"rendered":"<p><span style=\"color: #f8971d;\"><strong>Para cancelaciones, devoluciones y\/o anulaciones favor tener en cuenta:<\/strong><\/span><\/p>\n<ul>\n<li><strong>Si usted cancela su inscripci\u00f3n antes de 15 d\u00edas, no hay cargo alguno.<\/strong><\/li>\n<li><strong>Si usted cancela su inscripci\u00f3n 5 d\u00edas antes del evento, se le cobrar\u00e1 un 30% de gastos administrativos<\/strong><\/li>\n<li><strong>Si usted cancela su inscripci\u00f3n 3 d\u00edas antes del evento, se le cobrar\u00e1 el 100% del total de la factura.<\/strong><\/li>\n<\/ul>\n","protected":false},"excerpt":{"rendered":"<h6><img loading=\"lazy\" decoding=\"async\" class=\"size-full wp-image-32197 alignleft\" src=\"https:\/\/incp.org.co\/tienda-online\/wp-content\/uploads\/2024\/06\/Fecha-Tienda-Online-50x50-1.png\" alt=\"\" width=\"50\" height=\"56\" \/><strong><br \/>\n<\/strong><strong>26 de Mayo 2026<\/strong><\/h6>\n<h6><\/h6>\n<h6><strong><br \/>\n<img loading=\"lazy\" decoding=\"async\" class=\"size-full wp-image-32194 alignleft\" src=\"https:\/\/incp.org.co\/tienda-online\/wp-content\/uploads\/2024\/06\/Hora-Tienda-Online-50x50-1.png\" alt=\"\" width=\"50\" height=\"50\" \/><\/strong><\/h6>\n<h6><strong><br \/>\n08:00 AM a 09:00 AM<br \/>\n<\/strong><\/h6>\n<h6><strong><br \/>\n<img loading=\"lazy\" decoding=\"async\" class=\"size-full wp-image-32196 alignleft\" src=\"https:\/\/incp.org.co\/tienda-online\/wp-content\/uploads\/2024\/06\/Ubicacion-Tienda-Online-50x50-1.png\" alt=\"\" width=\"50\" height=\"49\" \/> <\/strong><\/h6>\n<h6><strong>Evento virtual<\/strong><\/h6>\n<p>&nbsp;<\/p>\n<h6><img loading=\"lazy\" decoding=\"async\" class=\"size-full wp-image-32195 alignleft\" src=\"https:\/\/incp.org.co\/tienda-online\/wp-content\/uploads\/2024\/06\/Inversion-Tienda-Online-50x50-1.png\" alt=\"\" width=\"50\" height=\"50\" \/><strong>No Socio: $80.000 + IVA<br \/>\n<\/strong><strong>Socio Plus: $50.000 + IVA<br \/>\n<\/strong><strong>Socio \u00c9lite: $40.000 + IVA<\/strong><\/h6>\n<h6><\/h6>\n<p>&nbsp;<\/p>\n<p><strong>Si eres socio INCP inicia sesi\u00f3n para acceder a las tarifas especiales<\/strong><\/p>\n[wp_login_form label_username=\"Usuario\" label_password=\"Contrase\u00f1a\" label_log_in=\"Ingresar\" remember=\"0\" label_text=\"Prueba\"]\n<p>&nbsp;<\/p>\n<h4 style=\"text-align: center;\"><span style=\"color: #00ccff;\"><strong>Para m\u00e1s informaci\u00f3n comun\u00edcate con Linda Rodr\u00edguez al celular 3102675553 o Claudia Monroy al celular 3103506749<\/strong><\/span><\/h4>\n<p>&nbsp;<\/p>\n","protected":false},"featured_media":32811,"comment_status":"closed","ping_status":"closed","template":"","meta":[],"product_brand":[],"product_cat":[44,38,72],"product_tag":[],"class_list":{"0":"post-32808","1":"product","2":"type-product","3":"status-publish","4":"has-post-thumbnail","6":"product_cat-academicos","7":"product_cat-eventos","8":"product_cat-membresia-40","10":"first","11":"instock","12":"taxable","13":"shipping-taxable","14":"purchasable","15":"product-type-simple"},"yoast_head":"<!-- This site is optimized with the Yoast SEO plugin v27.3 - https:\/\/yoast.com\/product\/yoast-seo-wordpress\/ -->\n<title>Aspectos a tener en cuenta al usar los servicios de un experto externo en la auditor\u00eda. - Tienda Online<\/title>\n<meta name=\"robots\" content=\"index, follow, max-snippet:-1, max-image-preview:large, max-video-preview:-1\" \/>\n<link rel=\"canonical\" href=\"https:\/\/incp.org.co\/tienda-online\/product\/aspectos-a-tener-en-cuenta-al-usar-los-servicios-de-un-experto-externo-en-la-auditoria\/\" \/>\n<meta property=\"og:locale\" content=\"es_ES\" \/>\n<meta property=\"og:type\" content=\"article\" \/>\n<meta property=\"og:title\" content=\"Aspectos a tener en cuenta al usar los servicios de un experto externo en la auditor\u00eda. - Tienda Online\" \/>\n<meta property=\"og:description\" content=\"26 de Mayo 2026     08:00 AM a 09:00 AM     Evento virtual &nbsp; No Socio: $80.000 + IVA Socio Plus: $50.000 + IVA Socio \u00c9lite: $40.000 + IVA  &nbsp;  Si eres socio INCP inicia sesi\u00f3n para acceder a las tarifas especiales    &nbsp; Para m\u00e1s informaci\u00f3n comun\u00edcate con Linda Rodr\u00edguez al celular 3102675553 o Claudia Monroy al celular 3103506749 &nbsp;\" \/>\n<meta property=\"og:url\" content=\"https:\/\/incp.org.co\/tienda-online\/product\/aspectos-a-tener-en-cuenta-al-usar-los-servicios-de-un-experto-externo-en-la-auditoria\/\" \/>\n<meta property=\"og:site_name\" content=\"Tienda Online\" \/>\n<meta property=\"og:image\" content=\"https:\/\/incp.org.co\/tienda-online\/wp-content\/uploads\/2026\/03\/experto-externo_2@2x-100.jpg\" \/>\n\t<meta property=\"og:image:width\" content=\"1600\" \/>\n\t<meta property=\"og:image:height\" content=\"890\" \/>\n\t<meta property=\"og:image:type\" content=\"image\/jpeg\" \/>\n<meta name=\"twitter:card\" content=\"summary_large_image\" \/>\n<meta name=\"twitter:label1\" content=\"Tiempo de lectura\" \/>\n\t<meta name=\"twitter:data1\" content=\"1 minuto\" \/>\n<script type=\"application\/ld+json\" class=\"yoast-schema-graph\">{\"@context\":\"https:\\\/\\\/schema.org\",\"@graph\":[{\"@type\":\"WebPage\",\"@id\":\"https:\\\/\\\/incp.org.co\\\/tienda-online\\\/product\\\/aspectos-a-tener-en-cuenta-al-usar-los-servicios-de-un-experto-externo-en-la-auditoria\\\/\",\"url\":\"https:\\\/\\\/incp.org.co\\\/tienda-online\\\/product\\\/aspectos-a-tener-en-cuenta-al-usar-los-servicios-de-un-experto-externo-en-la-auditoria\\\/\",\"name\":\"Aspectos a tener en cuenta al usar los servicios de un experto externo en la auditor\u00eda. - Tienda Online\",\"isPartOf\":{\"@id\":\"https:\\\/\\\/incp.org.co\\\/tienda-online\\\/#website\"},\"primaryImageOfPage\":{\"@id\":\"https:\\\/\\\/incp.org.co\\\/tienda-online\\\/product\\\/aspectos-a-tener-en-cuenta-al-usar-los-servicios-de-un-experto-externo-en-la-auditoria\\\/#primaryimage\"},\"image\":{\"@id\":\"https:\\\/\\\/incp.org.co\\\/tienda-online\\\/product\\\/aspectos-a-tener-en-cuenta-al-usar-los-servicios-de-un-experto-externo-en-la-auditoria\\\/#primaryimage\"},\"thumbnailUrl\":\"https:\\\/\\\/incp.org.co\\\/tienda-online\\\/wp-content\\\/uploads\\\/2026\\\/03\\\/experto-externo_2@2x-100.jpg\",\"datePublished\":\"2026-03-16T12:32:30+00:00\",\"breadcrumb\":{\"@id\":\"https:\\\/\\\/incp.org.co\\\/tienda-online\\\/product\\\/aspectos-a-tener-en-cuenta-al-usar-los-servicios-de-un-experto-externo-en-la-auditoria\\\/#breadcrumb\"},\"inLanguage\":\"es\",\"potentialAction\":[{\"@type\":\"ReadAction\",\"target\":[\"https:\\\/\\\/incp.org.co\\\/tienda-online\\\/product\\\/aspectos-a-tener-en-cuenta-al-usar-los-servicios-de-un-experto-externo-en-la-auditoria\\\/\"]}]},{\"@type\":\"ImageObject\",\"inLanguage\":\"es\",\"@id\":\"https:\\\/\\\/incp.org.co\\\/tienda-online\\\/product\\\/aspectos-a-tener-en-cuenta-al-usar-los-servicios-de-un-experto-externo-en-la-auditoria\\\/#primaryimage\",\"url\":\"https:\\\/\\\/incp.org.co\\\/tienda-online\\\/wp-content\\\/uploads\\\/2026\\\/03\\\/experto-externo_2@2x-100.jpg\",\"contentUrl\":\"https:\\\/\\\/incp.org.co\\\/tienda-online\\\/wp-content\\\/uploads\\\/2026\\\/03\\\/experto-externo_2@2x-100.jpg\",\"width\":1600,\"height\":890},{\"@type\":\"BreadcrumbList\",\"@id\":\"https:\\\/\\\/incp.org.co\\\/tienda-online\\\/product\\\/aspectos-a-tener-en-cuenta-al-usar-los-servicios-de-un-experto-externo-en-la-auditoria\\\/#breadcrumb\",\"itemListElement\":[{\"@type\":\"ListItem\",\"position\":1,\"name\":\"Portada\",\"item\":\"https:\\\/\\\/incp.org.co\\\/tienda-online\\\/\"},{\"@type\":\"ListItem\",\"position\":2,\"name\":\"shop\",\"item\":\"https:\\\/\\\/incp.org.co\\\/tienda-online\\\/shop-2-2\\\/\"},{\"@type\":\"ListItem\",\"position\":3,\"name\":\"Aspectos a tener en cuenta al usar los servicios de un experto externo en la auditor\u00eda.\"}]},{\"@type\":\"WebSite\",\"@id\":\"https:\\\/\\\/incp.org.co\\\/tienda-online\\\/#website\",\"url\":\"https:\\\/\\\/incp.org.co\\\/tienda-online\\\/\",\"name\":\"Tienda Online\",\"description\":\"\",\"publisher\":{\"@id\":\"https:\\\/\\\/incp.org.co\\\/tienda-online\\\/#organization\"},\"potentialAction\":[{\"@type\":\"SearchAction\",\"target\":{\"@type\":\"EntryPoint\",\"urlTemplate\":\"https:\\\/\\\/incp.org.co\\\/tienda-online\\\/?s={search_term_string}\"},\"query-input\":{\"@type\":\"PropertyValueSpecification\",\"valueRequired\":true,\"valueName\":\"search_term_string\"}}],\"inLanguage\":\"es\"},{\"@type\":\"Organization\",\"@id\":\"https:\\\/\\\/incp.org.co\\\/tienda-online\\\/#organization\",\"name\":\"Tienda INCP\",\"url\":\"https:\\\/\\\/incp.org.co\\\/tienda-online\\\/\",\"logo\":{\"@type\":\"ImageObject\",\"inLanguage\":\"es\",\"@id\":\"https:\\\/\\\/incp.org.co\\\/tienda-online\\\/#\\\/schema\\\/logo\\\/image\\\/\",\"url\":\"https:\\\/\\\/incp.org.co\\\/tienda-online\\\/wp-content\\\/uploads\\\/2020\\\/08\\\/Sin-t\u00edtulo-1-02-e1597256515126.png\",\"contentUrl\":\"https:\\\/\\\/incp.org.co\\\/tienda-online\\\/wp-content\\\/uploads\\\/2020\\\/08\\\/Sin-t\u00edtulo-1-02-e1597256515126.png\",\"width\":220,\"height\":170,\"caption\":\"Tienda INCP\"},\"image\":{\"@id\":\"https:\\\/\\\/incp.org.co\\\/tienda-online\\\/#\\\/schema\\\/logo\\\/image\\\/\"}}]}<\/script>\n<!-- \/ Yoast SEO plugin. -->","yoast_head_json":{"title":"Aspectos a tener en cuenta al usar los servicios de un experto externo en la auditor\u00eda. - Tienda Online","robots":{"index":"index","follow":"follow","max-snippet":"max-snippet:-1","max-image-preview":"max-image-preview:large","max-video-preview":"max-video-preview:-1"},"canonical":"https:\/\/incp.org.co\/tienda-online\/product\/aspectos-a-tener-en-cuenta-al-usar-los-servicios-de-un-experto-externo-en-la-auditoria\/","og_locale":"es_ES","og_type":"article","og_title":"Aspectos a tener en cuenta al usar los servicios de un experto externo en la auditor\u00eda. - Tienda Online","og_description":"26 de Mayo 2026     08:00 AM a 09:00 AM     Evento virtual &nbsp; No Socio: $80.000 + IVA Socio Plus: $50.000 + IVA Socio \u00c9lite: $40.000 + IVA  &nbsp;  Si eres socio INCP inicia sesi\u00f3n para acceder a las tarifas especiales    &nbsp; Para m\u00e1s informaci\u00f3n comun\u00edcate con Linda Rodr\u00edguez al celular 3102675553 o Claudia Monroy al celular 3103506749 &nbsp;","og_url":"https:\/\/incp.org.co\/tienda-online\/product\/aspectos-a-tener-en-cuenta-al-usar-los-servicios-de-un-experto-externo-en-la-auditoria\/","og_site_name":"Tienda Online","og_image":[{"width":1600,"height":890,"url":"https:\/\/incp.org.co\/tienda-online\/wp-content\/uploads\/2026\/03\/experto-externo_2@2x-100.jpg","type":"image\/jpeg"}],"twitter_card":"summary_large_image","twitter_misc":{"Tiempo de lectura":"1 minuto"},"schema":{"@context":"https:\/\/schema.org","@graph":[{"@type":"WebPage","@id":"https:\/\/incp.org.co\/tienda-online\/product\/aspectos-a-tener-en-cuenta-al-usar-los-servicios-de-un-experto-externo-en-la-auditoria\/","url":"https:\/\/incp.org.co\/tienda-online\/product\/aspectos-a-tener-en-cuenta-al-usar-los-servicios-de-un-experto-externo-en-la-auditoria\/","name":"Aspectos a tener en cuenta al usar los servicios de un experto externo en la auditor\u00eda. - Tienda Online","isPartOf":{"@id":"https:\/\/incp.org.co\/tienda-online\/#website"},"primaryImageOfPage":{"@id":"https:\/\/incp.org.co\/tienda-online\/product\/aspectos-a-tener-en-cuenta-al-usar-los-servicios-de-un-experto-externo-en-la-auditoria\/#primaryimage"},"image":{"@id":"https:\/\/incp.org.co\/tienda-online\/product\/aspectos-a-tener-en-cuenta-al-usar-los-servicios-de-un-experto-externo-en-la-auditoria\/#primaryimage"},"thumbnailUrl":"https:\/\/incp.org.co\/tienda-online\/wp-content\/uploads\/2026\/03\/experto-externo_2@2x-100.jpg","datePublished":"2026-03-16T12:32:30+00:00","breadcrumb":{"@id":"https:\/\/incp.org.co\/tienda-online\/product\/aspectos-a-tener-en-cuenta-al-usar-los-servicios-de-un-experto-externo-en-la-auditoria\/#breadcrumb"},"inLanguage":"es","potentialAction":[{"@type":"ReadAction","target":["https:\/\/incp.org.co\/tienda-online\/product\/aspectos-a-tener-en-cuenta-al-usar-los-servicios-de-un-experto-externo-en-la-auditoria\/"]}]},{"@type":"ImageObject","inLanguage":"es","@id":"https:\/\/incp.org.co\/tienda-online\/product\/aspectos-a-tener-en-cuenta-al-usar-los-servicios-de-un-experto-externo-en-la-auditoria\/#primaryimage","url":"https:\/\/incp.org.co\/tienda-online\/wp-content\/uploads\/2026\/03\/experto-externo_2@2x-100.jpg","contentUrl":"https:\/\/incp.org.co\/tienda-online\/wp-content\/uploads\/2026\/03\/experto-externo_2@2x-100.jpg","width":1600,"height":890},{"@type":"BreadcrumbList","@id":"https:\/\/incp.org.co\/tienda-online\/product\/aspectos-a-tener-en-cuenta-al-usar-los-servicios-de-un-experto-externo-en-la-auditoria\/#breadcrumb","itemListElement":[{"@type":"ListItem","position":1,"name":"Portada","item":"https:\/\/incp.org.co\/tienda-online\/"},{"@type":"ListItem","position":2,"name":"shop","item":"https:\/\/incp.org.co\/tienda-online\/shop-2-2\/"},{"@type":"ListItem","position":3,"name":"Aspectos a tener en cuenta al usar los servicios de un experto externo en la auditor\u00eda."}]},{"@type":"WebSite","@id":"https:\/\/incp.org.co\/tienda-online\/#website","url":"https:\/\/incp.org.co\/tienda-online\/","name":"Tienda Online","description":"","publisher":{"@id":"https:\/\/incp.org.co\/tienda-online\/#organization"},"potentialAction":[{"@type":"SearchAction","target":{"@type":"EntryPoint","urlTemplate":"https:\/\/incp.org.co\/tienda-online\/?s={search_term_string}"},"query-input":{"@type":"PropertyValueSpecification","valueRequired":true,"valueName":"search_term_string"}}],"inLanguage":"es"},{"@type":"Organization","@id":"https:\/\/incp.org.co\/tienda-online\/#organization","name":"Tienda INCP","url":"https:\/\/incp.org.co\/tienda-online\/","logo":{"@type":"ImageObject","inLanguage":"es","@id":"https:\/\/incp.org.co\/tienda-online\/#\/schema\/logo\/image\/","url":"https:\/\/incp.org.co\/tienda-online\/wp-content\/uploads\/2020\/08\/Sin-t\u00edtulo-1-02-e1597256515126.png","contentUrl":"https:\/\/incp.org.co\/tienda-online\/wp-content\/uploads\/2020\/08\/Sin-t\u00edtulo-1-02-e1597256515126.png","width":220,"height":170,"caption":"Tienda INCP"},"image":{"@id":"https:\/\/incp.org.co\/tienda-online\/#\/schema\/logo\/image\/"}}]}},"_links":{"self":[{"href":"https:\/\/incp.org.co\/tienda-online\/wp-json\/wp\/v2\/product\/32808","targetHints":{"allow":["GET"]}}],"collection":[{"href":"https:\/\/incp.org.co\/tienda-online\/wp-json\/wp\/v2\/product"}],"about":[{"href":"https:\/\/incp.org.co\/tienda-online\/wp-json\/wp\/v2\/types\/product"}],"replies":[{"embeddable":true,"href":"https:\/\/incp.org.co\/tienda-online\/wp-json\/wp\/v2\/comments?post=32808"}],"wp:featuredmedia":[{"embeddable":true,"href":"https:\/\/incp.org.co\/tienda-online\/wp-json\/wp\/v2\/media\/32811"}],"wp:attachment":[{"href":"https:\/\/incp.org.co\/tienda-online\/wp-json\/wp\/v2\/media?parent=32808"}],"wp:term":[{"taxonomy":"product_brand","embeddable":true,"href":"https:\/\/incp.org.co\/tienda-online\/wp-json\/wp\/v2\/product_brand?post=32808"},{"taxonomy":"product_cat","embeddable":true,"href":"https:\/\/incp.org.co\/tienda-online\/wp-json\/wp\/v2\/product_cat?post=32808"},{"taxonomy":"product_tag","embeddable":true,"href":"https:\/\/incp.org.co\/tienda-online\/wp-json\/wp\/v2\/product_tag?post=32808"}],"curies":[{"name":"wp","href":"https:\/\/api.w.org\/{rel}","templated":true}]}}