{"id":495,"date":"2020-11-30T17:43:24","date_gmt":"2020-11-30T22:43:24","guid":{"rendered":"https:\/\/www.incp.org.co\/tienda-online\/?post_type=product&#038;p=495"},"modified":"2025-01-08T14:47:59","modified_gmt":"2025-01-08T19:47:59","slug":"membresia-afiliado","status":"publish","type":"product","link":"https:\/\/incp.org.co\/tienda-online\/product\/membresia-afiliado\/","title":{"rendered":"Membres\u00eda Plus"},"content":{"rendered":"<div style=\"position: relative;padding-top: max(60%,326px);height: 0;width: 100%\">\u00a0<\/div>\r\n<p>&nbsp;<\/p>\r\n\r\n<h3 class=\"has-text-align-center has-text-color wp-block-heading\" style=\"text-align: center\"><span style=\"color: #f8971d\">\u00a1<strong>Formaliza tu inscripci\u00f3n<\/strong>!<\/span><\/h3>\r\n<div class=\"wp-block-file\"><a href=\"https:\/\/incp.org.co\/tienda-online\/wp-content\/uploads\/2023\/07\/F01-PR-GP-003-S.-Admision-Plus.pdf\">1. Diligencia el formato solicitud de admisi\u00f3n persona natural <\/a><a class=\"wp-block-file__button\" href=\"https:\/\/incp.org.co\/tienda-online\/wp-content\/uploads\/2023\/07\/F01-PR-GP-003-S.-Admision-Plus.pdf\">Descarga<\/a><\/div>\r\n<div>\u00a0<\/div>\r\n\r\n\r\n\r\n<p>2. Fotocopia de la c\u00e9dula<\/p>\r\n<p>3. Fotocopia de la tarjeta profesional<\/p>\r\n\r\n\r\n\r\n\r\n\r\n<p class=\"has-text-color\">Al correo electr\u00f3nico <strong>membresias@incp.org.co<\/strong><\/p>\r\n\r\n\r\n\r\n<p><a href=\"https:\/\/incp.org.co\/tienda-online\/product\/renueva-tu-membresia-a-tarifas-de-locura\/\" target=\"_blank\" rel=\"noreferrer noopener\">IR AL BOT\u00d3N<\/a><\/p>\r\n","protected":false},"excerpt":{"rendered":"<p><strong>La uni\u00f3n hace la fuerza<\/strong><strong>\u00a0<\/strong> Somos el <strong>gremio profesional m\u00e1s representativo de tu profesi\u00f3n contable<\/strong> y el <strong>\u00fanico<\/strong> organismo patrocinador ante la Federaci\u00f3n Internacional de Contadores (IFAC) y Fundaci\u00f3n IFRS, lo que te permite <strong>recibir de primera mano<\/strong> todas las novedades en est\u00e1ndares internacionales. Con la membres\u00eda podr\u00e1s apoyar la defensa de la profesi\u00f3n, participar activamente en nuestros espacios de actualizaci\u00f3n profesional y apostarle a ser un contador 100% competente.<strong>\u00a0<\/strong><\/p>\n<hr class=\"wp-block-separator\" \/><!-- wp:paragraph {\"align\":\"center\",\"style\":{\"color\":{\"text\":\"#f8971d\"}}} --><\/p>\n<p class=\"has-text-align-center has-text-color\" style=\"text-align: center\"><span style=\"color: #f8971d\"><strong>Contacta con un asesor para ampliar informaci\u00f3n<\/strong><\/span><\/p>\n<p style=\"text-align: center\"><!-- \/wp:paragraph --><\/p>\n<p><!-- wp:paragraph {\"align\":\"center\",\"style\":{\"color\":{\"text\":\"#00aeef\"}}} --><\/p>\n<p class=\"has-text-align-center has-text-color\" style=\"text-align: center\"><span style=\"color: #00aeef\"><strong>Cel: 3108541487-membresia@incp.org.co<\/strong><\/span><!-- \/wp:paragraph --><\/p>\n<div style=\"justify-content: center;align-items: center;margin-bottom: 30px;font-size: 10px\"><a style=\"padding: 10px 20px;font-size: 16px;text-align: center;text-decoration: none;background-color: #00aeef;color: white;border: none;border-radius: 5px;cursor: pointer\" href=\"https:\/\/wa.link\/qb1b75\">Click aqu\u00ed para contactarte<\/a><\/div>\n<p><span style=\"color: #ffffff\">[contact-form-7 id=\u00bb1006&#8243; title=\u00bbContacto\u00bb]<\/span><\/p>\n","protected":false},"featured_media":1022,"comment_status":"closed","ping_status":"closed","template":"","meta":[],"product_brand":[],"product_cat":[39,57],"product_tag":[],"class_list":{"0":"post-495","1":"product","2":"type-product","3":"status-publish","4":"has-post-thumbnail","6":"product_cat-membresias","7":"product_cat-para-ti","9":"first","10":"instock","11":"product-type-simple"},"yoast_head":"<!-- This site is optimized with the Yoast SEO plugin v27.3 - https:\/\/yoast.com\/product\/yoast-seo-wordpress\/ -->\n<title>Membres\u00eda Plus - Tienda Online<\/title>\n<meta name=\"robots\" content=\"index, follow, max-snippet:-1, max-image-preview:large, max-video-preview:-1\" \/>\n<link rel=\"canonical\" href=\"https:\/\/incp.org.co\/tienda-online\/product\/membresia-afiliado\/\" \/>\n<meta property=\"og:locale\" content=\"es_ES\" \/>\n<meta property=\"og:type\" content=\"article\" \/>\n<meta property=\"og:title\" content=\"Membres\u00eda Plus - Tienda Online\" \/>\n<meta property=\"og:description\" content=\"La uni\u00f3n hace la fuerza\u00a0 Somos el gremio profesional m\u00e1s representativo de tu profesi\u00f3n contable y el \u00fanico organismo patrocinador ante la Federaci\u00f3n Internacional de Contadores (IFAC) y Fundaci\u00f3n IFRS, lo que te permite recibir de primera mano todas las novedades en est\u00e1ndares internacionales. Con la membres\u00eda podr\u00e1s apoyar la defensa de la profesi\u00f3n, participar activamente en nuestros espacios de actualizaci\u00f3n profesional y apostarle a ser un contador 100% competente.\u00a0  Contacta con un asesor para ampliar informaci\u00f3n    Cel: 3108541487-membresia@incp.org.co Click aqu\u00ed para contactarte [contact-form-7 id=&quot;1006&quot; title=&quot;Contacto&quot;]\" \/>\n<meta property=\"og:url\" content=\"https:\/\/incp.org.co\/tienda-online\/product\/membresia-afiliado\/\" \/>\n<meta property=\"og:site_name\" content=\"Tienda Online\" \/>\n<meta property=\"article:modified_time\" content=\"2025-01-08T19:47:59+00:00\" \/>\n<meta property=\"og:image\" content=\"https:\/\/incp.org.co\/tienda-online\/wp-content\/uploads\/2020\/11\/socio-plus-445A.jpg\" \/>\n\t<meta property=\"og:image:width\" content=\"445\" \/>\n\t<meta property=\"og:image:height\" content=\"445\" \/>\n\t<meta property=\"og:image:type\" content=\"image\/jpeg\" \/>\n<meta name=\"twitter:card\" content=\"summary_large_image\" \/>\n<meta name=\"twitter:label1\" content=\"Tiempo de lectura\" \/>\n\t<meta name=\"twitter:data1\" content=\"1 minuto\" \/>\n<script type=\"application\/ld+json\" class=\"yoast-schema-graph\">{\"@context\":\"https:\\\/\\\/schema.org\",\"@graph\":[{\"@type\":\"WebPage\",\"@id\":\"https:\\\/\\\/incp.org.co\\\/tienda-online\\\/product\\\/membresia-afiliado\\\/\",\"url\":\"https:\\\/\\\/incp.org.co\\\/tienda-online\\\/product\\\/membresia-afiliado\\\/\",\"name\":\"Membres\u00eda Plus - Tienda Online\",\"isPartOf\":{\"@id\":\"https:\\\/\\\/incp.org.co\\\/tienda-online\\\/#website\"},\"primaryImageOfPage\":{\"@id\":\"https:\\\/\\\/incp.org.co\\\/tienda-online\\\/product\\\/membresia-afiliado\\\/#primaryimage\"},\"image\":{\"@id\":\"https:\\\/\\\/incp.org.co\\\/tienda-online\\\/product\\\/membresia-afiliado\\\/#primaryimage\"},\"thumbnailUrl\":\"https:\\\/\\\/incp.org.co\\\/tienda-online\\\/wp-content\\\/uploads\\\/2020\\\/11\\\/socio-plus-445A.jpg\",\"datePublished\":\"2020-11-30T22:43:24+00:00\",\"dateModified\":\"2025-01-08T19:47:59+00:00\",\"breadcrumb\":{\"@id\":\"https:\\\/\\\/incp.org.co\\\/tienda-online\\\/product\\\/membresia-afiliado\\\/#breadcrumb\"},\"inLanguage\":\"es\",\"potentialAction\":[{\"@type\":\"ReadAction\",\"target\":[\"https:\\\/\\\/incp.org.co\\\/tienda-online\\\/product\\\/membresia-afiliado\\\/\"]}]},{\"@type\":\"ImageObject\",\"inLanguage\":\"es\",\"@id\":\"https:\\\/\\\/incp.org.co\\\/tienda-online\\\/product\\\/membresia-afiliado\\\/#primaryimage\",\"url\":\"https:\\\/\\\/incp.org.co\\\/tienda-online\\\/wp-content\\\/uploads\\\/2020\\\/11\\\/socio-plus-445A.jpg\",\"contentUrl\":\"https:\\\/\\\/incp.org.co\\\/tienda-online\\\/wp-content\\\/uploads\\\/2020\\\/11\\\/socio-plus-445A.jpg\",\"width\":445,\"height\":445},{\"@type\":\"BreadcrumbList\",\"@id\":\"https:\\\/\\\/incp.org.co\\\/tienda-online\\\/product\\\/membresia-afiliado\\\/#breadcrumb\",\"itemListElement\":[{\"@type\":\"ListItem\",\"position\":1,\"name\":\"Portada\",\"item\":\"https:\\\/\\\/incp.org.co\\\/tienda-online\\\/\"},{\"@type\":\"ListItem\",\"position\":2,\"name\":\"shop\",\"item\":\"https:\\\/\\\/incp.org.co\\\/tienda-online\\\/shop-2-2\\\/\"},{\"@type\":\"ListItem\",\"position\":3,\"name\":\"Membres\u00eda Plus\"}]},{\"@type\":\"WebSite\",\"@id\":\"https:\\\/\\\/incp.org.co\\\/tienda-online\\\/#website\",\"url\":\"https:\\\/\\\/incp.org.co\\\/tienda-online\\\/\",\"name\":\"Tienda Online\",\"description\":\"\",\"publisher\":{\"@id\":\"https:\\\/\\\/incp.org.co\\\/tienda-online\\\/#organization\"},\"potentialAction\":[{\"@type\":\"SearchAction\",\"target\":{\"@type\":\"EntryPoint\",\"urlTemplate\":\"https:\\\/\\\/incp.org.co\\\/tienda-online\\\/?s={search_term_string}\"},\"query-input\":{\"@type\":\"PropertyValueSpecification\",\"valueRequired\":true,\"valueName\":\"search_term_string\"}}],\"inLanguage\":\"es\"},{\"@type\":\"Organization\",\"@id\":\"https:\\\/\\\/incp.org.co\\\/tienda-online\\\/#organization\",\"name\":\"Tienda INCP\",\"url\":\"https:\\\/\\\/incp.org.co\\\/tienda-online\\\/\",\"logo\":{\"@type\":\"ImageObject\",\"inLanguage\":\"es\",\"@id\":\"https:\\\/\\\/incp.org.co\\\/tienda-online\\\/#\\\/schema\\\/logo\\\/image\\\/\",\"url\":\"https:\\\/\\\/incp.org.co\\\/tienda-online\\\/wp-content\\\/uploads\\\/2020\\\/08\\\/Sin-t\u00edtulo-1-02-e1597256515126.png\",\"contentUrl\":\"https:\\\/\\\/incp.org.co\\\/tienda-online\\\/wp-content\\\/uploads\\\/2020\\\/08\\\/Sin-t\u00edtulo-1-02-e1597256515126.png\",\"width\":220,\"height\":170,\"caption\":\"Tienda INCP\"},\"image\":{\"@id\":\"https:\\\/\\\/incp.org.co\\\/tienda-online\\\/#\\\/schema\\\/logo\\\/image\\\/\"}}]}<\/script>\n<!-- \/ Yoast SEO plugin. -->","yoast_head_json":{"title":"Membres\u00eda Plus - Tienda Online","robots":{"index":"index","follow":"follow","max-snippet":"max-snippet:-1","max-image-preview":"max-image-preview:large","max-video-preview":"max-video-preview:-1"},"canonical":"https:\/\/incp.org.co\/tienda-online\/product\/membresia-afiliado\/","og_locale":"es_ES","og_type":"article","og_title":"Membres\u00eda Plus - Tienda Online","og_description":"La uni\u00f3n hace la fuerza\u00a0 Somos el gremio profesional m\u00e1s representativo de tu profesi\u00f3n contable y el \u00fanico organismo patrocinador ante la Federaci\u00f3n Internacional de Contadores (IFAC) y Fundaci\u00f3n IFRS, lo que te permite recibir de primera mano todas las novedades en est\u00e1ndares internacionales. Con la membres\u00eda podr\u00e1s apoyar la defensa de la profesi\u00f3n, participar activamente en nuestros espacios de actualizaci\u00f3n profesional y apostarle a ser un contador 100% competente.\u00a0  Contacta con un asesor para ampliar informaci\u00f3n    Cel: 3108541487-membresia@incp.org.co Click aqu\u00ed para contactarte [contact-form-7 id=\"1006\" title=\"Contacto\"]","og_url":"https:\/\/incp.org.co\/tienda-online\/product\/membresia-afiliado\/","og_site_name":"Tienda Online","article_modified_time":"2025-01-08T19:47:59+00:00","og_image":[{"width":445,"height":445,"url":"https:\/\/incp.org.co\/tienda-online\/wp-content\/uploads\/2020\/11\/socio-plus-445A.jpg","type":"image\/jpeg"}],"twitter_card":"summary_large_image","twitter_misc":{"Tiempo de lectura":"1 minuto"},"schema":{"@context":"https:\/\/schema.org","@graph":[{"@type":"WebPage","@id":"https:\/\/incp.org.co\/tienda-online\/product\/membresia-afiliado\/","url":"https:\/\/incp.org.co\/tienda-online\/product\/membresia-afiliado\/","name":"Membres\u00eda Plus - Tienda Online","isPartOf":{"@id":"https:\/\/incp.org.co\/tienda-online\/#website"},"primaryImageOfPage":{"@id":"https:\/\/incp.org.co\/tienda-online\/product\/membresia-afiliado\/#primaryimage"},"image":{"@id":"https:\/\/incp.org.co\/tienda-online\/product\/membresia-afiliado\/#primaryimage"},"thumbnailUrl":"https:\/\/incp.org.co\/tienda-online\/wp-content\/uploads\/2020\/11\/socio-plus-445A.jpg","datePublished":"2020-11-30T22:43:24+00:00","dateModified":"2025-01-08T19:47:59+00:00","breadcrumb":{"@id":"https:\/\/incp.org.co\/tienda-online\/product\/membresia-afiliado\/#breadcrumb"},"inLanguage":"es","potentialAction":[{"@type":"ReadAction","target":["https:\/\/incp.org.co\/tienda-online\/product\/membresia-afiliado\/"]}]},{"@type":"ImageObject","inLanguage":"es","@id":"https:\/\/incp.org.co\/tienda-online\/product\/membresia-afiliado\/#primaryimage","url":"https:\/\/incp.org.co\/tienda-online\/wp-content\/uploads\/2020\/11\/socio-plus-445A.jpg","contentUrl":"https:\/\/incp.org.co\/tienda-online\/wp-content\/uploads\/2020\/11\/socio-plus-445A.jpg","width":445,"height":445},{"@type":"BreadcrumbList","@id":"https:\/\/incp.org.co\/tienda-online\/product\/membresia-afiliado\/#breadcrumb","itemListElement":[{"@type":"ListItem","position":1,"name":"Portada","item":"https:\/\/incp.org.co\/tienda-online\/"},{"@type":"ListItem","position":2,"name":"shop","item":"https:\/\/incp.org.co\/tienda-online\/shop-2-2\/"},{"@type":"ListItem","position":3,"name":"Membres\u00eda Plus"}]},{"@type":"WebSite","@id":"https:\/\/incp.org.co\/tienda-online\/#website","url":"https:\/\/incp.org.co\/tienda-online\/","name":"Tienda Online","description":"","publisher":{"@id":"https:\/\/incp.org.co\/tienda-online\/#organization"},"potentialAction":[{"@type":"SearchAction","target":{"@type":"EntryPoint","urlTemplate":"https:\/\/incp.org.co\/tienda-online\/?s={search_term_string}"},"query-input":{"@type":"PropertyValueSpecification","valueRequired":true,"valueName":"search_term_string"}}],"inLanguage":"es"},{"@type":"Organization","@id":"https:\/\/incp.org.co\/tienda-online\/#organization","name":"Tienda INCP","url":"https:\/\/incp.org.co\/tienda-online\/","logo":{"@type":"ImageObject","inLanguage":"es","@id":"https:\/\/incp.org.co\/tienda-online\/#\/schema\/logo\/image\/","url":"https:\/\/incp.org.co\/tienda-online\/wp-content\/uploads\/2020\/08\/Sin-t\u00edtulo-1-02-e1597256515126.png","contentUrl":"https:\/\/incp.org.co\/tienda-online\/wp-content\/uploads\/2020\/08\/Sin-t\u00edtulo-1-02-e1597256515126.png","width":220,"height":170,"caption":"Tienda INCP"},"image":{"@id":"https:\/\/incp.org.co\/tienda-online\/#\/schema\/logo\/image\/"}}]}},"_links":{"self":[{"href":"https:\/\/incp.org.co\/tienda-online\/wp-json\/wp\/v2\/product\/495","targetHints":{"allow":["GET"]}}],"collection":[{"href":"https:\/\/incp.org.co\/tienda-online\/wp-json\/wp\/v2\/product"}],"about":[{"href":"https:\/\/incp.org.co\/tienda-online\/wp-json\/wp\/v2\/types\/product"}],"replies":[{"embeddable":true,"href":"https:\/\/incp.org.co\/tienda-online\/wp-json\/wp\/v2\/comments?post=495"}],"wp:featuredmedia":[{"embeddable":true,"href":"https:\/\/incp.org.co\/tienda-online\/wp-json\/wp\/v2\/media\/1022"}],"wp:attachment":[{"href":"https:\/\/incp.org.co\/tienda-online\/wp-json\/wp\/v2\/media?parent=495"}],"wp:term":[{"taxonomy":"product_brand","embeddable":true,"href":"https:\/\/incp.org.co\/tienda-online\/wp-json\/wp\/v2\/product_brand?post=495"},{"taxonomy":"product_cat","embeddable":true,"href":"https:\/\/incp.org.co\/tienda-online\/wp-json\/wp\/v2\/product_cat?post=495"},{"taxonomy":"product_tag","embeddable":true,"href":"https:\/\/incp.org.co\/tienda-online\/wp-json\/wp\/v2\/product_tag?post=495"}],"curies":[{"name":"wp","href":"https:\/\/api.w.org\/{rel}","templated":true}]}}