{"id":496,"date":"2020-11-29T17:44:34","date_gmt":"2020-11-29T22:44:34","guid":{"rendered":"https:\/\/www.incp.org.co\/tienda-online\/?post_type=product&#038;p=496"},"modified":"2025-01-08T14:44:29","modified_gmt":"2025-01-08T19:44:29","slug":"membresia-activo","status":"publish","type":"product","link":"https:\/\/incp.org.co\/tienda-online\/product\/membresia-activo\/","title":{"rendered":"Membres\u00eda \u00c9lite"},"content":{"rendered":"<div style=\"position: relative;padding-top: max(60%,326px);height: 0;width: 100%\">\u00a0<\/div>\r\n<p>&nbsp;<\/p>\r\n\r\n<h3 class=\"wp-block-heading\">\u00a0<\/h3>\r\n<h3 class=\"has-text-align-center has-text-color\" style=\"text-align: center\"><span style=\"color: #f8971d\"><strong>\u00a1Formaliza tu inscripci\u00f3n!<\/strong><\/span><\/h3>\r\n\r\n\r\n\r\n<div>\u00a0<\/div>\r\n<div class=\"wp-block-file\"><a href=\"https:\/\/incp.org.co\/wp-content\/uploads\/2019\/05\/formulario-persona-natural-may19.pdf\">1. Diligencia el formato solicitud de admisi\u00f3n persona natural <\/a><a class=\"wp-block-file__button\" href=\"https:\/\/incp.org.co\/wp-content\/uploads\/2019\/05\/formulario-persona-natural-may19.pdf\">Descarga<\/a><\/div>\r\n<div>\u00a0<\/div>\r\n\r\n\r\n\r\n<p>2. Fotocopia de la c\u00e9dula<\/p>\r\n<p>3. Fotocopia de la tarjeta profesional<\/p>\r\n<p>Al correo electr\u00f3nico <strong>membresia@incp.org.co<\/strong><\/p>\r\n\r\n\r\n\r\n\r\n\r\n\r\n","protected":false},"excerpt":{"rendered":"<p><strong>70 a\u00f1os de experiencia y trayectoria en la profesi\u00f3n contable, con m\u00e1s de 20.000 profesionales vinculados.<\/strong><strong>\u00a0<\/strong> Somos el <strong>gremio profesional m\u00e1s representativo de tu profesi\u00f3n contable<\/strong> y el <strong>\u00fanico<\/strong> organismo patrocinador ante la Federaci\u00f3n Internacional de Contadores (IFAC) y Fundaci\u00f3n IFRS, lo que te permite <strong>recibir de primera mano<\/strong> todas las novedades en est\u00e1ndares internacionales. Recibe material acad\u00e9mico orientado a un <strong>contador integral<\/strong> y adquiere las herramientas profesionales para el desarrollo contin\u00fao de tu profesi\u00f3n en el d\u00eda a d\u00eda.\u00a0\u00a0 Lo m\u00e1s importante de esta membres\u00eda es que puedes participar activamente en las asambleas INCP y contribuir con tu voz y voto a fortalecer nuestro gremio profesional.<\/p>\n<hr \/>\n<p><!-- wp:paragraph {\"align\":\"center\",\"style\":{\"color\":{\"text\":\"#f8971d\"}}} --><\/p>\n<p class=\"has-text-align-center has-text-color\" style=\"text-align: center\"><span style=\"color: #f8971d\"><strong>Contacta con un asesor para ampliar informaci\u00f3n<\/strong><\/span><\/p>\n<p><!-- \/wp:paragraph --><\/p>\n<p><!-- wp:paragraph {\"align\":\"center\",\"style\":{\"color\":{\"text\":\"#00aeef\"}}} --><\/p>\n<p class=\"has-text-align-center has-text-color\" style=\"text-align: center\"><span style=\"color: #00aeef\">Cel:<span style=\"color: #00ccff\"> <a style=\"color: #00ccff\" href=\"https:\/\/wa.link\/1ra8vt\">3204345753<\/a><\/span>&#8211;<span style=\"color: #00ccff\"><a style=\"color: #00ccff\" href=\"https:\/\/wa.link\/jm7xg5\">3108541480<\/a><\/span>-membresia@incp.org.co<\/span><!-- \/wp:paragraph --><\/p>\n<p><span style=\"color: #ffffff\">[contact-form-7 id=\u00bb1006&#8243; title=\u00bbContacto\u00bb]<\/span><\/p>\n","protected":false},"featured_media":1021,"comment_status":"closed","ping_status":"closed","template":"","meta":[],"product_brand":[],"product_cat":[39,57],"product_tag":[],"class_list":{"0":"post-496","1":"product","2":"type-product","3":"status-publish","4":"has-post-thumbnail","6":"product_cat-membresias","7":"product_cat-para-ti","9":"first","10":"outofstock","11":"product-type-simple"},"yoast_head":"<!-- This site is optimized with the Yoast SEO plugin v27.3 - https:\/\/yoast.com\/product\/yoast-seo-wordpress\/ -->\n<title>Membres\u00eda \u00c9lite - Tienda Online<\/title>\n<meta name=\"robots\" content=\"index, follow, max-snippet:-1, max-image-preview:large, max-video-preview:-1\" \/>\n<link rel=\"canonical\" href=\"https:\/\/incp.org.co\/tienda-online\/product\/membresia-activo\/\" \/>\n<meta property=\"og:locale\" content=\"es_ES\" \/>\n<meta property=\"og:type\" content=\"article\" \/>\n<meta property=\"og:title\" content=\"Membres\u00eda \u00c9lite - Tienda Online\" \/>\n<meta property=\"og:description\" content=\"70 a\u00f1os de experiencia y trayectoria en la profesi\u00f3n contable, con m\u00e1s de 20.000 profesionales vinculados.\u00a0 Somos el gremio profesional m\u00e1s representativo de tu profesi\u00f3n contable y el \u00fanico organismo patrocinador ante la Federaci\u00f3n Internacional de Contadores (IFAC) y Fundaci\u00f3n IFRS, lo que te permite recibir de primera mano todas las novedades en est\u00e1ndares internacionales. Recibe material acad\u00e9mico orientado a un contador integral y adquiere las herramientas profesionales para el desarrollo contin\u00fao de tu profesi\u00f3n en el d\u00eda a d\u00eda.\u00a0\u00a0 Lo m\u00e1s importante de esta membres\u00eda es que puedes participar activamente en las asambleas INCP y contribuir con tu voz y voto a fortalecer nuestro gremio profesional.  Contacta con un asesor para ampliar informaci\u00f3n    Cel: 3204345753-3108541480-membresia@incp.org.co [contact-form-7 id=&quot;1006&quot; title=&quot;Contacto&quot;]\" \/>\n<meta property=\"og:url\" content=\"https:\/\/incp.org.co\/tienda-online\/product\/membresia-activo\/\" \/>\n<meta property=\"og:site_name\" content=\"Tienda Online\" \/>\n<meta property=\"article:modified_time\" content=\"2025-01-08T19:44:29+00:00\" \/>\n<meta property=\"og:image\" content=\"https:\/\/incp.org.co\/tienda-online\/wp-content\/uploads\/2020\/11\/socio-elite-445a.jpg\" \/>\n\t<meta property=\"og:image:width\" content=\"445\" \/>\n\t<meta property=\"og:image:height\" content=\"445\" \/>\n\t<meta property=\"og:image:type\" content=\"image\/jpeg\" \/>\n<meta name=\"twitter:card\" content=\"summary_large_image\" \/>\n<meta name=\"twitter:label1\" content=\"Tiempo de lectura\" \/>\n\t<meta name=\"twitter:data1\" content=\"1 minuto\" \/>\n<script type=\"application\/ld+json\" class=\"yoast-schema-graph\">{\"@context\":\"https:\\\/\\\/schema.org\",\"@graph\":[{\"@type\":\"WebPage\",\"@id\":\"https:\\\/\\\/incp.org.co\\\/tienda-online\\\/product\\\/membresia-activo\\\/\",\"url\":\"https:\\\/\\\/incp.org.co\\\/tienda-online\\\/product\\\/membresia-activo\\\/\",\"name\":\"Membres\u00eda \u00c9lite - Tienda Online\",\"isPartOf\":{\"@id\":\"https:\\\/\\\/incp.org.co\\\/tienda-online\\\/#website\"},\"primaryImageOfPage\":{\"@id\":\"https:\\\/\\\/incp.org.co\\\/tienda-online\\\/product\\\/membresia-activo\\\/#primaryimage\"},\"image\":{\"@id\":\"https:\\\/\\\/incp.org.co\\\/tienda-online\\\/product\\\/membresia-activo\\\/#primaryimage\"},\"thumbnailUrl\":\"https:\\\/\\\/incp.org.co\\\/tienda-online\\\/wp-content\\\/uploads\\\/2020\\\/11\\\/socio-elite-445a.jpg\",\"datePublished\":\"2020-11-29T22:44:34+00:00\",\"dateModified\":\"2025-01-08T19:44:29+00:00\",\"breadcrumb\":{\"@id\":\"https:\\\/\\\/incp.org.co\\\/tienda-online\\\/product\\\/membresia-activo\\\/#breadcrumb\"},\"inLanguage\":\"es\",\"potentialAction\":[{\"@type\":\"ReadAction\",\"target\":[\"https:\\\/\\\/incp.org.co\\\/tienda-online\\\/product\\\/membresia-activo\\\/\"]}]},{\"@type\":\"ImageObject\",\"inLanguage\":\"es\",\"@id\":\"https:\\\/\\\/incp.org.co\\\/tienda-online\\\/product\\\/membresia-activo\\\/#primaryimage\",\"url\":\"https:\\\/\\\/incp.org.co\\\/tienda-online\\\/wp-content\\\/uploads\\\/2020\\\/11\\\/socio-elite-445a.jpg\",\"contentUrl\":\"https:\\\/\\\/incp.org.co\\\/tienda-online\\\/wp-content\\\/uploads\\\/2020\\\/11\\\/socio-elite-445a.jpg\",\"width\":445,\"height\":445},{\"@type\":\"BreadcrumbList\",\"@id\":\"https:\\\/\\\/incp.org.co\\\/tienda-online\\\/product\\\/membresia-activo\\\/#breadcrumb\",\"itemListElement\":[{\"@type\":\"ListItem\",\"position\":1,\"name\":\"Portada\",\"item\":\"https:\\\/\\\/incp.org.co\\\/tienda-online\\\/\"},{\"@type\":\"ListItem\",\"position\":2,\"name\":\"shop\",\"item\":\"https:\\\/\\\/incp.org.co\\\/tienda-online\\\/shop-2-2\\\/\"},{\"@type\":\"ListItem\",\"position\":3,\"name\":\"Membres\u00eda \u00c9lite\"}]},{\"@type\":\"WebSite\",\"@id\":\"https:\\\/\\\/incp.org.co\\\/tienda-online\\\/#website\",\"url\":\"https:\\\/\\\/incp.org.co\\\/tienda-online\\\/\",\"name\":\"Tienda Online\",\"description\":\"\",\"publisher\":{\"@id\":\"https:\\\/\\\/incp.org.co\\\/tienda-online\\\/#organization\"},\"potentialAction\":[{\"@type\":\"SearchAction\",\"target\":{\"@type\":\"EntryPoint\",\"urlTemplate\":\"https:\\\/\\\/incp.org.co\\\/tienda-online\\\/?s={search_term_string}\"},\"query-input\":{\"@type\":\"PropertyValueSpecification\",\"valueRequired\":true,\"valueName\":\"search_term_string\"}}],\"inLanguage\":\"es\"},{\"@type\":\"Organization\",\"@id\":\"https:\\\/\\\/incp.org.co\\\/tienda-online\\\/#organization\",\"name\":\"Tienda INCP\",\"url\":\"https:\\\/\\\/incp.org.co\\\/tienda-online\\\/\",\"logo\":{\"@type\":\"ImageObject\",\"inLanguage\":\"es\",\"@id\":\"https:\\\/\\\/incp.org.co\\\/tienda-online\\\/#\\\/schema\\\/logo\\\/image\\\/\",\"url\":\"https:\\\/\\\/incp.org.co\\\/tienda-online\\\/wp-content\\\/uploads\\\/2020\\\/08\\\/Sin-t\u00edtulo-1-02-e1597256515126.png\",\"contentUrl\":\"https:\\\/\\\/incp.org.co\\\/tienda-online\\\/wp-content\\\/uploads\\\/2020\\\/08\\\/Sin-t\u00edtulo-1-02-e1597256515126.png\",\"width\":220,\"height\":170,\"caption\":\"Tienda INCP\"},\"image\":{\"@id\":\"https:\\\/\\\/incp.org.co\\\/tienda-online\\\/#\\\/schema\\\/logo\\\/image\\\/\"}}]}<\/script>\n<!-- \/ Yoast SEO plugin. -->","yoast_head_json":{"title":"Membres\u00eda \u00c9lite - Tienda Online","robots":{"index":"index","follow":"follow","max-snippet":"max-snippet:-1","max-image-preview":"max-image-preview:large","max-video-preview":"max-video-preview:-1"},"canonical":"https:\/\/incp.org.co\/tienda-online\/product\/membresia-activo\/","og_locale":"es_ES","og_type":"article","og_title":"Membres\u00eda \u00c9lite - Tienda Online","og_description":"70 a\u00f1os de experiencia y trayectoria en la profesi\u00f3n contable, con m\u00e1s de 20.000 profesionales vinculados.\u00a0 Somos el gremio profesional m\u00e1s representativo de tu profesi\u00f3n contable y el \u00fanico organismo patrocinador ante la Federaci\u00f3n Internacional de Contadores (IFAC) y Fundaci\u00f3n IFRS, lo que te permite recibir de primera mano todas las novedades en est\u00e1ndares internacionales. Recibe material acad\u00e9mico orientado a un contador integral y adquiere las herramientas profesionales para el desarrollo contin\u00fao de tu profesi\u00f3n en el d\u00eda a d\u00eda.\u00a0\u00a0 Lo m\u00e1s importante de esta membres\u00eda es que puedes participar activamente en las asambleas INCP y contribuir con tu voz y voto a fortalecer nuestro gremio profesional.  Contacta con un asesor para ampliar informaci\u00f3n    Cel: 3204345753-3108541480-membresia@incp.org.co [contact-form-7 id=\"1006\" title=\"Contacto\"]","og_url":"https:\/\/incp.org.co\/tienda-online\/product\/membresia-activo\/","og_site_name":"Tienda Online","article_modified_time":"2025-01-08T19:44:29+00:00","og_image":[{"width":445,"height":445,"url":"https:\/\/incp.org.co\/tienda-online\/wp-content\/uploads\/2020\/11\/socio-elite-445a.jpg","type":"image\/jpeg"}],"twitter_card":"summary_large_image","twitter_misc":{"Tiempo de lectura":"1 minuto"},"schema":{"@context":"https:\/\/schema.org","@graph":[{"@type":"WebPage","@id":"https:\/\/incp.org.co\/tienda-online\/product\/membresia-activo\/","url":"https:\/\/incp.org.co\/tienda-online\/product\/membresia-activo\/","name":"Membres\u00eda \u00c9lite - Tienda Online","isPartOf":{"@id":"https:\/\/incp.org.co\/tienda-online\/#website"},"primaryImageOfPage":{"@id":"https:\/\/incp.org.co\/tienda-online\/product\/membresia-activo\/#primaryimage"},"image":{"@id":"https:\/\/incp.org.co\/tienda-online\/product\/membresia-activo\/#primaryimage"},"thumbnailUrl":"https:\/\/incp.org.co\/tienda-online\/wp-content\/uploads\/2020\/11\/socio-elite-445a.jpg","datePublished":"2020-11-29T22:44:34+00:00","dateModified":"2025-01-08T19:44:29+00:00","breadcrumb":{"@id":"https:\/\/incp.org.co\/tienda-online\/product\/membresia-activo\/#breadcrumb"},"inLanguage":"es","potentialAction":[{"@type":"ReadAction","target":["https:\/\/incp.org.co\/tienda-online\/product\/membresia-activo\/"]}]},{"@type":"ImageObject","inLanguage":"es","@id":"https:\/\/incp.org.co\/tienda-online\/product\/membresia-activo\/#primaryimage","url":"https:\/\/incp.org.co\/tienda-online\/wp-content\/uploads\/2020\/11\/socio-elite-445a.jpg","contentUrl":"https:\/\/incp.org.co\/tienda-online\/wp-content\/uploads\/2020\/11\/socio-elite-445a.jpg","width":445,"height":445},{"@type":"BreadcrumbList","@id":"https:\/\/incp.org.co\/tienda-online\/product\/membresia-activo\/#breadcrumb","itemListElement":[{"@type":"ListItem","position":1,"name":"Portada","item":"https:\/\/incp.org.co\/tienda-online\/"},{"@type":"ListItem","position":2,"name":"shop","item":"https:\/\/incp.org.co\/tienda-online\/shop-2-2\/"},{"@type":"ListItem","position":3,"name":"Membres\u00eda \u00c9lite"}]},{"@type":"WebSite","@id":"https:\/\/incp.org.co\/tienda-online\/#website","url":"https:\/\/incp.org.co\/tienda-online\/","name":"Tienda Online","description":"","publisher":{"@id":"https:\/\/incp.org.co\/tienda-online\/#organization"},"potentialAction":[{"@type":"SearchAction","target":{"@type":"EntryPoint","urlTemplate":"https:\/\/incp.org.co\/tienda-online\/?s={search_term_string}"},"query-input":{"@type":"PropertyValueSpecification","valueRequired":true,"valueName":"search_term_string"}}],"inLanguage":"es"},{"@type":"Organization","@id":"https:\/\/incp.org.co\/tienda-online\/#organization","name":"Tienda INCP","url":"https:\/\/incp.org.co\/tienda-online\/","logo":{"@type":"ImageObject","inLanguage":"es","@id":"https:\/\/incp.org.co\/tienda-online\/#\/schema\/logo\/image\/","url":"https:\/\/incp.org.co\/tienda-online\/wp-content\/uploads\/2020\/08\/Sin-t\u00edtulo-1-02-e1597256515126.png","contentUrl":"https:\/\/incp.org.co\/tienda-online\/wp-content\/uploads\/2020\/08\/Sin-t\u00edtulo-1-02-e1597256515126.png","width":220,"height":170,"caption":"Tienda INCP"},"image":{"@id":"https:\/\/incp.org.co\/tienda-online\/#\/schema\/logo\/image\/"}}]}},"_links":{"self":[{"href":"https:\/\/incp.org.co\/tienda-online\/wp-json\/wp\/v2\/product\/496","targetHints":{"allow":["GET"]}}],"collection":[{"href":"https:\/\/incp.org.co\/tienda-online\/wp-json\/wp\/v2\/product"}],"about":[{"href":"https:\/\/incp.org.co\/tienda-online\/wp-json\/wp\/v2\/types\/product"}],"replies":[{"embeddable":true,"href":"https:\/\/incp.org.co\/tienda-online\/wp-json\/wp\/v2\/comments?post=496"}],"wp:featuredmedia":[{"embeddable":true,"href":"https:\/\/incp.org.co\/tienda-online\/wp-json\/wp\/v2\/media\/1021"}],"wp:attachment":[{"href":"https:\/\/incp.org.co\/tienda-online\/wp-json\/wp\/v2\/media?parent=496"}],"wp:term":[{"taxonomy":"product_brand","embeddable":true,"href":"https:\/\/incp.org.co\/tienda-online\/wp-json\/wp\/v2\/product_brand?post=496"},{"taxonomy":"product_cat","embeddable":true,"href":"https:\/\/incp.org.co\/tienda-online\/wp-json\/wp\/v2\/product_cat?post=496"},{"taxonomy":"product_tag","embeddable":true,"href":"https:\/\/incp.org.co\/tienda-online\/wp-json\/wp\/v2\/product_tag?post=496"}],"curies":[{"name":"wp","href":"https:\/\/api.w.org\/{rel}","templated":true}]}}