{"id":497,"date":"2020-11-28T17:45:55","date_gmt":"2020-11-28T22:45:55","guid":{"rendered":"https:\/\/www.incp.org.co\/tienda-online\/?post_type=product&#038;p=497"},"modified":"2025-01-08T14:50:51","modified_gmt":"2025-01-08T19:50:51","slug":"membresia-juridico","status":"publish","type":"product","link":"https:\/\/incp.org.co\/tienda-online\/product\/membresia-juridico\/","title":{"rendered":"Membres\u00eda Corporativo"},"content":{"rendered":"<div style=\"position: relative;padding-top: max(60%,326px);height: 0;width: 100%\">\u00a0<\/div>\r\n<div>\r\n<h3 class=\"has-text-align-center has-text-color wp-block-heading\" style=\"text-align: center\"><span style=\"color: #f8971d\"><strong>\u00a1Formaliza tu inscripci\u00f3n!<\/strong><\/span><\/h3>\r\n\r\n\r\n\r\n<div class=\"wp-block-file\"><a href=\"https:\/\/incp.org.co\/wp-content\/uploads\/2019\/05\/formulario-persona-juridica-may19.pdf\">1. Diligencia el formato solicitud de admisi\u00f3n persona jur\u00eddica <\/a><a class=\"wp-block-file__button\" href=\"https:\/\/incp.org.co\/wp-content\/uploads\/2019\/05\/formulario-persona-juridica-may19.pdf\">Descarga<\/a><\/div>\r\n<div>\u00a0<\/div>\r\n\r\n\r\n2. Fotocopia de la c\u00e9dula representante legal<\/div>\r\n<div>\u00a0<\/div>\r\n<div>\r\n\r\n3. C\u00e1mara y comercio \r\n\r\n4. RUT<br \/><br \/><\/div>\r\n<div>\r\n<p class=\"has-text-color\">Al correo electr\u00f3nico <strong>membresia@incp.org.co<\/strong><\/p>\r\n\r\n\r\n<br \/><\/div>","protected":false},"excerpt":{"rendered":"<p><strong>Fomenta la uni\u00f3n, formaci\u00f3n y actualizaci\u00f3n de tu equipo de trabajo<\/strong><strong>\u00a0<\/strong> Cuando vinculas a tu firma de contadores, eres privilegiado al formar parte del <strong>gremio profesional m\u00e1s representativo de la profesi\u00f3n contable<\/strong> y el <strong>\u00fanico<\/strong> organismo patrocinador ante la Federaci\u00f3n Internacional de Contadores (IFAC) y Fundaci\u00f3n IFRS.\u00a0 Siendo socio corporativo eres un protagonista de liderazgo y contribuyes al avance de los retos y desaf\u00edos mundiales de la profesi\u00f3n. Tienes la oportunidad de fomentar y fortalecer el desarrollo de tu equipo de trabajo de manera ilimitada y recibir informaci\u00f3n para que tu empresa sea m\u00e1s competitiva en el mercado a trav\u00e9s de recursos acad\u00e9micos y herramientas que son fuente clave para promover con tus aliados y red de contactos.<\/p>\n<hr \/>\n<p><!-- wp:paragraph {\"align\":\"center\",\"style\":{\"color\":{\"text\":\"#f8971d\"}}} --><\/p>\n<p class=\"has-text-align-center has-text-color\" style=\"text-align: center\"><span style=\"color: #f8971d\"><strong>Contacta con un asesor para ampliar informaci\u00f3n<\/strong><\/span><\/p>\n<p style=\"text-align: center\"><!-- \/wp:paragraph --><\/p>\n<p><!-- wp:paragraph {\"align\":\"center\",\"style\":{\"color\":{\"text\":\"#00aeef\"}}} --><\/p>\n<p class=\"has-text-align-center has-text-color\" style=\"text-align: center\"><span style=\"color: #00aeef\">Cel:<span style=\"color: #00ccff\"> <a style=\"color: #00ccff\" href=\"https:\/\/wa.link\/1ra8vt\">3204345753<\/a><\/span>&#8211;<span style=\"color: #00ccff\"><a style=\"color: #00ccff\" href=\"https:\/\/wa.link\/jm7xg5\">3108541480<\/a><\/span>-membresia@incp.org.co<\/span><!-- \/wp:paragraph --><\/p>\n<p><span style=\"color: #ffffff\">[contact-form-7 id=\u00bb1006&#8243; title=\u00bbConta<\/span><\/p>\n","protected":false},"featured_media":1020,"comment_status":"closed","ping_status":"closed","template":"","meta":[],"product_brand":[],"product_cat":[39,58],"product_tag":[],"class_list":{"0":"post-497","1":"product","2":"type-product","3":"status-publish","4":"has-post-thumbnail","6":"product_cat-membresias","7":"product_cat-para-tu-empresa","9":"first","10":"instock","11":"product-type-simple"},"yoast_head":"<!-- This site is optimized with the Yoast SEO plugin v27.3 - https:\/\/yoast.com\/product\/yoast-seo-wordpress\/ -->\n<title>Membres\u00eda Corporativo - Tienda Online<\/title>\n<meta name=\"robots\" content=\"index, follow, max-snippet:-1, max-image-preview:large, max-video-preview:-1\" \/>\n<link rel=\"canonical\" href=\"https:\/\/incp.org.co\/tienda-online\/product\/membresia-juridico\/\" \/>\n<meta property=\"og:locale\" content=\"es_ES\" \/>\n<meta property=\"og:type\" content=\"article\" \/>\n<meta property=\"og:title\" content=\"Membres\u00eda Corporativo - Tienda Online\" \/>\n<meta property=\"og:description\" content=\"Fomenta la uni\u00f3n, formaci\u00f3n y actualizaci\u00f3n de tu equipo de trabajo\u00a0 Cuando vinculas a tu firma de contadores, eres privilegiado al formar parte del gremio profesional m\u00e1s representativo de la profesi\u00f3n contable y el \u00fanico organismo patrocinador ante la Federaci\u00f3n Internacional de Contadores (IFAC) y Fundaci\u00f3n IFRS.\u00a0 Siendo socio corporativo eres un protagonista de liderazgo y contribuyes al avance de los retos y desaf\u00edos mundiales de la profesi\u00f3n. Tienes la oportunidad de fomentar y fortalecer el desarrollo de tu equipo de trabajo de manera ilimitada y recibir informaci\u00f3n para que tu empresa sea m\u00e1s competitiva en el mercado a trav\u00e9s de recursos acad\u00e9micos y herramientas que son fuente clave para promover con tus aliados y red de contactos.  Contacta con un asesor para ampliar informaci\u00f3n    Cel: 3204345753-3108541480-membresia@incp.org.co [contact-form-7 id=&quot;1006&quot; title=&quot;Conta\" \/>\n<meta property=\"og:url\" content=\"https:\/\/incp.org.co\/tienda-online\/product\/membresia-juridico\/\" \/>\n<meta property=\"og:site_name\" content=\"Tienda Online\" \/>\n<meta property=\"article:modified_time\" content=\"2025-01-08T19:50:51+00:00\" \/>\n<meta property=\"og:image\" content=\"https:\/\/incp.org.co\/tienda-online\/wp-content\/uploads\/2020\/09\/socio-corporativo-445.jpg\" \/>\n\t<meta property=\"og:image:width\" content=\"445\" \/>\n\t<meta property=\"og:image:height\" content=\"445\" \/>\n\t<meta property=\"og:image:type\" content=\"image\/jpeg\" \/>\n<meta name=\"twitter:card\" content=\"summary_large_image\" \/>\n<meta name=\"twitter:label1\" content=\"Tiempo de lectura\" \/>\n\t<meta name=\"twitter:data1\" content=\"1 minuto\" \/>\n<script type=\"application\/ld+json\" class=\"yoast-schema-graph\">{\"@context\":\"https:\\\/\\\/schema.org\",\"@graph\":[{\"@type\":\"WebPage\",\"@id\":\"https:\\\/\\\/incp.org.co\\\/tienda-online\\\/product\\\/membresia-juridico\\\/\",\"url\":\"https:\\\/\\\/incp.org.co\\\/tienda-online\\\/product\\\/membresia-juridico\\\/\",\"name\":\"Membres\u00eda Corporativo - Tienda Online\",\"isPartOf\":{\"@id\":\"https:\\\/\\\/incp.org.co\\\/tienda-online\\\/#website\"},\"primaryImageOfPage\":{\"@id\":\"https:\\\/\\\/incp.org.co\\\/tienda-online\\\/product\\\/membresia-juridico\\\/#primaryimage\"},\"image\":{\"@id\":\"https:\\\/\\\/incp.org.co\\\/tienda-online\\\/product\\\/membresia-juridico\\\/#primaryimage\"},\"thumbnailUrl\":\"https:\\\/\\\/incp.org.co\\\/tienda-online\\\/wp-content\\\/uploads\\\/2020\\\/09\\\/socio-corporativo-445.jpg\",\"datePublished\":\"2020-11-28T22:45:55+00:00\",\"dateModified\":\"2025-01-08T19:50:51+00:00\",\"breadcrumb\":{\"@id\":\"https:\\\/\\\/incp.org.co\\\/tienda-online\\\/product\\\/membresia-juridico\\\/#breadcrumb\"},\"inLanguage\":\"es\",\"potentialAction\":[{\"@type\":\"ReadAction\",\"target\":[\"https:\\\/\\\/incp.org.co\\\/tienda-online\\\/product\\\/membresia-juridico\\\/\"]}]},{\"@type\":\"ImageObject\",\"inLanguage\":\"es\",\"@id\":\"https:\\\/\\\/incp.org.co\\\/tienda-online\\\/product\\\/membresia-juridico\\\/#primaryimage\",\"url\":\"https:\\\/\\\/incp.org.co\\\/tienda-online\\\/wp-content\\\/uploads\\\/2020\\\/09\\\/socio-corporativo-445.jpg\",\"contentUrl\":\"https:\\\/\\\/incp.org.co\\\/tienda-online\\\/wp-content\\\/uploads\\\/2020\\\/09\\\/socio-corporativo-445.jpg\",\"width\":445,\"height\":445},{\"@type\":\"BreadcrumbList\",\"@id\":\"https:\\\/\\\/incp.org.co\\\/tienda-online\\\/product\\\/membresia-juridico\\\/#breadcrumb\",\"itemListElement\":[{\"@type\":\"ListItem\",\"position\":1,\"name\":\"Portada\",\"item\":\"https:\\\/\\\/incp.org.co\\\/tienda-online\\\/\"},{\"@type\":\"ListItem\",\"position\":2,\"name\":\"shop\",\"item\":\"https:\\\/\\\/incp.org.co\\\/tienda-online\\\/shop-2-2\\\/\"},{\"@type\":\"ListItem\",\"position\":3,\"name\":\"Membres\u00eda Corporativo\"}]},{\"@type\":\"WebSite\",\"@id\":\"https:\\\/\\\/incp.org.co\\\/tienda-online\\\/#website\",\"url\":\"https:\\\/\\\/incp.org.co\\\/tienda-online\\\/\",\"name\":\"Tienda Online\",\"description\":\"\",\"publisher\":{\"@id\":\"https:\\\/\\\/incp.org.co\\\/tienda-online\\\/#organization\"},\"potentialAction\":[{\"@type\":\"SearchAction\",\"target\":{\"@type\":\"EntryPoint\",\"urlTemplate\":\"https:\\\/\\\/incp.org.co\\\/tienda-online\\\/?s={search_term_string}\"},\"query-input\":{\"@type\":\"PropertyValueSpecification\",\"valueRequired\":true,\"valueName\":\"search_term_string\"}}],\"inLanguage\":\"es\"},{\"@type\":\"Organization\",\"@id\":\"https:\\\/\\\/incp.org.co\\\/tienda-online\\\/#organization\",\"name\":\"Tienda INCP\",\"url\":\"https:\\\/\\\/incp.org.co\\\/tienda-online\\\/\",\"logo\":{\"@type\":\"ImageObject\",\"inLanguage\":\"es\",\"@id\":\"https:\\\/\\\/incp.org.co\\\/tienda-online\\\/#\\\/schema\\\/logo\\\/image\\\/\",\"url\":\"https:\\\/\\\/incp.org.co\\\/tienda-online\\\/wp-content\\\/uploads\\\/2020\\\/08\\\/Sin-t\u00edtulo-1-02-e1597256515126.png\",\"contentUrl\":\"https:\\\/\\\/incp.org.co\\\/tienda-online\\\/wp-content\\\/uploads\\\/2020\\\/08\\\/Sin-t\u00edtulo-1-02-e1597256515126.png\",\"width\":220,\"height\":170,\"caption\":\"Tienda INCP\"},\"image\":{\"@id\":\"https:\\\/\\\/incp.org.co\\\/tienda-online\\\/#\\\/schema\\\/logo\\\/image\\\/\"}}]}<\/script>\n<!-- \/ Yoast SEO plugin. -->","yoast_head_json":{"title":"Membres\u00eda Corporativo - Tienda Online","robots":{"index":"index","follow":"follow","max-snippet":"max-snippet:-1","max-image-preview":"max-image-preview:large","max-video-preview":"max-video-preview:-1"},"canonical":"https:\/\/incp.org.co\/tienda-online\/product\/membresia-juridico\/","og_locale":"es_ES","og_type":"article","og_title":"Membres\u00eda Corporativo - Tienda Online","og_description":"Fomenta la uni\u00f3n, formaci\u00f3n y actualizaci\u00f3n de tu equipo de trabajo\u00a0 Cuando vinculas a tu firma de contadores, eres privilegiado al formar parte del gremio profesional m\u00e1s representativo de la profesi\u00f3n contable y el \u00fanico organismo patrocinador ante la Federaci\u00f3n Internacional de Contadores (IFAC) y Fundaci\u00f3n IFRS.\u00a0 Siendo socio corporativo eres un protagonista de liderazgo y contribuyes al avance de los retos y desaf\u00edos mundiales de la profesi\u00f3n. Tienes la oportunidad de fomentar y fortalecer el desarrollo de tu equipo de trabajo de manera ilimitada y recibir informaci\u00f3n para que tu empresa sea m\u00e1s competitiva en el mercado a trav\u00e9s de recursos acad\u00e9micos y herramientas que son fuente clave para promover con tus aliados y red de contactos.  Contacta con un asesor para ampliar informaci\u00f3n    Cel: 3204345753-3108541480-membresia@incp.org.co [contact-form-7 id=\"1006\" title=\"Conta","og_url":"https:\/\/incp.org.co\/tienda-online\/product\/membresia-juridico\/","og_site_name":"Tienda Online","article_modified_time":"2025-01-08T19:50:51+00:00","og_image":[{"width":445,"height":445,"url":"https:\/\/incp.org.co\/tienda-online\/wp-content\/uploads\/2020\/09\/socio-corporativo-445.jpg","type":"image\/jpeg"}],"twitter_card":"summary_large_image","twitter_misc":{"Tiempo de lectura":"1 minuto"},"schema":{"@context":"https:\/\/schema.org","@graph":[{"@type":"WebPage","@id":"https:\/\/incp.org.co\/tienda-online\/product\/membresia-juridico\/","url":"https:\/\/incp.org.co\/tienda-online\/product\/membresia-juridico\/","name":"Membres\u00eda Corporativo - Tienda Online","isPartOf":{"@id":"https:\/\/incp.org.co\/tienda-online\/#website"},"primaryImageOfPage":{"@id":"https:\/\/incp.org.co\/tienda-online\/product\/membresia-juridico\/#primaryimage"},"image":{"@id":"https:\/\/incp.org.co\/tienda-online\/product\/membresia-juridico\/#primaryimage"},"thumbnailUrl":"https:\/\/incp.org.co\/tienda-online\/wp-content\/uploads\/2020\/09\/socio-corporativo-445.jpg","datePublished":"2020-11-28T22:45:55+00:00","dateModified":"2025-01-08T19:50:51+00:00","breadcrumb":{"@id":"https:\/\/incp.org.co\/tienda-online\/product\/membresia-juridico\/#breadcrumb"},"inLanguage":"es","potentialAction":[{"@type":"ReadAction","target":["https:\/\/incp.org.co\/tienda-online\/product\/membresia-juridico\/"]}]},{"@type":"ImageObject","inLanguage":"es","@id":"https:\/\/incp.org.co\/tienda-online\/product\/membresia-juridico\/#primaryimage","url":"https:\/\/incp.org.co\/tienda-online\/wp-content\/uploads\/2020\/09\/socio-corporativo-445.jpg","contentUrl":"https:\/\/incp.org.co\/tienda-online\/wp-content\/uploads\/2020\/09\/socio-corporativo-445.jpg","width":445,"height":445},{"@type":"BreadcrumbList","@id":"https:\/\/incp.org.co\/tienda-online\/product\/membresia-juridico\/#breadcrumb","itemListElement":[{"@type":"ListItem","position":1,"name":"Portada","item":"https:\/\/incp.org.co\/tienda-online\/"},{"@type":"ListItem","position":2,"name":"shop","item":"https:\/\/incp.org.co\/tienda-online\/shop-2-2\/"},{"@type":"ListItem","position":3,"name":"Membres\u00eda Corporativo"}]},{"@type":"WebSite","@id":"https:\/\/incp.org.co\/tienda-online\/#website","url":"https:\/\/incp.org.co\/tienda-online\/","name":"Tienda Online","description":"","publisher":{"@id":"https:\/\/incp.org.co\/tienda-online\/#organization"},"potentialAction":[{"@type":"SearchAction","target":{"@type":"EntryPoint","urlTemplate":"https:\/\/incp.org.co\/tienda-online\/?s={search_term_string}"},"query-input":{"@type":"PropertyValueSpecification","valueRequired":true,"valueName":"search_term_string"}}],"inLanguage":"es"},{"@type":"Organization","@id":"https:\/\/incp.org.co\/tienda-online\/#organization","name":"Tienda INCP","url":"https:\/\/incp.org.co\/tienda-online\/","logo":{"@type":"ImageObject","inLanguage":"es","@id":"https:\/\/incp.org.co\/tienda-online\/#\/schema\/logo\/image\/","url":"https:\/\/incp.org.co\/tienda-online\/wp-content\/uploads\/2020\/08\/Sin-t\u00edtulo-1-02-e1597256515126.png","contentUrl":"https:\/\/incp.org.co\/tienda-online\/wp-content\/uploads\/2020\/08\/Sin-t\u00edtulo-1-02-e1597256515126.png","width":220,"height":170,"caption":"Tienda INCP"},"image":{"@id":"https:\/\/incp.org.co\/tienda-online\/#\/schema\/logo\/image\/"}}]}},"_links":{"self":[{"href":"https:\/\/incp.org.co\/tienda-online\/wp-json\/wp\/v2\/product\/497","targetHints":{"allow":["GET"]}}],"collection":[{"href":"https:\/\/incp.org.co\/tienda-online\/wp-json\/wp\/v2\/product"}],"about":[{"href":"https:\/\/incp.org.co\/tienda-online\/wp-json\/wp\/v2\/types\/product"}],"replies":[{"embeddable":true,"href":"https:\/\/incp.org.co\/tienda-online\/wp-json\/wp\/v2\/comments?post=497"}],"wp:featuredmedia":[{"embeddable":true,"href":"https:\/\/incp.org.co\/tienda-online\/wp-json\/wp\/v2\/media\/1020"}],"wp:attachment":[{"href":"https:\/\/incp.org.co\/tienda-online\/wp-json\/wp\/v2\/media?parent=497"}],"wp:term":[{"taxonomy":"product_brand","embeddable":true,"href":"https:\/\/incp.org.co\/tienda-online\/wp-json\/wp\/v2\/product_brand?post=497"},{"taxonomy":"product_cat","embeddable":true,"href":"https:\/\/incp.org.co\/tienda-online\/wp-json\/wp\/v2\/product_cat?post=497"},{"taxonomy":"product_tag","embeddable":true,"href":"https:\/\/incp.org.co\/tienda-online\/wp-json\/wp\/v2\/product_tag?post=497"}],"curies":[{"name":"wp","href":"https:\/\/api.w.org\/{rel}","templated":true}]}}