{"id":743,"date":"2020-10-27T14:42:52","date_gmt":"2020-10-27T19:42:52","guid":{"rendered":"https:\/\/www.incp.org.co\/tienda-online\/?post_type=product&#038;p=743"},"modified":"2024-03-03T20:30:17","modified_gmt":"2024-03-04T01:30:17","slug":"revista-el-contador-publico","status":"publish","type":"product","link":"https:\/\/incp.org.co\/tienda-online\/product\/revista-el-contador-publico\/","title":{"rendered":"Revista El Contador P\u00fablico"},"content":{"rendered":"","protected":false},"excerpt":{"rendered":"<p>Al adquirir esta suscripci\u00f3n anual recibir\u00e1s trimestralmente una edici\u00f3n de la revista <strong><em>El Contador P\u00fablico<\/em><\/strong>, es decir, cuatro ediciones al a\u00f1o.<\/p>\n<p>La revista <strong>El Contador P\u00fablico<\/strong> es una publicaci\u00f3n peri\u00f3dica realizada por el <strong>Instituto Nacional de Contadores P\u00fablicos<\/strong> \u2013 INCP desde 1954, registrada bajo el ISSN 2745-1224 (en l\u00ednea) \/ 0122-6762 (impreso), en la cual se publican contenidos relacionados con los ejes centrales de la profesi\u00f3n contable y las tem\u00e1ticas que tienen incidencia en ella, tales como: \u00e9tica, aseguramiento, Normas Internacionales de Informaci\u00f3n Financiera (NIIF), impuestos, regulaci\u00f3n y normatividad, revisor\u00eda fiscal, tecnolog\u00eda, tendencias e innovaci\u00f3n, finanzas, contabilidad, costos, buenas pr\u00e1cticas, sostenibilidad, entre otros.<\/p>\n<p>En la actualidad, esta publicaci\u00f3n es 100 % digital. Una vez te suscribas, podr\u00e1s descargarla en formato pdf y leer sus distintos contenidos en <a href=\"https:\/\/incp.org.co\/revista-el-contador-publico\/\">https:\/\/incp.org.co\/revista-el-contador-publico\/<\/a><\/p>\n<div style=\"text-align: center;\"><a style=\"display: inline-block; padding: 7px 20px; margin-top: 10px; background-color: #dd3333; color: white; text-decoration: none; border-radius: 5px; font-size: 15px; border: none; cursor: pointer;\" href=\"https:\/\/incp.org.co\/revista-el-contador-publico\/\">Ir a la revista digital<\/a><\/div>\n<hr \/>\n<h4 style=\"text-align: left;\">\u00bfDeseas conocer previamente esta publicaci\u00f3n?<\/h4>\n<h4 style=\"text-align: left;\">Puedes descargar gratuitamente una de nuestras ediciones anteriores <a href=\"https:\/\/incp.org.co\/revista-el-contador-publico\/descarga-la-edicion-gratuita\/\" target=\"_blank\" rel=\"noopener noreferrer\">aqu\u00ed<\/a><\/h4>\n","protected":false},"featured_media":31929,"comment_status":"closed","ping_status":"closed","template":"","meta":[],"product_brand":[],"product_cat":[52],"product_tag":[],"class_list":{"0":"post-743","1":"product","2":"type-product","3":"status-publish","4":"has-post-thumbnail","6":"product_cat-suscripciones","8":"first","9":"instock","10":"purchasable","11":"product-type-simple"},"yoast_head":"<!-- This site is optimized with the Yoast SEO plugin v27.5 - https:\/\/yoast.com\/product\/yoast-seo-wordpress\/ -->\n<title>Revista El Contador P\u00fablico - Tienda Online<\/title>\n<meta name=\"robots\" content=\"index, follow, max-snippet:-1, max-image-preview:large, max-video-preview:-1\" \/>\n<link rel=\"canonical\" href=\"https:\/\/incp.org.co\/tienda-online\/product\/revista-el-contador-publico\/\" \/>\n<meta property=\"og:locale\" content=\"es_ES\" \/>\n<meta property=\"og:type\" content=\"article\" \/>\n<meta property=\"og:title\" content=\"Revista El Contador P\u00fablico - Tienda Online\" \/>\n<meta property=\"og:description\" content=\"Al adquirir esta suscripci\u00f3n anual recibir\u00e1s trimestralmente una edici\u00f3n de la revista El Contador P\u00fablico, es decir, cuatro ediciones al a\u00f1o.  La revista El Contador P\u00fablico es una publicaci\u00f3n peri\u00f3dica realizada por el Instituto Nacional de Contadores P\u00fablicos \u2013 INCP desde 1954, registrada bajo el ISSN 2745-1224 (en l\u00ednea) \/ 0122-6762 (impreso), en la cual se publican contenidos relacionados con los ejes centrales de la profesi\u00f3n contable y las tem\u00e1ticas que tienen incidencia en ella, tales como: \u00e9tica, aseguramiento, Normas Internacionales de Informaci\u00f3n Financiera (NIIF), impuestos, regulaci\u00f3n y normatividad, revisor\u00eda fiscal, tecnolog\u00eda, tendencias e innovaci\u00f3n, finanzas, contabilidad, costos, buenas pr\u00e1cticas, sostenibilidad, entre otros.  En la actualidad, esta publicaci\u00f3n es 100 % digital. Una vez te suscribas, podr\u00e1s descargarla en formato pdf y leer sus distintos contenidos en https:\/\/incp.org.co\/revista-el-contador-publico\/ Ir a la revista digital    \u00bfDeseas conocer previamente esta publicaci\u00f3n? Puedes descargar gratuitamente una de nuestras ediciones anteriores aqu\u00ed\" \/>\n<meta property=\"og:url\" content=\"https:\/\/incp.org.co\/tienda-online\/product\/revista-el-contador-publico\/\" \/>\n<meta property=\"og:site_name\" content=\"Tienda Online\" \/>\n<meta property=\"article:modified_time\" content=\"2024-03-04T01:30:17+00:00\" \/>\n<meta property=\"og:image\" content=\"https:\/\/incp.org.co\/tienda-online\/wp-content\/uploads\/2020\/10\/revista-contador.jpg\" \/>\n\t<meta property=\"og:image:width\" content=\"801\" \/>\n\t<meta property=\"og:image:height\" content=\"446\" \/>\n\t<meta property=\"og:image:type\" content=\"image\/jpeg\" \/>\n<meta name=\"twitter:card\" content=\"summary_large_image\" \/>\n<script type=\"application\/ld+json\" class=\"yoast-schema-graph\">{\"@context\":\"https:\\\/\\\/schema.org\",\"@graph\":[{\"@type\":\"WebPage\",\"@id\":\"https:\\\/\\\/incp.org.co\\\/tienda-online\\\/product\\\/revista-el-contador-publico\\\/\",\"url\":\"https:\\\/\\\/incp.org.co\\\/tienda-online\\\/product\\\/revista-el-contador-publico\\\/\",\"name\":\"Revista El Contador P\u00fablico - Tienda Online\",\"isPartOf\":{\"@id\":\"https:\\\/\\\/incp.org.co\\\/tienda-online\\\/#website\"},\"primaryImageOfPage\":{\"@id\":\"https:\\\/\\\/incp.org.co\\\/tienda-online\\\/product\\\/revista-el-contador-publico\\\/#primaryimage\"},\"image\":{\"@id\":\"https:\\\/\\\/incp.org.co\\\/tienda-online\\\/product\\\/revista-el-contador-publico\\\/#primaryimage\"},\"thumbnailUrl\":\"https:\\\/\\\/incp.org.co\\\/tienda-online\\\/wp-content\\\/uploads\\\/2020\\\/10\\\/revista-contador.jpg\",\"datePublished\":\"2020-10-27T19:42:52+00:00\",\"dateModified\":\"2024-03-04T01:30:17+00:00\",\"breadcrumb\":{\"@id\":\"https:\\\/\\\/incp.org.co\\\/tienda-online\\\/product\\\/revista-el-contador-publico\\\/#breadcrumb\"},\"inLanguage\":\"es\",\"potentialAction\":[{\"@type\":\"ReadAction\",\"target\":[\"https:\\\/\\\/incp.org.co\\\/tienda-online\\\/product\\\/revista-el-contador-publico\\\/\"]}]},{\"@type\":\"ImageObject\",\"inLanguage\":\"es\",\"@id\":\"https:\\\/\\\/incp.org.co\\\/tienda-online\\\/product\\\/revista-el-contador-publico\\\/#primaryimage\",\"url\":\"https:\\\/\\\/incp.org.co\\\/tienda-online\\\/wp-content\\\/uploads\\\/2020\\\/10\\\/revista-contador.jpg\",\"contentUrl\":\"https:\\\/\\\/incp.org.co\\\/tienda-online\\\/wp-content\\\/uploads\\\/2020\\\/10\\\/revista-contador.jpg\",\"width\":801,\"height\":446},{\"@type\":\"BreadcrumbList\",\"@id\":\"https:\\\/\\\/incp.org.co\\\/tienda-online\\\/product\\\/revista-el-contador-publico\\\/#breadcrumb\",\"itemListElement\":[{\"@type\":\"ListItem\",\"position\":1,\"name\":\"Portada\",\"item\":\"https:\\\/\\\/incp.org.co\\\/tienda-online\\\/\"},{\"@type\":\"ListItem\",\"position\":2,\"name\":\"shop\",\"item\":\"https:\\\/\\\/incp.org.co\\\/tienda-online\\\/shop-2-2\\\/\"},{\"@type\":\"ListItem\",\"position\":3,\"name\":\"Revista El Contador P\u00fablico\"}]},{\"@type\":\"WebSite\",\"@id\":\"https:\\\/\\\/incp.org.co\\\/tienda-online\\\/#website\",\"url\":\"https:\\\/\\\/incp.org.co\\\/tienda-online\\\/\",\"name\":\"Tienda Online\",\"description\":\"\",\"publisher\":{\"@id\":\"https:\\\/\\\/incp.org.co\\\/tienda-online\\\/#organization\"},\"potentialAction\":[{\"@type\":\"SearchAction\",\"target\":{\"@type\":\"EntryPoint\",\"urlTemplate\":\"https:\\\/\\\/incp.org.co\\\/tienda-online\\\/?s={search_term_string}\"},\"query-input\":{\"@type\":\"PropertyValueSpecification\",\"valueRequired\":true,\"valueName\":\"search_term_string\"}}],\"inLanguage\":\"es\"},{\"@type\":\"Organization\",\"@id\":\"https:\\\/\\\/incp.org.co\\\/tienda-online\\\/#organization\",\"name\":\"Tienda INCP\",\"url\":\"https:\\\/\\\/incp.org.co\\\/tienda-online\\\/\",\"logo\":{\"@type\":\"ImageObject\",\"inLanguage\":\"es\",\"@id\":\"https:\\\/\\\/incp.org.co\\\/tienda-online\\\/#\\\/schema\\\/logo\\\/image\\\/\",\"url\":\"https:\\\/\\\/incp.org.co\\\/tienda-online\\\/wp-content\\\/uploads\\\/2020\\\/08\\\/Sin-t\u00edtulo-1-02-e1597256515126.png\",\"contentUrl\":\"https:\\\/\\\/incp.org.co\\\/tienda-online\\\/wp-content\\\/uploads\\\/2020\\\/08\\\/Sin-t\u00edtulo-1-02-e1597256515126.png\",\"width\":220,\"height\":170,\"caption\":\"Tienda INCP\"},\"image\":{\"@id\":\"https:\\\/\\\/incp.org.co\\\/tienda-online\\\/#\\\/schema\\\/logo\\\/image\\\/\"}}]}<\/script>\n<!-- \/ Yoast SEO plugin. -->","yoast_head_json":{"title":"Revista El Contador P\u00fablico - Tienda Online","robots":{"index":"index","follow":"follow","max-snippet":"max-snippet:-1","max-image-preview":"max-image-preview:large","max-video-preview":"max-video-preview:-1"},"canonical":"https:\/\/incp.org.co\/tienda-online\/product\/revista-el-contador-publico\/","og_locale":"es_ES","og_type":"article","og_title":"Revista El Contador P\u00fablico - Tienda Online","og_description":"Al adquirir esta suscripci\u00f3n anual recibir\u00e1s trimestralmente una edici\u00f3n de la revista El Contador P\u00fablico, es decir, cuatro ediciones al a\u00f1o.  La revista El Contador P\u00fablico es una publicaci\u00f3n peri\u00f3dica realizada por el Instituto Nacional de Contadores P\u00fablicos \u2013 INCP desde 1954, registrada bajo el ISSN 2745-1224 (en l\u00ednea) \/ 0122-6762 (impreso), en la cual se publican contenidos relacionados con los ejes centrales de la profesi\u00f3n contable y las tem\u00e1ticas que tienen incidencia en ella, tales como: \u00e9tica, aseguramiento, Normas Internacionales de Informaci\u00f3n Financiera (NIIF), impuestos, regulaci\u00f3n y normatividad, revisor\u00eda fiscal, tecnolog\u00eda, tendencias e innovaci\u00f3n, finanzas, contabilidad, costos, buenas pr\u00e1cticas, sostenibilidad, entre otros.  En la actualidad, esta publicaci\u00f3n es 100 % digital. Una vez te suscribas, podr\u00e1s descargarla en formato pdf y leer sus distintos contenidos en https:\/\/incp.org.co\/revista-el-contador-publico\/ Ir a la revista digital    \u00bfDeseas conocer previamente esta publicaci\u00f3n? Puedes descargar gratuitamente una de nuestras ediciones anteriores aqu\u00ed","og_url":"https:\/\/incp.org.co\/tienda-online\/product\/revista-el-contador-publico\/","og_site_name":"Tienda Online","article_modified_time":"2024-03-04T01:30:17+00:00","og_image":[{"width":801,"height":446,"url":"https:\/\/incp.org.co\/tienda-online\/wp-content\/uploads\/2020\/10\/revista-contador.jpg","type":"image\/jpeg"}],"twitter_card":"summary_large_image","schema":{"@context":"https:\/\/schema.org","@graph":[{"@type":"WebPage","@id":"https:\/\/incp.org.co\/tienda-online\/product\/revista-el-contador-publico\/","url":"https:\/\/incp.org.co\/tienda-online\/product\/revista-el-contador-publico\/","name":"Revista El Contador P\u00fablico - Tienda Online","isPartOf":{"@id":"https:\/\/incp.org.co\/tienda-online\/#website"},"primaryImageOfPage":{"@id":"https:\/\/incp.org.co\/tienda-online\/product\/revista-el-contador-publico\/#primaryimage"},"image":{"@id":"https:\/\/incp.org.co\/tienda-online\/product\/revista-el-contador-publico\/#primaryimage"},"thumbnailUrl":"https:\/\/incp.org.co\/tienda-online\/wp-content\/uploads\/2020\/10\/revista-contador.jpg","datePublished":"2020-10-27T19:42:52+00:00","dateModified":"2024-03-04T01:30:17+00:00","breadcrumb":{"@id":"https:\/\/incp.org.co\/tienda-online\/product\/revista-el-contador-publico\/#breadcrumb"},"inLanguage":"es","potentialAction":[{"@type":"ReadAction","target":["https:\/\/incp.org.co\/tienda-online\/product\/revista-el-contador-publico\/"]}]},{"@type":"ImageObject","inLanguage":"es","@id":"https:\/\/incp.org.co\/tienda-online\/product\/revista-el-contador-publico\/#primaryimage","url":"https:\/\/incp.org.co\/tienda-online\/wp-content\/uploads\/2020\/10\/revista-contador.jpg","contentUrl":"https:\/\/incp.org.co\/tienda-online\/wp-content\/uploads\/2020\/10\/revista-contador.jpg","width":801,"height":446},{"@type":"BreadcrumbList","@id":"https:\/\/incp.org.co\/tienda-online\/product\/revista-el-contador-publico\/#breadcrumb","itemListElement":[{"@type":"ListItem","position":1,"name":"Portada","item":"https:\/\/incp.org.co\/tienda-online\/"},{"@type":"ListItem","position":2,"name":"shop","item":"https:\/\/incp.org.co\/tienda-online\/shop-2-2\/"},{"@type":"ListItem","position":3,"name":"Revista El Contador P\u00fablico"}]},{"@type":"WebSite","@id":"https:\/\/incp.org.co\/tienda-online\/#website","url":"https:\/\/incp.org.co\/tienda-online\/","name":"Tienda Online","description":"","publisher":{"@id":"https:\/\/incp.org.co\/tienda-online\/#organization"},"potentialAction":[{"@type":"SearchAction","target":{"@type":"EntryPoint","urlTemplate":"https:\/\/incp.org.co\/tienda-online\/?s={search_term_string}"},"query-input":{"@type":"PropertyValueSpecification","valueRequired":true,"valueName":"search_term_string"}}],"inLanguage":"es"},{"@type":"Organization","@id":"https:\/\/incp.org.co\/tienda-online\/#organization","name":"Tienda INCP","url":"https:\/\/incp.org.co\/tienda-online\/","logo":{"@type":"ImageObject","inLanguage":"es","@id":"https:\/\/incp.org.co\/tienda-online\/#\/schema\/logo\/image\/","url":"https:\/\/incp.org.co\/tienda-online\/wp-content\/uploads\/2020\/08\/Sin-t\u00edtulo-1-02-e1597256515126.png","contentUrl":"https:\/\/incp.org.co\/tienda-online\/wp-content\/uploads\/2020\/08\/Sin-t\u00edtulo-1-02-e1597256515126.png","width":220,"height":170,"caption":"Tienda INCP"},"image":{"@id":"https:\/\/incp.org.co\/tienda-online\/#\/schema\/logo\/image\/"}}]}},"_links":{"self":[{"href":"https:\/\/incp.org.co\/tienda-online\/wp-json\/wp\/v2\/product\/743","targetHints":{"allow":["GET"]}}],"collection":[{"href":"https:\/\/incp.org.co\/tienda-online\/wp-json\/wp\/v2\/product"}],"about":[{"href":"https:\/\/incp.org.co\/tienda-online\/wp-json\/wp\/v2\/types\/product"}],"replies":[{"embeddable":true,"href":"https:\/\/incp.org.co\/tienda-online\/wp-json\/wp\/v2\/comments?post=743"}],"wp:featuredmedia":[{"embeddable":true,"href":"https:\/\/incp.org.co\/tienda-online\/wp-json\/wp\/v2\/media\/31929"}],"wp:attachment":[{"href":"https:\/\/incp.org.co\/tienda-online\/wp-json\/wp\/v2\/media?parent=743"}],"wp:term":[{"taxonomy":"product_brand","embeddable":true,"href":"https:\/\/incp.org.co\/tienda-online\/wp-json\/wp\/v2\/product_brand?post=743"},{"taxonomy":"product_cat","embeddable":true,"href":"https:\/\/incp.org.co\/tienda-online\/wp-json\/wp\/v2\/product_cat?post=743"},{"taxonomy":"product_tag","embeddable":true,"href":"https:\/\/incp.org.co\/tienda-online\/wp-json\/wp\/v2\/product_tag?post=743"}],"curies":[{"name":"wp","href":"https:\/\/api.w.org\/{rel}","templated":true}]}}