{"id":775,"date":"2020-11-08T20:21:31","date_gmt":"2020-11-09T01:21:31","guid":{"rendered":"https:\/\/www.incp.org.co\/tienda-online\/?post_type=product&#038;p=775"},"modified":"2026-02-11T08:27:20","modified_gmt":"2026-02-11T13:27:20","slug":"examen-auditoria-internacional","status":"publish","type":"product","link":"https:\/\/incp.org.co\/tienda-online\/product\/examen-auditoria-internacional\/","title":{"rendered":"Examen: Auditor\u00eda Internacional"},"content":{"rendered":"<p><strong>Idioma: espa\u00f1ol o ingl\u00e9s<\/strong><\/p>\n<p><span style=\"color: #00aeef;\"><b>Inversi\u00f3n<\/b><\/span><\/p>\n<h4><strong>$ 1&#8217;070.000<\/strong><\/h4>\n<p><span style=\"color: #000000;\"><strong>Si eres socio INCP inicia sesi\u00f3n<\/strong><\/span><\/p>\n<form name=\"loginform\" id=\"loginform\" action=\"https:\/\/incp.org.co\/tienda-online\/wp-login.php\" method=\"post\"><p class=\"login-username\">\n\t\t\t\t<label for=\"user_login\">Usuario<\/label>\n\t\t\t\t<input type=\"text\" name=\"log\" id=\"user_login\" autocomplete=\"username\" class=\"input\" value=\"\" size=\"20\" \/>\n\t\t\t<\/p><p class=\"login-password\">\n\t\t\t\t<label for=\"user_pass\">Contrase\u00f1a<\/label>\n\t\t\t\t<input type=\"password\" name=\"pwd\" id=\"user_pass\" autocomplete=\"current-password\" spellcheck=\"false\" class=\"input\" value=\"\" size=\"20\" \/>\n\t\t\t<\/p><p class=\"login-submit\">\n\t\t\t\t<input type=\"submit\" name=\"wp-submit\" id=\"wp-submit\" class=\"button button-primary\" value=\"Ingresar\" \/>\n\t\t\t\t<input type=\"hidden\" name=\"redirect_to\" value=\"https:\/\/incp.org.co\/tienda-online\/wp-json\/wp\/v2\/product\/775\" \/>\n\t\t\t<\/p><\/form><a class=\"wplf-lostpassword\" href=\"https:\/\/incp.org.co\/tienda-online\/my-account\/lost-password\/\">Lost your password?<\/a>\n","protected":false},"excerpt":{"rendered":"<p><strong>Examen (PIN\/Token) de ACCA: <\/strong><\/p>\n<p style=\"padding-left: 40px;\"><strong>N\u00famero de intentos: 3 <\/strong><\/p>\n<p style=\"padding-left: 40px;\"><strong>Plazo: 6 meses<\/strong><\/p>\n<p style=\"padding-left: 40px;\"><strong>Aprobaci\u00f3n con el 51%.<\/strong><\/p>\n","protected":false},"featured_media":792,"comment_status":"closed","ping_status":"closed","template":"","meta":[],"product_brand":[],"product_cat":[54,53],"product_tag":[],"class_list":{"0":"post-775","1":"product","2":"type-product","3":"status-publish","4":"has-post-thumbnail","6":"product_cat-auditoria-internacional","7":"product_cat-certificaciones","9":"first","10":"instock","11":"purchasable","12":"product-type-simple"},"yoast_head":"<!-- This site is optimized with the Yoast SEO plugin v27.3 - https:\/\/yoast.com\/product\/yoast-seo-wordpress\/ -->\n<title>Examen: Auditor\u00eda Internacional - Tienda Online<\/title>\n<meta name=\"robots\" content=\"index, follow, max-snippet:-1, max-image-preview:large, max-video-preview:-1\" \/>\n<link rel=\"canonical\" href=\"https:\/\/incp.org.co\/tienda-online\/product\/examen-auditoria-internacional\/\" \/>\n<meta property=\"og:locale\" content=\"es_ES\" \/>\n<meta property=\"og:type\" content=\"article\" \/>\n<meta property=\"og:title\" content=\"Examen: Auditor\u00eda Internacional - Tienda Online\" \/>\n<meta property=\"og:description\" content=\"Examen (PIN\/Token) de ACCA:  N\u00famero de intentos: 3  Plazo: 6 meses Aprobaci\u00f3n con el 51%.\" \/>\n<meta property=\"og:url\" content=\"https:\/\/incp.org.co\/tienda-online\/product\/examen-auditoria-internacional\/\" \/>\n<meta property=\"og:site_name\" content=\"Tienda Online\" \/>\n<meta property=\"article:modified_time\" content=\"2026-02-11T13:27:20+00:00\" \/>\n<meta property=\"og:image\" content=\"https:\/\/incp.org.co\/tienda-online\/wp-content\/uploads\/2020\/11\/examen-nia.jpg\" \/>\n\t<meta property=\"og:image:width\" content=\"800\" \/>\n\t<meta property=\"og:image:height\" content=\"446\" \/>\n\t<meta property=\"og:image:type\" content=\"image\/jpeg\" \/>\n<meta name=\"twitter:card\" content=\"summary_large_image\" \/>\n<meta name=\"twitter:label1\" content=\"Tiempo de lectura\" \/>\n\t<meta name=\"twitter:data1\" content=\"1 minuto\" \/>\n<script type=\"application\/ld+json\" class=\"yoast-schema-graph\">{\"@context\":\"https:\\\/\\\/schema.org\",\"@graph\":[{\"@type\":\"WebPage\",\"@id\":\"https:\\\/\\\/incp.org.co\\\/tienda-online\\\/product\\\/examen-auditoria-internacional\\\/\",\"url\":\"https:\\\/\\\/incp.org.co\\\/tienda-online\\\/product\\\/examen-auditoria-internacional\\\/\",\"name\":\"Examen: Auditor\u00eda Internacional - Tienda Online\",\"isPartOf\":{\"@id\":\"https:\\\/\\\/incp.org.co\\\/tienda-online\\\/#website\"},\"primaryImageOfPage\":{\"@id\":\"https:\\\/\\\/incp.org.co\\\/tienda-online\\\/product\\\/examen-auditoria-internacional\\\/#primaryimage\"},\"image\":{\"@id\":\"https:\\\/\\\/incp.org.co\\\/tienda-online\\\/product\\\/examen-auditoria-internacional\\\/#primaryimage\"},\"thumbnailUrl\":\"https:\\\/\\\/incp.org.co\\\/tienda-online\\\/wp-content\\\/uploads\\\/2020\\\/11\\\/examen-nia.jpg\",\"datePublished\":\"2020-11-09T01:21:31+00:00\",\"dateModified\":\"2026-02-11T13:27:20+00:00\",\"breadcrumb\":{\"@id\":\"https:\\\/\\\/incp.org.co\\\/tienda-online\\\/product\\\/examen-auditoria-internacional\\\/#breadcrumb\"},\"inLanguage\":\"es\",\"potentialAction\":[{\"@type\":\"ReadAction\",\"target\":[\"https:\\\/\\\/incp.org.co\\\/tienda-online\\\/product\\\/examen-auditoria-internacional\\\/\"]}]},{\"@type\":\"ImageObject\",\"inLanguage\":\"es\",\"@id\":\"https:\\\/\\\/incp.org.co\\\/tienda-online\\\/product\\\/examen-auditoria-internacional\\\/#primaryimage\",\"url\":\"https:\\\/\\\/incp.org.co\\\/tienda-online\\\/wp-content\\\/uploads\\\/2020\\\/11\\\/examen-nia.jpg\",\"contentUrl\":\"https:\\\/\\\/incp.org.co\\\/tienda-online\\\/wp-content\\\/uploads\\\/2020\\\/11\\\/examen-nia.jpg\",\"width\":800,\"height\":446},{\"@type\":\"BreadcrumbList\",\"@id\":\"https:\\\/\\\/incp.org.co\\\/tienda-online\\\/product\\\/examen-auditoria-internacional\\\/#breadcrumb\",\"itemListElement\":[{\"@type\":\"ListItem\",\"position\":1,\"name\":\"Portada\",\"item\":\"https:\\\/\\\/incp.org.co\\\/tienda-online\\\/\"},{\"@type\":\"ListItem\",\"position\":2,\"name\":\"shop\",\"item\":\"https:\\\/\\\/incp.org.co\\\/tienda-online\\\/shop-2-2\\\/\"},{\"@type\":\"ListItem\",\"position\":3,\"name\":\"Examen: Auditor\u00eda Internacional\"}]},{\"@type\":\"WebSite\",\"@id\":\"https:\\\/\\\/incp.org.co\\\/tienda-online\\\/#website\",\"url\":\"https:\\\/\\\/incp.org.co\\\/tienda-online\\\/\",\"name\":\"Tienda Online\",\"description\":\"\",\"publisher\":{\"@id\":\"https:\\\/\\\/incp.org.co\\\/tienda-online\\\/#organization\"},\"potentialAction\":[{\"@type\":\"SearchAction\",\"target\":{\"@type\":\"EntryPoint\",\"urlTemplate\":\"https:\\\/\\\/incp.org.co\\\/tienda-online\\\/?s={search_term_string}\"},\"query-input\":{\"@type\":\"PropertyValueSpecification\",\"valueRequired\":true,\"valueName\":\"search_term_string\"}}],\"inLanguage\":\"es\"},{\"@type\":\"Organization\",\"@id\":\"https:\\\/\\\/incp.org.co\\\/tienda-online\\\/#organization\",\"name\":\"Tienda INCP\",\"url\":\"https:\\\/\\\/incp.org.co\\\/tienda-online\\\/\",\"logo\":{\"@type\":\"ImageObject\",\"inLanguage\":\"es\",\"@id\":\"https:\\\/\\\/incp.org.co\\\/tienda-online\\\/#\\\/schema\\\/logo\\\/image\\\/\",\"url\":\"https:\\\/\\\/incp.org.co\\\/tienda-online\\\/wp-content\\\/uploads\\\/2020\\\/08\\\/Sin-t\u00edtulo-1-02-e1597256515126.png\",\"contentUrl\":\"https:\\\/\\\/incp.org.co\\\/tienda-online\\\/wp-content\\\/uploads\\\/2020\\\/08\\\/Sin-t\u00edtulo-1-02-e1597256515126.png\",\"width\":220,\"height\":170,\"caption\":\"Tienda INCP\"},\"image\":{\"@id\":\"https:\\\/\\\/incp.org.co\\\/tienda-online\\\/#\\\/schema\\\/logo\\\/image\\\/\"}}]}<\/script>\n<!-- \/ Yoast SEO plugin. -->","yoast_head_json":{"title":"Examen: Auditor\u00eda Internacional - Tienda Online","robots":{"index":"index","follow":"follow","max-snippet":"max-snippet:-1","max-image-preview":"max-image-preview:large","max-video-preview":"max-video-preview:-1"},"canonical":"https:\/\/incp.org.co\/tienda-online\/product\/examen-auditoria-internacional\/","og_locale":"es_ES","og_type":"article","og_title":"Examen: Auditor\u00eda Internacional - Tienda Online","og_description":"Examen (PIN\/Token) de ACCA:  N\u00famero de intentos: 3  Plazo: 6 meses Aprobaci\u00f3n con el 51%.","og_url":"https:\/\/incp.org.co\/tienda-online\/product\/examen-auditoria-internacional\/","og_site_name":"Tienda Online","article_modified_time":"2026-02-11T13:27:20+00:00","og_image":[{"width":800,"height":446,"url":"https:\/\/incp.org.co\/tienda-online\/wp-content\/uploads\/2020\/11\/examen-nia.jpg","type":"image\/jpeg"}],"twitter_card":"summary_large_image","twitter_misc":{"Tiempo de lectura":"1 minuto"},"schema":{"@context":"https:\/\/schema.org","@graph":[{"@type":"WebPage","@id":"https:\/\/incp.org.co\/tienda-online\/product\/examen-auditoria-internacional\/","url":"https:\/\/incp.org.co\/tienda-online\/product\/examen-auditoria-internacional\/","name":"Examen: Auditor\u00eda Internacional - Tienda Online","isPartOf":{"@id":"https:\/\/incp.org.co\/tienda-online\/#website"},"primaryImageOfPage":{"@id":"https:\/\/incp.org.co\/tienda-online\/product\/examen-auditoria-internacional\/#primaryimage"},"image":{"@id":"https:\/\/incp.org.co\/tienda-online\/product\/examen-auditoria-internacional\/#primaryimage"},"thumbnailUrl":"https:\/\/incp.org.co\/tienda-online\/wp-content\/uploads\/2020\/11\/examen-nia.jpg","datePublished":"2020-11-09T01:21:31+00:00","dateModified":"2026-02-11T13:27:20+00:00","breadcrumb":{"@id":"https:\/\/incp.org.co\/tienda-online\/product\/examen-auditoria-internacional\/#breadcrumb"},"inLanguage":"es","potentialAction":[{"@type":"ReadAction","target":["https:\/\/incp.org.co\/tienda-online\/product\/examen-auditoria-internacional\/"]}]},{"@type":"ImageObject","inLanguage":"es","@id":"https:\/\/incp.org.co\/tienda-online\/product\/examen-auditoria-internacional\/#primaryimage","url":"https:\/\/incp.org.co\/tienda-online\/wp-content\/uploads\/2020\/11\/examen-nia.jpg","contentUrl":"https:\/\/incp.org.co\/tienda-online\/wp-content\/uploads\/2020\/11\/examen-nia.jpg","width":800,"height":446},{"@type":"BreadcrumbList","@id":"https:\/\/incp.org.co\/tienda-online\/product\/examen-auditoria-internacional\/#breadcrumb","itemListElement":[{"@type":"ListItem","position":1,"name":"Portada","item":"https:\/\/incp.org.co\/tienda-online\/"},{"@type":"ListItem","position":2,"name":"shop","item":"https:\/\/incp.org.co\/tienda-online\/shop-2-2\/"},{"@type":"ListItem","position":3,"name":"Examen: Auditor\u00eda Internacional"}]},{"@type":"WebSite","@id":"https:\/\/incp.org.co\/tienda-online\/#website","url":"https:\/\/incp.org.co\/tienda-online\/","name":"Tienda Online","description":"","publisher":{"@id":"https:\/\/incp.org.co\/tienda-online\/#organization"},"potentialAction":[{"@type":"SearchAction","target":{"@type":"EntryPoint","urlTemplate":"https:\/\/incp.org.co\/tienda-online\/?s={search_term_string}"},"query-input":{"@type":"PropertyValueSpecification","valueRequired":true,"valueName":"search_term_string"}}],"inLanguage":"es"},{"@type":"Organization","@id":"https:\/\/incp.org.co\/tienda-online\/#organization","name":"Tienda INCP","url":"https:\/\/incp.org.co\/tienda-online\/","logo":{"@type":"ImageObject","inLanguage":"es","@id":"https:\/\/incp.org.co\/tienda-online\/#\/schema\/logo\/image\/","url":"https:\/\/incp.org.co\/tienda-online\/wp-content\/uploads\/2020\/08\/Sin-t\u00edtulo-1-02-e1597256515126.png","contentUrl":"https:\/\/incp.org.co\/tienda-online\/wp-content\/uploads\/2020\/08\/Sin-t\u00edtulo-1-02-e1597256515126.png","width":220,"height":170,"caption":"Tienda INCP"},"image":{"@id":"https:\/\/incp.org.co\/tienda-online\/#\/schema\/logo\/image\/"}}]}},"_links":{"self":[{"href":"https:\/\/incp.org.co\/tienda-online\/wp-json\/wp\/v2\/product\/775","targetHints":{"allow":["GET"]}}],"collection":[{"href":"https:\/\/incp.org.co\/tienda-online\/wp-json\/wp\/v2\/product"}],"about":[{"href":"https:\/\/incp.org.co\/tienda-online\/wp-json\/wp\/v2\/types\/product"}],"replies":[{"embeddable":true,"href":"https:\/\/incp.org.co\/tienda-online\/wp-json\/wp\/v2\/comments?post=775"}],"wp:featuredmedia":[{"embeddable":true,"href":"https:\/\/incp.org.co\/tienda-online\/wp-json\/wp\/v2\/media\/792"}],"wp:attachment":[{"href":"https:\/\/incp.org.co\/tienda-online\/wp-json\/wp\/v2\/media?parent=775"}],"wp:term":[{"taxonomy":"product_brand","embeddable":true,"href":"https:\/\/incp.org.co\/tienda-online\/wp-json\/wp\/v2\/product_brand?post=775"},{"taxonomy":"product_cat","embeddable":true,"href":"https:\/\/incp.org.co\/tienda-online\/wp-json\/wp\/v2\/product_cat?post=775"},{"taxonomy":"product_tag","embeddable":true,"href":"https:\/\/incp.org.co\/tienda-online\/wp-json\/wp\/v2\/product_tag?post=775"}],"curies":[{"name":"wp","href":"https:\/\/api.w.org\/{rel}","templated":true}]}}